{"id":493,"date":"2022-11-04T19:29:58","date_gmt":"2022-11-04T19:29:58","guid":{"rendered":"https:\/\/asic-chile.cl\/usm\/?page_id=493"},"modified":"2025-12-16T14:53:00","modified_gmt":"2025-12-16T14:53:00","slug":"lecturers","status":"publish","type":"page","link":"https:\/\/asic-chile.cl\/usm\/lecturers\/","title":{"rendered":"Lecturers"},"content":{"rendered":"\t\t<div data-elementor-type=\"wp-page\" data-elementor-id=\"493\" class=\"elementor elementor-493\">\n\t\t\t\t\t\t<section class=\"elementor-section elementor-top-section elementor-element elementor-element-6f269c3 elementor-section-boxed elementor-section-height-default elementor-section-height-default\" data-id=\"6f269c3\" data-element_type=\"section\" data-e-type=\"section\" data-settings=\"{&quot;background_background&quot;:&quot;classic&quot;}\">\n\t\t\t\t\t\t\t<div class=\"elementor-background-overlay\"><\/div>\n\t\t\t\t\t\t\t<div class=\"elementor-container elementor-column-gap-no\">\n\t\t\t\t\t<div class=\"elementor-column elementor-col-100 elementor-top-column elementor-element elementor-element-644e7d02\" data-id=\"644e7d02\" data-element_type=\"column\" data-e-type=\"column\">\n\t\t\t<div class=\"elementor-widget-wrap elementor-element-populated\">\n\t\t\t\t\t\t<div class=\"elementor-element elementor-element-d4feecc elementor-widget elementor-widget-spacer\" data-id=\"d4feecc\" data-element_type=\"widget\" data-e-type=\"widget\" data-widget_type=\"spacer.default\">\n\t\t\t\t<div class=\"elementor-widget-container\">\n\t\t\t\t\t\t\t<div class=\"elementor-spacer\">\n\t\t\t<div class=\"elementor-spacer-inner\"><\/div>\n\t\t<\/div>\n\t\t\t\t\t\t<\/div>\n\t\t\t\t<\/div>\n\t\t\t\t<div class=\"elementor-element elementor-element-3a5157b9 elementor-widget elementor-widget-heading\" data-id=\"3a5157b9\" data-element_type=\"widget\" data-e-type=\"widget\" data-widget_type=\"heading.default\">\n\t\t\t\t<div class=\"elementor-widget-container\">\n\t\t\t\t\t<h1 class=\"elementor-heading-title elementor-size-default\">Lecturers<\/h1>\t\t\t\t<\/div>\n\t\t\t\t<\/div>\n\t\t\t\t<div class=\"elementor-element elementor-element-1e957eb3 elementor-invisible elementor-widget elementor-widget-text-editor\" data-id=\"1e957eb3\" data-element_type=\"widget\" data-e-type=\"widget\" data-settings=\"{&quot;_animation&quot;:&quot;fadeIn&quot;}\" data-widget_type=\"text-editor.default\">\n\t\t\t\t<div class=\"elementor-widget-container\">\n\t\t\t\t\t\t\t\t\t<p class=\"p2\"><span class=\"s1\">July 7th \u2013 <\/span><span class=\"s1\">July 11th, 2025<br \/><\/span><span class=\"s1\">Av. Vicu\u00f1a Mackenna 3939,<br \/>Campus San Joaqu\u00edn, Edificio K, Piso 3, <br \/>Laboratorio K306 Universidad Santa Mar\u00eda.<\/span><\/p>\t\t\t\t\t\t\t\t<\/div>\n\t\t\t\t<\/div>\n\t\t\t\t<div class=\"elementor-element elementor-element-705f5be elementor-widget elementor-widget-spacer\" data-id=\"705f5be\" data-element_type=\"widget\" data-e-type=\"widget\" data-widget_type=\"spacer.default\">\n\t\t\t\t<div class=\"elementor-widget-container\">\n\t\t\t\t\t\t\t<div class=\"elementor-spacer\">\n\t\t\t<div class=\"elementor-spacer-inner\"><\/div>\n\t\t<\/div>\n\t\t\t\t\t\t<\/div>\n\t\t\t\t<\/div>\n\t\t\t\t\t<\/div>\n\t\t<\/div>\n\t\t\t\t\t<\/div>\n\t\t<\/section>\n\t\t\t\t<section class=\"elementor-section elementor-top-section elementor-element elementor-element-7fd67958 elementor-section-boxed elementor-section-height-default elementor-section-height-default\" data-id=\"7fd67958\" data-element_type=\"section\" data-e-type=\"section\">\n\t\t\t\t\t\t<div class=\"elementor-container elementor-column-gap-default\">\n\t\t\t\t\t<div class=\"elementor-column elementor-col-100 elementor-top-column elementor-element elementor-element-4db6ff8b\" data-id=\"4db6ff8b\" data-element_type=\"column\" data-e-type=\"column\">\n\t\t\t<div class=\"elementor-widget-wrap elementor-element-populated\">\n\t\t\t\t\t\t<div class=\"elementor-element elementor-element-118c0598 elementor-widget elementor-widget-spacer\" data-id=\"118c0598\" data-element_type=\"widget\" data-e-type=\"widget\" data-widget_type=\"spacer.default\">\n\t\t\t\t<div class=\"elementor-widget-container\">\n\t\t\t\t\t\t\t<div class=\"elementor-spacer\">\n\t\t\t<div class=\"elementor-spacer-inner\"><\/div>\n\t\t<\/div>\n\t\t\t\t\t\t<\/div>\n\t\t\t\t<\/div>\n\t\t\t\t\t<\/div>\n\t\t<\/div>\n\t\t\t\t\t<\/div>\n\t\t<\/section>\n\t\t\t\t<section class=\"elementor-section elementor-top-section elementor-element elementor-element-f6bbd9b elementor-section-boxed elementor-section-height-default elementor-section-height-default\" data-id=\"f6bbd9b\" data-element_type=\"section\" data-e-type=\"section\">\n\t\t\t\t\t\t<div class=\"elementor-container elementor-column-gap-default\">\n\t\t\t\t\t<div class=\"elementor-column elementor-col-50 elementor-top-column elementor-element elementor-element-78d8a5a1\" data-id=\"78d8a5a1\" data-element_type=\"column\" data-e-type=\"column\">\n\t\t\t<div class=\"elementor-widget-wrap elementor-element-populated\">\n\t\t\t\t\t\t<div class=\"elementor-element elementor-element-c594908 elementor-position-top elementor-widget elementor-widget-image-box\" data-id=\"c594908\" data-element_type=\"widget\" data-e-type=\"widget\" data-widget_type=\"image-box.default\">\n\t\t\t\t<div class=\"elementor-widget-container\">\n\t\t\t\t\t<div class=\"elementor-image-box-wrapper\"><figure class=\"elementor-image-box-img\"><img fetchpriority=\"high\" decoding=\"async\" width=\"205\" height=\"245\" src=\"https:\/\/asic-chile.cl\/usm\/wp-content\/uploads\/sites\/20\/2025\/05\/Alejandro_Estay.jpg\" class=\"attachment-full size-full wp-image-1416\" alt=\"\" \/><\/figure><div class=\"elementor-image-box-content\"><h3 class=\"elementor-image-box-title\">Alejandro Estay<\/h3><\/div><\/div>\t\t\t\t<\/div>\n\t\t\t\t<\/div>\n\t\t\t\t\t<\/div>\n\t\t<\/div>\n\t\t\t\t<div class=\"elementor-column elementor-col-50 elementor-top-column elementor-element elementor-element-3c49f801\" data-id=\"3c49f801\" data-element_type=\"column\" data-e-type=\"column\">\n\t\t\t<div class=\"elementor-widget-wrap elementor-element-populated\">\n\t\t\t\t\t\t<div class=\"elementor-element elementor-element-36a73a93 elementor-widget elementor-widget-text-editor\" data-id=\"36a73a93\" data-element_type=\"widget\" data-e-type=\"widget\" data-widget_type=\"text-editor.default\">\n\t\t\t\t<div class=\"elementor-widget-container\">\n\t\t\t\t\t\t\t\t\t<p><span data-contrast=\"auto\">Electronic Engineer from Universidad Cat\u00f3lica de Valparaiso (2019). <\/span><span data-contrast=\"auto\">Previous experience in electronic design for electronic warfare and RF. Working as Applications Engineer for Synopsys since 2022, for Formal Verification products. Digital Design Laboratory Instructor at Universidad Tecnica Federico Santa Maria since 2022 and contributing with teaching material since 2020.<\/span><span data-ccp-props=\"{&quot;201341983&quot;:0,&quot;335559739&quot;:0,&quot;335559740&quot;:240}\">\u00a0<\/span><\/p>\t\t\t\t\t\t\t\t<\/div>\n\t\t\t\t<\/div>\n\t\t\t\t\t<\/div>\n\t\t<\/div>\n\t\t\t\t\t<\/div>\n\t\t<\/section>\n\t\t\t\t<section class=\"elementor-section elementor-top-section elementor-element elementor-element-699c4c44 elementor-section-boxed elementor-section-height-default elementor-section-height-default\" data-id=\"699c4c44\" data-element_type=\"section\" data-e-type=\"section\">\n\t\t\t\t\t\t<div class=\"elementor-container elementor-column-gap-default\">\n\t\t\t\t\t<div class=\"elementor-column elementor-col-100 elementor-top-column elementor-element elementor-element-6221cb75\" data-id=\"6221cb75\" data-element_type=\"column\" data-e-type=\"column\">\n\t\t\t<div class=\"elementor-widget-wrap elementor-element-populated\">\n\t\t\t\t\t\t<div class=\"elementor-element elementor-element-6420c4e0 elementor-widget elementor-widget-spacer\" data-id=\"6420c4e0\" data-element_type=\"widget\" data-e-type=\"widget\" data-widget_type=\"spacer.default\">\n\t\t\t\t<div class=\"elementor-widget-container\">\n\t\t\t\t\t\t\t<div class=\"elementor-spacer\">\n\t\t\t<div class=\"elementor-spacer-inner\"><\/div>\n\t\t<\/div>\n\t\t\t\t\t\t<\/div>\n\t\t\t\t<\/div>\n\t\t\t\t\t<\/div>\n\t\t<\/div>\n\t\t\t\t\t<\/div>\n\t\t<\/section>\n\t\t\t\t<section class=\"elementor-section elementor-top-section elementor-element elementor-element-6c61b19c elementor-section-boxed elementor-section-height-default elementor-section-height-default\" data-id=\"6c61b19c\" data-element_type=\"section\" data-e-type=\"section\">\n\t\t\t\t\t\t<div class=\"elementor-container elementor-column-gap-default\">\n\t\t\t\t\t<div class=\"elementor-column elementor-col-50 elementor-top-column elementor-element elementor-element-2d8c3e48\" data-id=\"2d8c3e48\" data-element_type=\"column\" data-e-type=\"column\">\n\t\t\t<div class=\"elementor-widget-wrap elementor-element-populated\">\n\t\t\t\t\t\t<div class=\"elementor-element elementor-element-d3f634f elementor-position-top elementor-widget elementor-widget-image-box\" data-id=\"d3f634f\" data-element_type=\"widget\" data-e-type=\"widget\" data-widget_type=\"image-box.default\">\n\t\t\t\t<div class=\"elementor-widget-container\">\n\t\t\t\t\t<div class=\"elementor-image-box-wrapper\"><figure class=\"elementor-image-box-img\"><img decoding=\"async\" width=\"205\" height=\"245\" src=\"https:\/\/asic-chile.cl\/usm\/wp-content\/uploads\/sites\/20\/2022\/12\/Esteban-Viveros-1.jpg\" class=\"attachment-full size-full wp-image-924\" alt=\"\" \/><\/figure><div class=\"elementor-image-box-content\"><h3 class=\"elementor-image-box-title\">Esteban Viveros<\/h3><\/div><\/div>\t\t\t\t<\/div>\n\t\t\t\t<\/div>\n\t\t\t\t\t<\/div>\n\t\t<\/div>\n\t\t\t\t<div class=\"elementor-column elementor-col-50 elementor-top-column elementor-element elementor-element-6627c9ef\" data-id=\"6627c9ef\" data-element_type=\"column\" data-e-type=\"column\">\n\t\t\t<div class=\"elementor-widget-wrap elementor-element-populated\">\n\t\t\t\t\t\t<div class=\"elementor-element elementor-element-5b81e581 elementor-widget elementor-widget-text-editor\" data-id=\"5b81e581\" data-element_type=\"widget\" data-e-type=\"widget\" data-widget_type=\"text-editor.default\">\n\t\t\t\t<div class=\"elementor-widget-container\">\n\t\t\t\t\t\t\t\t\t<p>Esteban Viveros is an Electronic Engineer from Universidad de Concepci\u00f3n (Concepcion, Chile).<br \/>He started to work at Synopsys on December 2013 as Quality Engineer and now he is R&amp;D Manager of a team in Chile Site.<br \/>The PV team is part of the Digital Design Group (DDG) and works on the &#8220;Product Validation&#8221; of the Synopsys tools used for RTL Synthesis, Test, Physical Implementation (Place and Route), Formal Verification and Sign-off.<br \/>His team is responsible of the quality of the tools focusing on the stability, performance, usability and QoR (Quality of Results).<br \/>The team interacts daily with colleagues and internal\/external customers in different parts of the world (mainly US, China and Taiwan).<br \/>Besides that, Esteban actively collaborates on the university training activities dictated by Synopsys Chile.<\/p>\t\t\t\t\t\t\t\t<\/div>\n\t\t\t\t<\/div>\n\t\t\t\t\t<\/div>\n\t\t<\/div>\n\t\t\t\t\t<\/div>\n\t\t<\/section>\n\t\t\t\t<section class=\"elementor-section elementor-top-section elementor-element elementor-element-3b0b5777 elementor-section-boxed elementor-section-height-default elementor-section-height-default\" data-id=\"3b0b5777\" data-element_type=\"section\" data-e-type=\"section\">\n\t\t\t\t\t\t<div class=\"elementor-container elementor-column-gap-default\">\n\t\t\t\t\t<div class=\"elementor-column elementor-col-100 elementor-top-column elementor-element elementor-element-b3b3444\" data-id=\"b3b3444\" data-element_type=\"column\" data-e-type=\"column\">\n\t\t\t<div class=\"elementor-widget-wrap elementor-element-populated\">\n\t\t\t\t\t\t<div class=\"elementor-element elementor-element-76e028d9 elementor-widget elementor-widget-spacer\" data-id=\"76e028d9\" data-element_type=\"widget\" data-e-type=\"widget\" data-widget_type=\"spacer.default\">\n\t\t\t\t<div class=\"elementor-widget-container\">\n\t\t\t\t\t\t\t<div class=\"elementor-spacer\">\n\t\t\t<div class=\"elementor-spacer-inner\"><\/div>\n\t\t<\/div>\n\t\t\t\t\t\t<\/div>\n\t\t\t\t<\/div>\n\t\t\t\t\t<\/div>\n\t\t<\/div>\n\t\t\t\t\t<\/div>\n\t\t<\/section>\n\t\t\t\t<section class=\"elementor-section elementor-top-section elementor-element elementor-element-380e5414 elementor-section-boxed elementor-section-height-default elementor-section-height-default\" data-id=\"380e5414\" data-element_type=\"section\" data-e-type=\"section\">\n\t\t\t\t\t\t<div class=\"elementor-container elementor-column-gap-default\">\n\t\t\t\t\t<div class=\"elementor-column elementor-col-50 elementor-top-column elementor-element elementor-element-6d8bad46\" data-id=\"6d8bad46\" data-element_type=\"column\" data-e-type=\"column\">\n\t\t\t<div class=\"elementor-widget-wrap elementor-element-populated\">\n\t\t\t\t\t\t<div class=\"elementor-element elementor-element-cfe33b7 elementor-position-top elementor-widget elementor-widget-image-box\" data-id=\"cfe33b7\" data-element_type=\"widget\" data-e-type=\"widget\" data-widget_type=\"image-box.default\">\n\t\t\t\t<div class=\"elementor-widget-container\">\n\t\t\t\t\t<div class=\"elementor-image-box-wrapper\"><figure class=\"elementor-image-box-img\"><img decoding=\"async\" width=\"2142\" height=\"2560\" src=\"https:\/\/asic-chile.cl\/usm\/wp-content\/uploads\/sites\/20\/2025\/05\/Benjamin-Villegas-scaled.png\" class=\"attachment-full size-full wp-image-1415\" alt=\"\" srcset=\"https:\/\/asic-chile.cl\/usm\/wp-content\/uploads\/sites\/20\/2025\/05\/Benjamin-Villegas-scaled.png 2142w, https:\/\/asic-chile.cl\/usm\/wp-content\/uploads\/sites\/20\/2025\/05\/Benjamin-Villegas-251x300.png 251w, https:\/\/asic-chile.cl\/usm\/wp-content\/uploads\/sites\/20\/2025\/05\/Benjamin-Villegas-857x1024.png 857w, https:\/\/asic-chile.cl\/usm\/wp-content\/uploads\/sites\/20\/2025\/05\/Benjamin-Villegas-768x918.png 768w, https:\/\/asic-chile.cl\/usm\/wp-content\/uploads\/sites\/20\/2025\/05\/Benjamin-Villegas-1285x1536.png 1285w, https:\/\/asic-chile.cl\/usm\/wp-content\/uploads\/sites\/20\/2025\/05\/Benjamin-Villegas-1714x2048.png 1714w\" sizes=\"(max-width: 2142px) 100vw, 2142px\" \/><\/figure><div class=\"elementor-image-box-content\"><h3 class=\"elementor-image-box-title\">Benjam\u00edn Villegas<\/h3><\/div><\/div>\t\t\t\t<\/div>\n\t\t\t\t<\/div>\n\t\t\t\t\t<\/div>\n\t\t<\/div>\n\t\t\t\t<div class=\"elementor-column elementor-col-50 elementor-top-column elementor-element elementor-element-1d47ad33\" data-id=\"1d47ad33\" data-element_type=\"column\" data-e-type=\"column\">\n\t\t\t<div class=\"elementor-widget-wrap elementor-element-populated\">\n\t\t\t\t\t\t<div class=\"elementor-element elementor-element-7c1d9407 elementor-widget elementor-widget-text-editor\" data-id=\"7c1d9407\" data-element_type=\"widget\" data-e-type=\"widget\" data-widget_type=\"text-editor.default\">\n\t\t\t\t<div class=\"elementor-widget-container\">\n\t\t\t\t\t\t\t\t\t<p>Benjam\u00edn Villegas has a Master of Science (MSc.) in Electronic Engineering with a minor in Computers, from the Universidad T\u00e9cnica Federico Santa Mar\u00eda (UTFSM) in Valparaiso, Chile. He currently works as a product engineer (PE) at Synopsys since March 2024, supporting Power Analysis capabilities of Synthesis and Place &amp; Route tools. While pursuing his master\u2019s degree, he worked as a research assistant with a focus on microelectronic design, RISC-V and System on Chip (SoC) technology. He has also performed research in topics related to data science, machine learning (ML) and Internet of Things (IoT).<\/p>\t\t\t\t\t\t\t\t<\/div>\n\t\t\t\t<\/div>\n\t\t\t\t\t<\/div>\n\t\t<\/div>\n\t\t\t\t\t<\/div>\n\t\t<\/section>\n\t\t\t\t<section class=\"elementor-section elementor-top-section elementor-element elementor-element-568f47d4 elementor-section-boxed elementor-section-height-default elementor-section-height-default\" data-id=\"568f47d4\" data-element_type=\"section\" data-e-type=\"section\">\n\t\t\t\t\t\t<div class=\"elementor-container elementor-column-gap-default\">\n\t\t\t\t\t<div class=\"elementor-column elementor-col-100 elementor-top-column elementor-element elementor-element-39e73680\" data-id=\"39e73680\" data-element_type=\"column\" data-e-type=\"column\">\n\t\t\t<div class=\"elementor-widget-wrap elementor-element-populated\">\n\t\t\t\t\t\t<div class=\"elementor-element elementor-element-28ddc48 elementor-widget elementor-widget-spacer\" data-id=\"28ddc48\" data-element_type=\"widget\" data-e-type=\"widget\" data-widget_type=\"spacer.default\">\n\t\t\t\t<div class=\"elementor-widget-container\">\n\t\t\t\t\t\t\t<div class=\"elementor-spacer\">\n\t\t\t<div class=\"elementor-spacer-inner\"><\/div>\n\t\t<\/div>\n\t\t\t\t\t\t<\/div>\n\t\t\t\t<\/div>\n\t\t\t\t\t<\/div>\n\t\t<\/div>\n\t\t\t\t\t<\/div>\n\t\t<\/section>\n\t\t\t\t<\/div>\n\t\t","protected":false},"excerpt":{"rendered":"<p>Lecturers July 7th \u2013 July 11th, 2025Av. Vicu\u00f1a Mackenna 3939,Campus San Joaqu\u00edn, Edificio K, Piso 3, Laboratorio K306 Universidad Santa Mar\u00eda. Alejandro Estay Electronic Engineer from Universidad Cat\u00f3lica de Valparaiso (2019). Previous experience in electronic design for electronic warfare and RF. Working as Applications Engineer for Synopsys since 2022, for Formal Verification products. Digital Design [&hellip;]<\/p>\n","protected":false},"author":2,"featured_media":0,"parent":0,"menu_order":0,"comment_status":"closed","ping_status":"closed","template":"elementor_header_footer","meta":{"_acf_changed":false,"footnotes":""},"class_list":["post-493","page","type-page","status-publish","hentry"],"acf":[],"yoast_head":"<!-- This site is optimized with the Yoast SEO plugin v27.1.1 - https:\/\/yoast.com\/product\/yoast-seo-wordpress\/ -->\n<title>Lecturers - IC DESIGN BOOTCAMP USM<\/title>\n<meta name=\"robots\" content=\"index, follow, max-snippet:-1, max-image-preview:large, max-video-preview:-1\" \/>\n<link rel=\"canonical\" href=\"https:\/\/asic-chile.cl\/usm\/lecturers\/\" \/>\n<meta property=\"og:locale\" content=\"en_US\" \/>\n<meta property=\"og:type\" content=\"article\" \/>\n<meta property=\"og:title\" content=\"Lecturers - IC DESIGN BOOTCAMP USM\" \/>\n<meta property=\"og:description\" content=\"Lecturers July 7th \u2013 July 11th, 2025Av. Vicu\u00f1a Mackenna 3939,Campus San Joaqu\u00edn, Edificio K, Piso 3, Laboratorio K306 Universidad Santa Mar\u00eda. Alejandro Estay Electronic Engineer from Universidad Cat\u00f3lica de Valparaiso (2019). Previous experience in electronic design for electronic warfare and RF. Working as Applications Engineer for Synopsys since 2022, for Formal Verification products. Digital Design [&hellip;]\" \/>\n<meta property=\"og:url\" content=\"https:\/\/asic-chile.cl\/usm\/lecturers\/\" \/>\n<meta property=\"og:site_name\" content=\"IC DESIGN BOOTCAMP USM\" \/>\n<meta property=\"article:modified_time\" content=\"2025-12-16T14:53:00+00:00\" \/>\n<meta property=\"og:image\" content=\"https:\/\/asic-chile.cl\/usm\/wp-content\/uploads\/sites\/20\/2025\/05\/Alejandro_Estay.jpg\" \/>\n\t<meta property=\"og:image:width\" content=\"205\" \/>\n\t<meta property=\"og:image:height\" content=\"245\" \/>\n\t<meta property=\"og:image:type\" content=\"image\/jpeg\" \/>\n<meta name=\"twitter:card\" content=\"summary_large_image\" \/>\n<meta name=\"twitter:label1\" content=\"Est. reading time\" \/>\n\t<meta name=\"twitter:data1\" content=\"2 minutes\" \/>\n<script type=\"application\/ld+json\" class=\"yoast-schema-graph\">{\"@context\":\"https:\/\/schema.org\",\"@graph\":[{\"@type\":\"WebPage\",\"@id\":\"https:\/\/asic-chile.cl\/usm\/lecturers\/\",\"url\":\"https:\/\/asic-chile.cl\/usm\/lecturers\/\",\"name\":\"Lecturers - IC DESIGN BOOTCAMP USM\",\"isPartOf\":{\"@id\":\"https:\/\/asic-chile.cl\/usm\/#website\"},\"primaryImageOfPage\":{\"@id\":\"https:\/\/asic-chile.cl\/usm\/lecturers\/#primaryimage\"},\"image\":{\"@id\":\"https:\/\/asic-chile.cl\/usm\/lecturers\/#primaryimage\"},\"thumbnailUrl\":\"https:\/\/asic-chile.cl\/usm\/wp-content\/uploads\/sites\/20\/2025\/05\/Alejandro_Estay.jpg\",\"datePublished\":\"2022-11-04T19:29:58+00:00\",\"dateModified\":\"2025-12-16T14:53:00+00:00\",\"breadcrumb\":{\"@id\":\"https:\/\/asic-chile.cl\/usm\/lecturers\/#breadcrumb\"},\"inLanguage\":\"en-US\",\"potentialAction\":[{\"@type\":\"ReadAction\",\"target\":[\"https:\/\/asic-chile.cl\/usm\/lecturers\/\"]}]},{\"@type\":\"ImageObject\",\"inLanguage\":\"en-US\",\"@id\":\"https:\/\/asic-chile.cl\/usm\/lecturers\/#primaryimage\",\"url\":\"https:\/\/asic-chile.cl\/usm\/wp-content\/uploads\/sites\/20\/2025\/05\/Alejandro_Estay.jpg\",\"contentUrl\":\"https:\/\/asic-chile.cl\/usm\/wp-content\/uploads\/sites\/20\/2025\/05\/Alejandro_Estay.jpg\",\"width\":205,\"height\":245},{\"@type\":\"BreadcrumbList\",\"@id\":\"https:\/\/asic-chile.cl\/usm\/lecturers\/#breadcrumb\",\"itemListElement\":[{\"@type\":\"ListItem\",\"position\":1,\"name\":\"Home\",\"item\":\"https:\/\/asic-chile.cl\/usm\/\"},{\"@type\":\"ListItem\",\"position\":2,\"name\":\"Lecturers\"}]},{\"@type\":\"WebSite\",\"@id\":\"https:\/\/asic-chile.cl\/usm\/#website\",\"url\":\"https:\/\/asic-chile.cl\/usm\/\",\"name\":\"IC DESIGN BOOTCAMP USM\",\"description\":\" LATAM Digital IC Design Bootcamp - USM\",\"potentialAction\":[{\"@type\":\"SearchAction\",\"target\":{\"@type\":\"EntryPoint\",\"urlTemplate\":\"https:\/\/asic-chile.cl\/usm\/?s={search_term_string}\"},\"query-input\":{\"@type\":\"PropertyValueSpecification\",\"valueRequired\":true,\"valueName\":\"search_term_string\"}}],\"inLanguage\":\"en-US\"}]}<\/script>\n<!-- \/ Yoast SEO plugin. -->","yoast_head_json":{"title":"Lecturers - IC DESIGN BOOTCAMP USM","robots":{"index":"index","follow":"follow","max-snippet":"max-snippet:-1","max-image-preview":"max-image-preview:large","max-video-preview":"max-video-preview:-1"},"canonical":"https:\/\/asic-chile.cl\/usm\/lecturers\/","og_locale":"en_US","og_type":"article","og_title":"Lecturers - IC DESIGN BOOTCAMP USM","og_description":"Lecturers July 7th \u2013 July 11th, 2025Av. Vicu\u00f1a Mackenna 3939,Campus San Joaqu\u00edn, Edificio K, Piso 3, Laboratorio K306 Universidad Santa Mar\u00eda. Alejandro Estay Electronic Engineer from Universidad Cat\u00f3lica de Valparaiso (2019). Previous experience in electronic design for electronic warfare and RF. Working as Applications Engineer for Synopsys since 2022, for Formal Verification products. Digital Design [&hellip;]","og_url":"https:\/\/asic-chile.cl\/usm\/lecturers\/","og_site_name":"IC DESIGN BOOTCAMP USM","article_modified_time":"2025-12-16T14:53:00+00:00","og_image":[{"width":205,"height":245,"url":"https:\/\/asic-chile.cl\/usm\/wp-content\/uploads\/sites\/20\/2025\/05\/Alejandro_Estay.jpg","type":"image\/jpeg"}],"twitter_card":"summary_large_image","twitter_misc":{"Est. reading time":"2 minutes"},"schema":{"@context":"https:\/\/schema.org","@graph":[{"@type":"WebPage","@id":"https:\/\/asic-chile.cl\/usm\/lecturers\/","url":"https:\/\/asic-chile.cl\/usm\/lecturers\/","name":"Lecturers - IC DESIGN BOOTCAMP USM","isPartOf":{"@id":"https:\/\/asic-chile.cl\/usm\/#website"},"primaryImageOfPage":{"@id":"https:\/\/asic-chile.cl\/usm\/lecturers\/#primaryimage"},"image":{"@id":"https:\/\/asic-chile.cl\/usm\/lecturers\/#primaryimage"},"thumbnailUrl":"https:\/\/asic-chile.cl\/usm\/wp-content\/uploads\/sites\/20\/2025\/05\/Alejandro_Estay.jpg","datePublished":"2022-11-04T19:29:58+00:00","dateModified":"2025-12-16T14:53:00+00:00","breadcrumb":{"@id":"https:\/\/asic-chile.cl\/usm\/lecturers\/#breadcrumb"},"inLanguage":"en-US","potentialAction":[{"@type":"ReadAction","target":["https:\/\/asic-chile.cl\/usm\/lecturers\/"]}]},{"@type":"ImageObject","inLanguage":"en-US","@id":"https:\/\/asic-chile.cl\/usm\/lecturers\/#primaryimage","url":"https:\/\/asic-chile.cl\/usm\/wp-content\/uploads\/sites\/20\/2025\/05\/Alejandro_Estay.jpg","contentUrl":"https:\/\/asic-chile.cl\/usm\/wp-content\/uploads\/sites\/20\/2025\/05\/Alejandro_Estay.jpg","width":205,"height":245},{"@type":"BreadcrumbList","@id":"https:\/\/asic-chile.cl\/usm\/lecturers\/#breadcrumb","itemListElement":[{"@type":"ListItem","position":1,"name":"Home","item":"https:\/\/asic-chile.cl\/usm\/"},{"@type":"ListItem","position":2,"name":"Lecturers"}]},{"@type":"WebSite","@id":"https:\/\/asic-chile.cl\/usm\/#website","url":"https:\/\/asic-chile.cl\/usm\/","name":"IC DESIGN BOOTCAMP USM","description":" LATAM Digital IC Design Bootcamp - USM","potentialAction":[{"@type":"SearchAction","target":{"@type":"EntryPoint","urlTemplate":"https:\/\/asic-chile.cl\/usm\/?s={search_term_string}"},"query-input":{"@type":"PropertyValueSpecification","valueRequired":true,"valueName":"search_term_string"}}],"inLanguage":"en-US"}]}},"_links":{"self":[{"href":"https:\/\/asic-chile.cl\/usm\/wp-json\/wp\/v2\/pages\/493","targetHints":{"allow":["GET"]}}],"collection":[{"href":"https:\/\/asic-chile.cl\/usm\/wp-json\/wp\/v2\/pages"}],"about":[{"href":"https:\/\/asic-chile.cl\/usm\/wp-json\/wp\/v2\/types\/page"}],"author":[{"embeddable":true,"href":"https:\/\/asic-chile.cl\/usm\/wp-json\/wp\/v2\/users\/2"}],"replies":[{"embeddable":true,"href":"https:\/\/asic-chile.cl\/usm\/wp-json\/wp\/v2\/comments?post=493"}],"version-history":[{"count":6,"href":"https:\/\/asic-chile.cl\/usm\/wp-json\/wp\/v2\/pages\/493\/revisions"}],"predecessor-version":[{"id":1504,"href":"https:\/\/asic-chile.cl\/usm\/wp-json\/wp\/v2\/pages\/493\/revisions\/1504"}],"wp:attachment":[{"href":"https:\/\/asic-chile.cl\/usm\/wp-json\/wp\/v2\/media?parent=493"}],"curies":[{"name":"wp","href":"https:\/\/api.w.org\/{rel}","templated":true}]}}