{"id":493,"date":"2022-11-04T19:29:58","date_gmt":"2022-11-04T19:29:58","guid":{"rendered":"https:\/\/asic-chile.cl\/icbootcampbb\/?page_id=493"},"modified":"2025-12-17T20:43:31","modified_gmt":"2025-12-17T20:43:31","slug":"lecturers","status":"publish","type":"page","link":"https:\/\/asic-chile.cl\/tecmx2\/lecturers\/","title":{"rendered":"Lecturers"},"content":{"rendered":"\t\t<div data-elementor-type=\"wp-page\" data-elementor-id=\"493\" class=\"elementor elementor-493\">\n\t\t\t\t\t\t<section class=\"elementor-section elementor-top-section elementor-element elementor-element-c2ea8b2 elementor-section-boxed elementor-section-height-default elementor-section-height-default\" data-id=\"c2ea8b2\" data-element_type=\"section\" data-e-type=\"section\" data-settings=\"{&quot;background_background&quot;:&quot;classic&quot;}\">\n\t\t\t\t\t\t\t<div class=\"elementor-background-overlay\"><\/div>\n\t\t\t\t\t\t\t<div class=\"elementor-container elementor-column-gap-no\">\n\t\t\t\t\t<div class=\"elementor-column elementor-col-100 elementor-top-column elementor-element elementor-element-6ef623a\" data-id=\"6ef623a\" data-element_type=\"column\" data-e-type=\"column\">\n\t\t\t<div class=\"elementor-widget-wrap elementor-element-populated\">\n\t\t\t\t\t\t<div class=\"elementor-element elementor-element-7a58b7a elementor-widget elementor-widget-spacer\" data-id=\"7a58b7a\" data-element_type=\"widget\" data-e-type=\"widget\" data-widget_type=\"spacer.default\">\n\t\t\t\t<div class=\"elementor-widget-container\">\n\t\t\t\t\t\t\t<div class=\"elementor-spacer\">\n\t\t\t<div class=\"elementor-spacer-inner\"><\/div>\n\t\t<\/div>\n\t\t\t\t\t\t<\/div>\n\t\t\t\t<\/div>\n\t\t\t\t<div class=\"elementor-element elementor-element-06fde02 elementor-widget elementor-widget-heading\" data-id=\"06fde02\" data-element_type=\"widget\" data-e-type=\"widget\" data-widget_type=\"heading.default\">\n\t\t\t\t<div class=\"elementor-widget-container\">\n\t\t\t\t\t<h1 class=\"elementor-heading-title elementor-size-default\">Lecturers<\/h1>\t\t\t\t<\/div>\n\t\t\t\t<\/div>\n\t\t\t\t<div class=\"elementor-element elementor-element-8ce8e65 elementor-widget elementor-widget-heading\" data-id=\"8ce8e65\" data-element_type=\"widget\" data-e-type=\"widget\" data-widget_type=\"heading.default\">\n\t\t\t\t<div class=\"elementor-widget-container\">\n\t\t\t\t\t<h5 class=\"elementor-heading-title elementor-size-default\">January 19th \u2013 23rd, 2026 | 9:00 AM \u2013 6:00 PM daily<\/h5>\t\t\t\t<\/div>\n\t\t\t\t<\/div>\n\t\t\t\t<div class=\"elementor-element elementor-element-221690b elementor-widget elementor-widget-heading\" data-id=\"221690b\" data-element_type=\"widget\" data-e-type=\"widget\" data-widget_type=\"heading.default\">\n\t\t\t\t<div class=\"elementor-widget-container\">\n\t\t\t\t\t<h5 class=\"elementor-heading-title elementor-size-default\"><strong>Tecnol\u00f3gico de Monterrey<\/strong> <br>\nAv. Eugenio Garza Sada 2501 Sur, Tecnol\u00f3gico, 64700 Monterrey, N.L<br>\n<\/h5>\t\t\t\t<\/div>\n\t\t\t\t<\/div>\n\t\t\t\t<div class=\"elementor-element elementor-element-0e1dd8a elementor-widget elementor-widget-spacer\" data-id=\"0e1dd8a\" data-element_type=\"widget\" data-e-type=\"widget\" data-widget_type=\"spacer.default\">\n\t\t\t\t<div class=\"elementor-widget-container\">\n\t\t\t\t\t\t\t<div class=\"elementor-spacer\">\n\t\t\t<div class=\"elementor-spacer-inner\"><\/div>\n\t\t<\/div>\n\t\t\t\t\t\t<\/div>\n\t\t\t\t<\/div>\n\t\t\t\t\t<\/div>\n\t\t<\/div>\n\t\t\t\t\t<\/div>\n\t\t<\/section>\n\t\t\t\t<section class=\"elementor-section elementor-top-section elementor-element elementor-element-7fd67958 elementor-section-boxed elementor-section-height-default elementor-section-height-default\" data-id=\"7fd67958\" data-element_type=\"section\" data-e-type=\"section\" id=\"grimblatt\">\n\t\t\t\t\t\t<div class=\"elementor-container elementor-column-gap-default\">\n\t\t\t\t\t<div class=\"elementor-column elementor-col-100 elementor-top-column elementor-element elementor-element-4db6ff8b\" data-id=\"4db6ff8b\" data-element_type=\"column\" data-e-type=\"column\">\n\t\t\t<div class=\"elementor-widget-wrap elementor-element-populated\">\n\t\t\t\t\t\t<div class=\"elementor-element elementor-element-118c0598 elementor-widget elementor-widget-spacer\" data-id=\"118c0598\" data-element_type=\"widget\" data-e-type=\"widget\" data-widget_type=\"spacer.default\">\n\t\t\t\t<div class=\"elementor-widget-container\">\n\t\t\t\t\t\t\t<div class=\"elementor-spacer\">\n\t\t\t<div class=\"elementor-spacer-inner\"><\/div>\n\t\t<\/div>\n\t\t\t\t\t\t<\/div>\n\t\t\t\t<\/div>\n\t\t\t\t\t<\/div>\n\t\t<\/div>\n\t\t\t\t\t<\/div>\n\t\t<\/section>\n\t\t\t\t<section class=\"elementor-section elementor-top-section elementor-element elementor-element-8901853 elementor-hidden-mobile elementor-section-boxed elementor-section-height-default elementor-section-height-default\" data-id=\"8901853\" data-element_type=\"section\" data-e-type=\"section\">\n\t\t\t\t\t\t<div class=\"elementor-container elementor-column-gap-default\">\n\t\t\t\t\t<div class=\"elementor-column elementor-col-50 elementor-top-column elementor-element elementor-element-4e255e7\" data-id=\"4e255e7\" data-element_type=\"column\" data-e-type=\"column\">\n\t\t\t<div class=\"elementor-widget-wrap elementor-element-populated\">\n\t\t\t\t\t\t<div class=\"elementor-element elementor-element-7e89fa8 elementor-position-top elementor-widget elementor-widget-image-box\" data-id=\"7e89fa8\" data-element_type=\"widget\" data-e-type=\"widget\" data-widget_type=\"image-box.default\">\n\t\t\t\t<div class=\"elementor-widget-container\">\n\t\t\t\t\t<div class=\"elementor-image-box-wrapper\"><figure class=\"elementor-image-box-img\"><img fetchpriority=\"high\" decoding=\"async\" width=\"502\" height=\"600\" src=\"https:\/\/asic-chile.cl\/tecmx2\/wp-content\/uploads\/sites\/23\/2025\/12\/Joan-Santamaria.png\" class=\"attachment-full size-full wp-image-2247\" alt=\"\" srcset=\"https:\/\/asic-chile.cl\/tecmx2\/wp-content\/uploads\/sites\/23\/2025\/12\/Joan-Santamaria.png 502w, https:\/\/asic-chile.cl\/tecmx2\/wp-content\/uploads\/sites\/23\/2025\/12\/Joan-Santamaria-251x300.png 251w\" sizes=\"(max-width: 502px) 100vw, 502px\" \/><\/figure><div class=\"elementor-image-box-content\"><h3 class=\"elementor-image-box-title\">Joan Santamar\u00eda<\/h3><\/div><\/div>\t\t\t\t<\/div>\n\t\t\t\t<\/div>\n\t\t\t\t\t<\/div>\n\t\t<\/div>\n\t\t\t\t<div class=\"elementor-column elementor-col-50 elementor-top-column elementor-element elementor-element-91c27f3\" data-id=\"91c27f3\" data-element_type=\"column\" data-e-type=\"column\">\n\t\t\t<div class=\"elementor-widget-wrap elementor-element-populated\">\n\t\t\t\t\t\t<div class=\"elementor-element elementor-element-2bc93bf elementor-widget elementor-widget-text-editor\" data-id=\"2bc93bf\" data-element_type=\"widget\" data-e-type=\"widget\" data-widget_type=\"text-editor.default\">\n\t\t\t\t<div class=\"elementor-widget-container\">\n\t\t\t\t\t\t\t\t\t<p>Joan Santamar\u00eda is an Electronic Engineer graduated from Universidad Industrial de Santander (UIS) in Colombia. He has academic experience in Analog IC design and testing. He joined Synopsys in 2022 as an Applications Engineer, providing customer support for the company&#8217;s functional verification tools VCS and Verdi.<\/p>\t\t\t\t\t\t\t\t<\/div>\n\t\t\t\t<\/div>\n\t\t\t\t\t<\/div>\n\t\t<\/div>\n\t\t\t\t\t<\/div>\n\t\t<\/section>\n\t\t\t\t<section class=\"elementor-section elementor-top-section elementor-element elementor-element-f1df0e6 elementor-section-boxed elementor-section-height-default elementor-section-height-default\" data-id=\"f1df0e6\" data-element_type=\"section\" data-e-type=\"section\">\n\t\t\t\t\t\t<div class=\"elementor-container elementor-column-gap-default\">\n\t\t\t\t\t<div class=\"elementor-column elementor-col-100 elementor-top-column elementor-element elementor-element-68005cc\" data-id=\"68005cc\" data-element_type=\"column\" data-e-type=\"column\">\n\t\t\t<div class=\"elementor-widget-wrap elementor-element-populated\">\n\t\t\t\t\t\t<div class=\"elementor-element elementor-element-32683d5 elementor-widget elementor-widget-spacer\" data-id=\"32683d5\" data-element_type=\"widget\" data-e-type=\"widget\" data-widget_type=\"spacer.default\">\n\t\t\t\t<div class=\"elementor-widget-container\">\n\t\t\t\t\t\t\t<div class=\"elementor-spacer\">\n\t\t\t<div class=\"elementor-spacer-inner\"><\/div>\n\t\t<\/div>\n\t\t\t\t\t\t<\/div>\n\t\t\t\t<\/div>\n\t\t\t\t\t<\/div>\n\t\t<\/div>\n\t\t\t\t\t<\/div>\n\t\t<\/section>\n\t\t\t\t<section class=\"elementor-section elementor-top-section elementor-element elementor-element-ce2c713 elementor-section-boxed elementor-section-height-default elementor-section-height-default\" data-id=\"ce2c713\" data-element_type=\"section\" data-e-type=\"section\" id=\"martinez\">\n\t\t\t\t\t\t<div class=\"elementor-container elementor-column-gap-default\">\n\t\t\t\t\t<div class=\"elementor-column elementor-col-50 elementor-top-column elementor-element elementor-element-ccd9594\" data-id=\"ccd9594\" data-element_type=\"column\" data-e-type=\"column\">\n\t\t\t<div class=\"elementor-widget-wrap elementor-element-populated\">\n\t\t\t\t\t\t<div class=\"elementor-element elementor-element-3f39035 elementor-position-top elementor-widget elementor-widget-image-box\" data-id=\"3f39035\" data-element_type=\"widget\" data-e-type=\"widget\" data-widget_type=\"image-box.default\">\n\t\t\t\t<div class=\"elementor-widget-container\">\n\t\t\t\t\t<div class=\"elementor-image-box-wrapper\"><figure class=\"elementor-image-box-img\"><img decoding=\"async\" width=\"2142\" height=\"2560\" src=\"https:\/\/asic-chile.cl\/tecmx2\/wp-content\/uploads\/sites\/23\/2025\/06\/Benjamin-Villegas-scaled-3.png\" class=\"attachment-full size-full wp-image-1997\" alt=\"\" srcset=\"https:\/\/asic-chile.cl\/tecmx2\/wp-content\/uploads\/sites\/23\/2025\/06\/Benjamin-Villegas-scaled-3.png 2142w, https:\/\/asic-chile.cl\/tecmx2\/wp-content\/uploads\/sites\/23\/2025\/06\/Benjamin-Villegas-scaled-3-251x300.png 251w, https:\/\/asic-chile.cl\/tecmx2\/wp-content\/uploads\/sites\/23\/2025\/06\/Benjamin-Villegas-scaled-3-857x1024.png 857w, https:\/\/asic-chile.cl\/tecmx2\/wp-content\/uploads\/sites\/23\/2025\/06\/Benjamin-Villegas-scaled-3-768x918.png 768w, https:\/\/asic-chile.cl\/tecmx2\/wp-content\/uploads\/sites\/23\/2025\/06\/Benjamin-Villegas-scaled-3-1285x1536.png 1285w, https:\/\/asic-chile.cl\/tecmx2\/wp-content\/uploads\/sites\/23\/2025\/06\/Benjamin-Villegas-scaled-3-1714x2048.png 1714w\" sizes=\"(max-width: 2142px) 100vw, 2142px\" \/><\/figure><div class=\"elementor-image-box-content\"><h3 class=\"elementor-image-box-title\">Benjam\u00edn Villegas<\/h3><\/div><\/div>\t\t\t\t<\/div>\n\t\t\t\t<\/div>\n\t\t\t\t\t<\/div>\n\t\t<\/div>\n\t\t\t\t<div class=\"elementor-column elementor-col-50 elementor-top-column elementor-element elementor-element-36430bb\" data-id=\"36430bb\" data-element_type=\"column\" data-e-type=\"column\">\n\t\t\t<div class=\"elementor-widget-wrap elementor-element-populated\">\n\t\t\t\t\t\t<div class=\"elementor-element elementor-element-82a6170 elementor-widget elementor-widget-text-editor\" data-id=\"82a6170\" data-element_type=\"widget\" data-e-type=\"widget\" data-widget_type=\"text-editor.default\">\n\t\t\t\t<div class=\"elementor-widget-container\">\n\t\t\t\t\t\t\t\t\t<p>Benjam\u00edn Villegas has a Master of Science (MSc.) in Electronic Engineering with a minor in Computers, from the Universidad T\u00e9cnica Federico Santa Mar\u00eda (UTFSM) in Valparaiso, Chile. He currently works as a product engineer (PE) at Synopsys since March 2024, supporting Power Analysis capabilities of Synthesis and Place &amp; Route tools. While pursuing his master\u2019s degree, he worked as a research assistant with a focus on microelectronic design, RISC-V and System on Chip (SoC) technology. He has also performed research in topics related to data science, machine learning (ML) and Internet of Things (IoT).<\/p>\t\t\t\t\t\t\t\t<\/div>\n\t\t\t\t<\/div>\n\t\t\t\t\t<\/div>\n\t\t<\/div>\n\t\t\t\t\t<\/div>\n\t\t<\/section>\n\t\t\t\t<section class=\"elementor-section elementor-top-section elementor-element elementor-element-06026b1 elementor-section-boxed elementor-section-height-default elementor-section-height-default\" data-id=\"06026b1\" data-element_type=\"section\" data-e-type=\"section\">\n\t\t\t\t\t\t<div class=\"elementor-container elementor-column-gap-default\">\n\t\t\t\t\t<div class=\"elementor-column elementor-col-100 elementor-top-column elementor-element elementor-element-0f2c884\" data-id=\"0f2c884\" data-element_type=\"column\" data-e-type=\"column\">\n\t\t\t<div class=\"elementor-widget-wrap elementor-element-populated\">\n\t\t\t\t\t\t<div class=\"elementor-element elementor-element-0adcf60 elementor-widget elementor-widget-spacer\" data-id=\"0adcf60\" data-element_type=\"widget\" data-e-type=\"widget\" data-widget_type=\"spacer.default\">\n\t\t\t\t<div class=\"elementor-widget-container\">\n\t\t\t\t\t\t\t<div class=\"elementor-spacer\">\n\t\t\t<div class=\"elementor-spacer-inner\"><\/div>\n\t\t<\/div>\n\t\t\t\t\t\t<\/div>\n\t\t\t\t<\/div>\n\t\t\t\t\t<\/div>\n\t\t<\/div>\n\t\t\t\t\t<\/div>\n\t\t<\/section>\n\t\t\t\t<section class=\"elementor-section elementor-top-section elementor-element elementor-element-837d051 elementor-section-boxed elementor-section-height-default elementor-section-height-default\" data-id=\"837d051\" data-element_type=\"section\" data-e-type=\"section\">\n\t\t\t\t\t\t<div class=\"elementor-container elementor-column-gap-default\">\n\t\t\t\t\t<div class=\"elementor-column elementor-col-50 elementor-top-column elementor-element elementor-element-7847dfe\" data-id=\"7847dfe\" data-element_type=\"column\" data-e-type=\"column\">\n\t\t\t<div class=\"elementor-widget-wrap elementor-element-populated\">\n\t\t\t\t\t\t<div class=\"elementor-element elementor-element-826398f elementor-position-top elementor-widget elementor-widget-image-box\" data-id=\"826398f\" data-element_type=\"widget\" data-e-type=\"widget\" data-widget_type=\"image-box.default\">\n\t\t\t\t<div class=\"elementor-widget-container\">\n\t\t\t\t\t<div class=\"elementor-image-box-wrapper\"><figure class=\"elementor-image-box-img\"><img decoding=\"async\" width=\"205\" height=\"245\" src=\"https:\/\/asic-chile.cl\/tecmx2\/wp-content\/uploads\/sites\/23\/2022\/12\/Ronald-Valenzuela.jpg\" class=\"attachment-full size-full wp-image-923\" alt=\"\" \/><\/figure><div class=\"elementor-image-box-content\"><h3 class=\"elementor-image-box-title\">Ronald Valenzuela<\/h3><\/div><\/div>\t\t\t\t<\/div>\n\t\t\t\t<\/div>\n\t\t\t\t\t<\/div>\n\t\t<\/div>\n\t\t\t\t<div class=\"elementor-column elementor-col-50 elementor-top-column elementor-element elementor-element-bf148e8\" data-id=\"bf148e8\" data-element_type=\"column\" data-e-type=\"column\">\n\t\t\t<div class=\"elementor-widget-wrap elementor-element-populated\">\n\t\t\t\t\t\t<div class=\"elementor-element elementor-element-a767693 elementor-widget elementor-widget-text-editor\" data-id=\"a767693\" data-element_type=\"widget\" data-e-type=\"widget\" data-widget_type=\"text-editor.default\">\n\t\t\t\t<div class=\"elementor-widget-container\">\n\t\t\t\t\t\t\t\t\t<p><span class=\"s18\">Ronald Valenzuela<\/span><span class=\"s19\"> leads a team of Product Engineers at Synopsys, where he specializes in Power Analysis and Optimization within Synthesis and Place &amp; Route flows. His team collaborates closely with customers to deploy best-in-class low-power methodologies and contributes to the planning and validation of EDA tool features. Ronald brings over 15 years of experience in the EDA industry. He holds a degree in Electronics Engineering from Universidad de Concepci\u00f3n (Chile) and a certification in Integrated Circuit Design from Stanford University (California, USA).<\/span><\/p>\t\t\t\t\t\t\t\t<\/div>\n\t\t\t\t<\/div>\n\t\t\t\t\t<\/div>\n\t\t<\/div>\n\t\t\t\t\t<\/div>\n\t\t<\/section>\n\t\t\t\t<section class=\"elementor-section elementor-top-section elementor-element elementor-element-2668b39 elementor-section-boxed elementor-section-height-default elementor-section-height-default\" data-id=\"2668b39\" data-element_type=\"section\" data-e-type=\"section\">\n\t\t\t\t\t\t<div class=\"elementor-container elementor-column-gap-default\">\n\t\t\t\t\t<div class=\"elementor-column elementor-col-100 elementor-top-column elementor-element elementor-element-c50d612\" data-id=\"c50d612\" data-element_type=\"column\" data-e-type=\"column\">\n\t\t\t<div class=\"elementor-widget-wrap elementor-element-populated\">\n\t\t\t\t\t\t<div class=\"elementor-element elementor-element-1617ade elementor-widget elementor-widget-spacer\" data-id=\"1617ade\" data-element_type=\"widget\" data-e-type=\"widget\" data-widget_type=\"spacer.default\">\n\t\t\t\t<div class=\"elementor-widget-container\">\n\t\t\t\t\t\t\t<div class=\"elementor-spacer\">\n\t\t\t<div class=\"elementor-spacer-inner\"><\/div>\n\t\t<\/div>\n\t\t\t\t\t\t<\/div>\n\t\t\t\t<\/div>\n\t\t\t\t\t<\/div>\n\t\t<\/div>\n\t\t\t\t\t<\/div>\n\t\t<\/section>\n\t\t\t\t<\/div>\n\t\t","protected":false},"excerpt":{"rendered":"<p>Lecturers January 19th \u2013 23rd, 2026 | 9:00 AM \u2013 6:00 PM daily Tecnol\u00f3gico de Monterrey Av. Eugenio Garza Sada 2501 Sur, Tecnol\u00f3gico, 64700 Monterrey, N.L Joan Santamar\u00eda Joan Santamar\u00eda is an Electronic Engineer graduated from Universidad Industrial de Santander (UIS) in Colombia. He has academic experience in Analog IC design and testing. He joined [&hellip;]<\/p>\n","protected":false},"author":2,"featured_media":0,"parent":0,"menu_order":0,"comment_status":"closed","ping_status":"closed","template":"elementor_header_footer","meta":{"_acf_changed":false,"footnotes":""},"class_list":["post-493","page","type-page","status-publish","hentry"],"acf":[],"yoast_head":"<!-- This site is optimized with the Yoast SEO plugin v27.1.1 - https:\/\/yoast.com\/product\/yoast-seo-wordpress\/ -->\n<title>Lecturers - Analog Integrated Circuits Design Bootcamp<\/title>\n<meta name=\"robots\" content=\"index, follow, max-snippet:-1, max-image-preview:large, max-video-preview:-1\" \/>\n<link rel=\"canonical\" href=\"https:\/\/asic-chile.cl\/tecmx2\/lecturers\/\" \/>\n<meta property=\"og:locale\" content=\"es_ES\" \/>\n<meta property=\"og:type\" content=\"article\" \/>\n<meta property=\"og:title\" content=\"Lecturers - Analog Integrated Circuits Design Bootcamp\" \/>\n<meta property=\"og:description\" content=\"Lecturers January 19th \u2013 23rd, 2026 | 9:00 AM \u2013 6:00 PM daily Tecnol\u00f3gico de Monterrey Av. Eugenio Garza Sada 2501 Sur, Tecnol\u00f3gico, 64700 Monterrey, N.L Joan Santamar\u00eda Joan Santamar\u00eda is an Electronic Engineer graduated from Universidad Industrial de Santander (UIS) in Colombia. He has academic experience in Analog IC design and testing. He joined [&hellip;]\" \/>\n<meta property=\"og:url\" content=\"https:\/\/asic-chile.cl\/tecmx2\/lecturers\/\" \/>\n<meta property=\"og:site_name\" content=\"Analog Integrated Circuits Design Bootcamp\" \/>\n<meta property=\"article:modified_time\" content=\"2025-12-17T20:43:31+00:00\" \/>\n<meta property=\"og:image\" content=\"https:\/\/asic-chile.cl\/tecmx2\/wp-content\/uploads\/sites\/23\/2025\/12\/Joan-Santamaria.png\" \/>\n\t<meta property=\"og:image:width\" content=\"502\" \/>\n\t<meta property=\"og:image:height\" content=\"600\" \/>\n\t<meta property=\"og:image:type\" content=\"image\/png\" \/>\n<meta name=\"twitter:card\" content=\"summary_large_image\" \/>\n<meta name=\"twitter:label1\" content=\"Tiempo de lectura\" \/>\n\t<meta name=\"twitter:data1\" content=\"2 minutos\" \/>\n<script type=\"application\/ld+json\" class=\"yoast-schema-graph\">{\"@context\":\"https:\/\/schema.org\",\"@graph\":[{\"@type\":\"WebPage\",\"@id\":\"https:\/\/asic-chile.cl\/tecmx2\/lecturers\/\",\"url\":\"https:\/\/asic-chile.cl\/tecmx2\/lecturers\/\",\"name\":\"Lecturers - Analog Integrated Circuits Design Bootcamp\",\"isPartOf\":{\"@id\":\"https:\/\/asic-chile.cl\/tecmx2\/#website\"},\"primaryImageOfPage\":{\"@id\":\"https:\/\/asic-chile.cl\/tecmx2\/lecturers\/#primaryimage\"},\"image\":{\"@id\":\"https:\/\/asic-chile.cl\/tecmx2\/lecturers\/#primaryimage\"},\"thumbnailUrl\":\"https:\/\/asic-chile.cl\/tecmx2\/wp-content\/uploads\/sites\/23\/2025\/12\/Joan-Santamaria.png\",\"datePublished\":\"2022-11-04T19:29:58+00:00\",\"dateModified\":\"2025-12-17T20:43:31+00:00\",\"breadcrumb\":{\"@id\":\"https:\/\/asic-chile.cl\/tecmx2\/lecturers\/#breadcrumb\"},\"inLanguage\":\"es\",\"potentialAction\":[{\"@type\":\"ReadAction\",\"target\":[\"https:\/\/asic-chile.cl\/tecmx2\/lecturers\/\"]}]},{\"@type\":\"ImageObject\",\"inLanguage\":\"es\",\"@id\":\"https:\/\/asic-chile.cl\/tecmx2\/lecturers\/#primaryimage\",\"url\":\"https:\/\/asic-chile.cl\/tecmx2\/wp-content\/uploads\/sites\/23\/2025\/12\/Joan-Santamaria.png\",\"contentUrl\":\"https:\/\/asic-chile.cl\/tecmx2\/wp-content\/uploads\/sites\/23\/2025\/12\/Joan-Santamaria.png\",\"width\":502,\"height\":600},{\"@type\":\"BreadcrumbList\",\"@id\":\"https:\/\/asic-chile.cl\/tecmx2\/lecturers\/#breadcrumb\",\"itemListElement\":[{\"@type\":\"ListItem\",\"position\":1,\"name\":\"Portada\",\"item\":\"https:\/\/asic-chile.cl\/tecmx2\/\"},{\"@type\":\"ListItem\",\"position\":2,\"name\":\"Lecturers\"}]},{\"@type\":\"WebSite\",\"@id\":\"https:\/\/asic-chile.cl\/tecmx2\/#website\",\"url\":\"https:\/\/asic-chile.cl\/tecmx2\/\",\"name\":\"Analog Integrated Circuits Design Bootcamp\",\"description\":\"\",\"potentialAction\":[{\"@type\":\"SearchAction\",\"target\":{\"@type\":\"EntryPoint\",\"urlTemplate\":\"https:\/\/asic-chile.cl\/tecmx2\/?s={search_term_string}\"},\"query-input\":{\"@type\":\"PropertyValueSpecification\",\"valueRequired\":true,\"valueName\":\"search_term_string\"}}],\"inLanguage\":\"es\"}]}<\/script>\n<!-- \/ Yoast SEO plugin. -->","yoast_head_json":{"title":"Lecturers - Analog Integrated Circuits Design Bootcamp","robots":{"index":"index","follow":"follow","max-snippet":"max-snippet:-1","max-image-preview":"max-image-preview:large","max-video-preview":"max-video-preview:-1"},"canonical":"https:\/\/asic-chile.cl\/tecmx2\/lecturers\/","og_locale":"es_ES","og_type":"article","og_title":"Lecturers - Analog Integrated Circuits Design Bootcamp","og_description":"Lecturers January 19th \u2013 23rd, 2026 | 9:00 AM \u2013 6:00 PM daily Tecnol\u00f3gico de Monterrey Av. Eugenio Garza Sada 2501 Sur, Tecnol\u00f3gico, 64700 Monterrey, N.L Joan Santamar\u00eda Joan Santamar\u00eda is an Electronic Engineer graduated from Universidad Industrial de Santander (UIS) in Colombia. He has academic experience in Analog IC design and testing. He joined [&hellip;]","og_url":"https:\/\/asic-chile.cl\/tecmx2\/lecturers\/","og_site_name":"Analog Integrated Circuits Design Bootcamp","article_modified_time":"2025-12-17T20:43:31+00:00","og_image":[{"width":502,"height":600,"url":"https:\/\/asic-chile.cl\/tecmx2\/wp-content\/uploads\/sites\/23\/2025\/12\/Joan-Santamaria.png","type":"image\/png"}],"twitter_card":"summary_large_image","twitter_misc":{"Tiempo de lectura":"2 minutos"},"schema":{"@context":"https:\/\/schema.org","@graph":[{"@type":"WebPage","@id":"https:\/\/asic-chile.cl\/tecmx2\/lecturers\/","url":"https:\/\/asic-chile.cl\/tecmx2\/lecturers\/","name":"Lecturers - Analog Integrated Circuits Design Bootcamp","isPartOf":{"@id":"https:\/\/asic-chile.cl\/tecmx2\/#website"},"primaryImageOfPage":{"@id":"https:\/\/asic-chile.cl\/tecmx2\/lecturers\/#primaryimage"},"image":{"@id":"https:\/\/asic-chile.cl\/tecmx2\/lecturers\/#primaryimage"},"thumbnailUrl":"https:\/\/asic-chile.cl\/tecmx2\/wp-content\/uploads\/sites\/23\/2025\/12\/Joan-Santamaria.png","datePublished":"2022-11-04T19:29:58+00:00","dateModified":"2025-12-17T20:43:31+00:00","breadcrumb":{"@id":"https:\/\/asic-chile.cl\/tecmx2\/lecturers\/#breadcrumb"},"inLanguage":"es","potentialAction":[{"@type":"ReadAction","target":["https:\/\/asic-chile.cl\/tecmx2\/lecturers\/"]}]},{"@type":"ImageObject","inLanguage":"es","@id":"https:\/\/asic-chile.cl\/tecmx2\/lecturers\/#primaryimage","url":"https:\/\/asic-chile.cl\/tecmx2\/wp-content\/uploads\/sites\/23\/2025\/12\/Joan-Santamaria.png","contentUrl":"https:\/\/asic-chile.cl\/tecmx2\/wp-content\/uploads\/sites\/23\/2025\/12\/Joan-Santamaria.png","width":502,"height":600},{"@type":"BreadcrumbList","@id":"https:\/\/asic-chile.cl\/tecmx2\/lecturers\/#breadcrumb","itemListElement":[{"@type":"ListItem","position":1,"name":"Portada","item":"https:\/\/asic-chile.cl\/tecmx2\/"},{"@type":"ListItem","position":2,"name":"Lecturers"}]},{"@type":"WebSite","@id":"https:\/\/asic-chile.cl\/tecmx2\/#website","url":"https:\/\/asic-chile.cl\/tecmx2\/","name":"Analog Integrated Circuits Design Bootcamp","description":"","potentialAction":[{"@type":"SearchAction","target":{"@type":"EntryPoint","urlTemplate":"https:\/\/asic-chile.cl\/tecmx2\/?s={search_term_string}"},"query-input":{"@type":"PropertyValueSpecification","valueRequired":true,"valueName":"search_term_string"}}],"inLanguage":"es"}]}},"_links":{"self":[{"href":"https:\/\/asic-chile.cl\/tecmx2\/wp-json\/wp\/v2\/pages\/493","targetHints":{"allow":["GET"]}}],"collection":[{"href":"https:\/\/asic-chile.cl\/tecmx2\/wp-json\/wp\/v2\/pages"}],"about":[{"href":"https:\/\/asic-chile.cl\/tecmx2\/wp-json\/wp\/v2\/types\/page"}],"author":[{"embeddable":true,"href":"https:\/\/asic-chile.cl\/tecmx2\/wp-json\/wp\/v2\/users\/2"}],"replies":[{"embeddable":true,"href":"https:\/\/asic-chile.cl\/tecmx2\/wp-json\/wp\/v2\/comments?post=493"}],"version-history":[{"count":12,"href":"https:\/\/asic-chile.cl\/tecmx2\/wp-json\/wp\/v2\/pages\/493\/revisions"}],"predecessor-version":[{"id":2253,"href":"https:\/\/asic-chile.cl\/tecmx2\/wp-json\/wp\/v2\/pages\/493\/revisions\/2253"}],"wp:attachment":[{"href":"https:\/\/asic-chile.cl\/tecmx2\/wp-json\/wp\/v2\/media?parent=493"}],"curies":[{"name":"wp","href":"https:\/\/api.w.org\/{rel}","templated":true}]}}