{"id":493,"date":"2022-11-04T19:29:58","date_gmt":"2022-11-04T19:29:58","guid":{"rendered":"https:\/\/asic-chile.cl\/icbootcampbb\/?page_id=493"},"modified":"2025-12-17T21:15:17","modified_gmt":"2025-12-17T21:15:17","slug":"lecturers","status":"publish","type":"page","link":"https:\/\/asic-chile.cl\/tecmx\/lecturers\/","title":{"rendered":"Lecturers"},"content":{"rendered":"\t\t<div data-elementor-type=\"wp-page\" data-elementor-id=\"493\" class=\"elementor elementor-493\">\n\t\t\t\t\t\t<section class=\"elementor-section elementor-top-section elementor-element elementor-element-c2ea8b2 elementor-section-boxed elementor-section-height-default elementor-section-height-default\" data-id=\"c2ea8b2\" data-element_type=\"section\" data-e-type=\"section\" data-settings=\"{&quot;background_background&quot;:&quot;classic&quot;}\">\n\t\t\t\t\t\t\t<div class=\"elementor-background-overlay\"><\/div>\n\t\t\t\t\t\t\t<div class=\"elementor-container elementor-column-gap-no\">\n\t\t\t\t\t<div class=\"elementor-column elementor-col-100 elementor-top-column elementor-element elementor-element-6ef623a\" data-id=\"6ef623a\" data-element_type=\"column\" data-e-type=\"column\">\n\t\t\t<div class=\"elementor-widget-wrap elementor-element-populated\">\n\t\t\t\t\t\t<div class=\"elementor-element elementor-element-7a58b7a elementor-widget elementor-widget-spacer\" data-id=\"7a58b7a\" data-element_type=\"widget\" data-e-type=\"widget\" data-widget_type=\"spacer.default\">\n\t\t\t\t<div class=\"elementor-widget-container\">\n\t\t\t\t\t\t\t<div class=\"elementor-spacer\">\n\t\t\t<div class=\"elementor-spacer-inner\"><\/div>\n\t\t<\/div>\n\t\t\t\t\t\t<\/div>\n\t\t\t\t<\/div>\n\t\t\t\t<div class=\"elementor-element elementor-element-06fde02 elementor-widget elementor-widget-heading\" data-id=\"06fde02\" data-element_type=\"widget\" data-e-type=\"widget\" data-widget_type=\"heading.default\">\n\t\t\t\t<div class=\"elementor-widget-container\">\n\t\t\t\t\t<h1 class=\"elementor-heading-title elementor-size-default\">Lecturers<\/h1>\t\t\t\t<\/div>\n\t\t\t\t<\/div>\n\t\t\t\t<div class=\"elementor-element elementor-element-8ce8e65 elementor-widget elementor-widget-heading\" data-id=\"8ce8e65\" data-element_type=\"widget\" data-e-type=\"widget\" data-widget_type=\"heading.default\">\n\t\t\t\t<div class=\"elementor-widget-container\">\n\t\t\t\t\t<h5 class=\"elementor-heading-title elementor-size-default\">January 12th \u2013 16th, 2026 | 9:00 AM \u2013 6:00 PM daily<\/h5>\t\t\t\t<\/div>\n\t\t\t\t<\/div>\n\t\t\t\t<div class=\"elementor-element elementor-element-221690b elementor-widget elementor-widget-heading\" data-id=\"221690b\" data-element_type=\"widget\" data-e-type=\"widget\" data-widget_type=\"heading.default\">\n\t\t\t\t<div class=\"elementor-widget-container\">\n\t\t\t\t\t<h5 class=\"elementor-heading-title elementor-size-default\"><strong>Tecnol\u00f3gico de Monterrey, Nuevo Le\u00f3n<\/strong> <br>Av. Gral. Ram\u00f3n Corona No 2514, Colonia Nuevo M\u00e9xico, 45201 Zapopan, Jal.<br>\n<\/h5>\t\t\t\t<\/div>\n\t\t\t\t<\/div>\n\t\t\t\t<div class=\"elementor-element elementor-element-0e1dd8a elementor-widget elementor-widget-spacer\" data-id=\"0e1dd8a\" data-element_type=\"widget\" data-e-type=\"widget\" data-widget_type=\"spacer.default\">\n\t\t\t\t<div class=\"elementor-widget-container\">\n\t\t\t\t\t\t\t<div class=\"elementor-spacer\">\n\t\t\t<div class=\"elementor-spacer-inner\"><\/div>\n\t\t<\/div>\n\t\t\t\t\t\t<\/div>\n\t\t\t\t<\/div>\n\t\t\t\t\t<\/div>\n\t\t<\/div>\n\t\t\t\t\t<\/div>\n\t\t<\/section>\n\t\t\t\t<section class=\"elementor-section elementor-top-section elementor-element elementor-element-7fd67958 elementor-section-boxed elementor-section-height-default elementor-section-height-default\" data-id=\"7fd67958\" data-element_type=\"section\" data-e-type=\"section\" id=\"grimblatt\">\n\t\t\t\t\t\t<div class=\"elementor-container elementor-column-gap-default\">\n\t\t\t\t\t<div class=\"elementor-column elementor-col-100 elementor-top-column elementor-element elementor-element-4db6ff8b\" data-id=\"4db6ff8b\" data-element_type=\"column\" data-e-type=\"column\">\n\t\t\t<div class=\"elementor-widget-wrap elementor-element-populated\">\n\t\t\t\t\t\t<div class=\"elementor-element elementor-element-118c0598 elementor-widget elementor-widget-spacer\" data-id=\"118c0598\" data-element_type=\"widget\" data-e-type=\"widget\" data-widget_type=\"spacer.default\">\n\t\t\t\t<div class=\"elementor-widget-container\">\n\t\t\t\t\t\t\t<div class=\"elementor-spacer\">\n\t\t\t<div class=\"elementor-spacer-inner\"><\/div>\n\t\t<\/div>\n\t\t\t\t\t\t<\/div>\n\t\t\t\t<\/div>\n\t\t\t\t\t<\/div>\n\t\t<\/div>\n\t\t\t\t\t<\/div>\n\t\t<\/section>\n\t\t\t\t<section class=\"elementor-section elementor-top-section elementor-element elementor-element-8901853 elementor-hidden-mobile elementor-section-boxed elementor-section-height-default elementor-section-height-default\" data-id=\"8901853\" data-element_type=\"section\" data-e-type=\"section\">\n\t\t\t\t\t\t<div class=\"elementor-container elementor-column-gap-default\">\n\t\t\t\t\t<div class=\"elementor-column elementor-col-50 elementor-top-column elementor-element elementor-element-4e255e7\" data-id=\"4e255e7\" data-element_type=\"column\" data-e-type=\"column\">\n\t\t\t<div class=\"elementor-widget-wrap elementor-element-populated\">\n\t\t\t\t\t\t<div class=\"elementor-element elementor-element-c2db171 elementor-position-top elementor-widget elementor-widget-image-box\" data-id=\"c2db171\" data-element_type=\"widget\" data-e-type=\"widget\" data-widget_type=\"image-box.default\">\n\t\t\t\t<div class=\"elementor-widget-container\">\n\t\t\t\t\t<div class=\"elementor-image-box-wrapper\"><figure class=\"elementor-image-box-img\"><img fetchpriority=\"high\" decoding=\"async\" width=\"205\" height=\"245\" src=\"https:\/\/asic-chile.cl\/tecmx\/wp-content\/uploads\/sites\/22\/2025\/12\/Victor-Grimblatt.png\" class=\"attachment-full size-full wp-image-2229\" alt=\"\" \/><\/figure><div class=\"elementor-image-box-content\"><h3 class=\"elementor-image-box-title\">Victor Grimblatt<\/h3><\/div><\/div>\t\t\t\t<\/div>\n\t\t\t\t<\/div>\n\t\t\t\t\t<\/div>\n\t\t<\/div>\n\t\t\t\t<div class=\"elementor-column elementor-col-50 elementor-top-column elementor-element elementor-element-91c27f3\" data-id=\"91c27f3\" data-element_type=\"column\" data-e-type=\"column\">\n\t\t\t<div class=\"elementor-widget-wrap elementor-element-populated\">\n\t\t\t\t\t\t<div class=\"elementor-element elementor-element-2bc93bf elementor-widget elementor-widget-text-editor\" data-id=\"2bc93bf\" data-element_type=\"widget\" data-e-type=\"widget\" data-widget_type=\"text-editor.default\">\n\t\t\t\t<div class=\"elementor-widget-container\">\n\t\t\t\t\t\t\t\t\t<p class=\"p1\">Victor Grimblatt has an engineering diploma in microelectronics from Institut Nationale Polytechnique de Grenoble (INPG \u2013 France) and an electronic engineering diploma from Universidad Tecnica Federico Santa Maria (Chile). He is doing his PhD on IoT for Smart Agriculture at IMS lab, University of Bordeaux. He is currently R&amp;D Group Director and General Manager of Synopsys Chile. He has expertise and knowledge in business and technology and understands very well the trends of the electronic industry; therefore, he is often consulted for new technological business development. He has published several papers in IoT, EDA and embedded systems development, and since 2007 he has been invited to several Latin American Conferences (Argentina, Brazil, Chile, Mexico, Peru and Uruguay) to talk about Circuit Design, EDA, IoT, and Embedded Systems. Since 2012 he is chair of the IEEE Chilean chapter of the CASS. He is also the President of the Chilean Electronic and Electrical Industry Association (AIE). He has been part of several conferences TCP (ISCAS, ICECS, LASCAS) and is chairing the EDA and Circuit design Sub-Committee for ICECS. He is also Program Co-Chair of FoodCAS. Since 2018 he is Chair of LASCAS Steering Committee.<\/p>\t\t\t\t\t\t\t\t<\/div>\n\t\t\t\t<\/div>\n\t\t\t\t\t<\/div>\n\t\t<\/div>\n\t\t\t\t\t<\/div>\n\t\t<\/section>\n\t\t\t\t<section class=\"elementor-section elementor-top-section elementor-element elementor-element-f1df0e6 elementor-section-boxed elementor-section-height-default elementor-section-height-default\" data-id=\"f1df0e6\" data-element_type=\"section\" data-e-type=\"section\">\n\t\t\t\t\t\t<div class=\"elementor-container elementor-column-gap-default\">\n\t\t\t\t\t<div class=\"elementor-column elementor-col-100 elementor-top-column elementor-element elementor-element-68005cc\" data-id=\"68005cc\" data-element_type=\"column\" data-e-type=\"column\">\n\t\t\t<div class=\"elementor-widget-wrap elementor-element-populated\">\n\t\t\t\t\t\t<div class=\"elementor-element elementor-element-32683d5 elementor-widget elementor-widget-spacer\" data-id=\"32683d5\" data-element_type=\"widget\" data-e-type=\"widget\" data-widget_type=\"spacer.default\">\n\t\t\t\t<div class=\"elementor-widget-container\">\n\t\t\t\t\t\t\t<div class=\"elementor-spacer\">\n\t\t\t<div class=\"elementor-spacer-inner\"><\/div>\n\t\t<\/div>\n\t\t\t\t\t\t<\/div>\n\t\t\t\t<\/div>\n\t\t\t\t\t<\/div>\n\t\t<\/div>\n\t\t\t\t\t<\/div>\n\t\t<\/section>\n\t\t\t\t<section class=\"elementor-section elementor-top-section elementor-element elementor-element-3236acc elementor-hidden-mobile elementor-section-boxed elementor-section-height-default elementor-section-height-default\" data-id=\"3236acc\" data-element_type=\"section\" data-e-type=\"section\">\n\t\t\t\t\t\t<div class=\"elementor-container elementor-column-gap-default\">\n\t\t\t\t\t<div class=\"elementor-column elementor-col-50 elementor-top-column elementor-element elementor-element-622dc82\" data-id=\"622dc82\" data-element_type=\"column\" data-e-type=\"column\">\n\t\t\t<div class=\"elementor-widget-wrap elementor-element-populated\">\n\t\t\t\t\t\t<div class=\"elementor-element elementor-element-a11ab9e elementor-position-top elementor-widget elementor-widget-image-box\" data-id=\"a11ab9e\" data-element_type=\"widget\" data-e-type=\"widget\" data-widget_type=\"image-box.default\">\n\t\t\t\t<div class=\"elementor-widget-container\">\n\t\t\t\t\t<div class=\"elementor-image-box-wrapper\"><figure class=\"elementor-image-box-img\"><img decoding=\"async\" width=\"1920\" height=\"2560\" src=\"https:\/\/asic-chile.cl\/tecmx\/wp-content\/uploads\/sites\/22\/2025\/12\/Foto_Daniel-Giraldo-scaled.jpg\" class=\"attachment-full size-full wp-image-2195\" alt=\"\" srcset=\"https:\/\/asic-chile.cl\/tecmx\/wp-content\/uploads\/sites\/22\/2025\/12\/Foto_Daniel-Giraldo-scaled.jpg 1920w, https:\/\/asic-chile.cl\/tecmx\/wp-content\/uploads\/sites\/22\/2025\/12\/Foto_Daniel-Giraldo-225x300.jpg 225w, https:\/\/asic-chile.cl\/tecmx\/wp-content\/uploads\/sites\/22\/2025\/12\/Foto_Daniel-Giraldo-768x1024.jpg 768w, https:\/\/asic-chile.cl\/tecmx\/wp-content\/uploads\/sites\/22\/2025\/12\/Foto_Daniel-Giraldo-1152x1536.jpg 1152w, https:\/\/asic-chile.cl\/tecmx\/wp-content\/uploads\/sites\/22\/2025\/12\/Foto_Daniel-Giraldo-1536x2048.jpg 1536w\" sizes=\"(max-width: 1920px) 100vw, 1920px\" \/><\/figure><div class=\"elementor-image-box-content\"><h3 class=\"elementor-image-box-title\">Daniel Giraldo<\/h3><\/div><\/div>\t\t\t\t<\/div>\n\t\t\t\t<\/div>\n\t\t\t\t\t<\/div>\n\t\t<\/div>\n\t\t\t\t<div class=\"elementor-column elementor-col-50 elementor-top-column elementor-element elementor-element-e9b4765\" data-id=\"e9b4765\" data-element_type=\"column\" data-e-type=\"column\">\n\t\t\t<div class=\"elementor-widget-wrap elementor-element-populated\">\n\t\t\t\t\t\t<div class=\"elementor-element elementor-element-1c4840a elementor-widget elementor-widget-text-editor\" data-id=\"1c4840a\" data-element_type=\"widget\" data-e-type=\"widget\" data-widget_type=\"text-editor.default\">\n\t\t\t\t<div class=\"elementor-widget-container\">\n\t\t\t\t\t\t\t\t\t<p class=\"p1\">Daniel is an electronic engineer graduated from the Universidad Industrial de Santander in Colombia. He served as President of the IEEE Student Branch at his university and has 5 years of experience as a Verification\/Validation Engineer at Synopsys, providing support to Design Compiler and Fusion Compiler tools, with a focus on synthesis.<\/p><p class=\"p1\">He combines experience, technical leadership, and knowledge of Synopsys Synthesis tools, bringing comprehensive perspective to the integrated circuit design and verification process.<\/p>\t\t\t\t\t\t\t\t<\/div>\n\t\t\t\t<\/div>\n\t\t\t\t\t<\/div>\n\t\t<\/div>\n\t\t\t\t\t<\/div>\n\t\t<\/section>\n\t\t\t\t<section class=\"elementor-section elementor-top-section elementor-element elementor-element-2668b39 elementor-section-boxed elementor-section-height-default elementor-section-height-default\" data-id=\"2668b39\" data-element_type=\"section\" data-e-type=\"section\">\n\t\t\t\t\t\t<div class=\"elementor-container elementor-column-gap-default\">\n\t\t\t\t\t<div class=\"elementor-column elementor-col-100 elementor-top-column elementor-element elementor-element-c50d612\" data-id=\"c50d612\" data-element_type=\"column\" data-e-type=\"column\">\n\t\t\t<div class=\"elementor-widget-wrap elementor-element-populated\">\n\t\t\t\t\t\t<div class=\"elementor-element elementor-element-1617ade elementor-widget elementor-widget-spacer\" data-id=\"1617ade\" data-element_type=\"widget\" data-e-type=\"widget\" data-widget_type=\"spacer.default\">\n\t\t\t\t<div class=\"elementor-widget-container\">\n\t\t\t\t\t\t\t<div class=\"elementor-spacer\">\n\t\t\t<div class=\"elementor-spacer-inner\"><\/div>\n\t\t<\/div>\n\t\t\t\t\t\t<\/div>\n\t\t\t\t<\/div>\n\t\t\t\t\t<\/div>\n\t\t<\/div>\n\t\t\t\t\t<\/div>\n\t\t<\/section>\n\t\t\t\t<section class=\"elementor-section elementor-top-section elementor-element elementor-element-451641a elementor-hidden-mobile elementor-section-boxed elementor-section-height-default elementor-section-height-default\" data-id=\"451641a\" data-element_type=\"section\" data-e-type=\"section\">\n\t\t\t\t\t\t<div class=\"elementor-container elementor-column-gap-default\">\n\t\t\t\t\t<div class=\"elementor-column elementor-col-50 elementor-top-column elementor-element elementor-element-c88ce3e\" data-id=\"c88ce3e\" data-element_type=\"column\" data-e-type=\"column\">\n\t\t\t<div class=\"elementor-widget-wrap elementor-element-populated\">\n\t\t\t\t\t\t<div class=\"elementor-element elementor-element-5d01890 elementor-position-top elementor-widget elementor-widget-image-box\" data-id=\"5d01890\" data-element_type=\"widget\" data-e-type=\"widget\" data-widget_type=\"image-box.default\">\n\t\t\t\t<div class=\"elementor-widget-container\">\n\t\t\t\t\t<div class=\"elementor-image-box-wrapper\"><figure class=\"elementor-image-box-img\"><img decoding=\"async\" width=\"205\" height=\"245\" src=\"https:\/\/asic-chile.cl\/tecmx\/wp-content\/uploads\/sites\/22\/2025\/12\/Jose_Martinez.jpg\" class=\"attachment-full size-full wp-image-2228\" alt=\"\" \/><\/figure><div class=\"elementor-image-box-content\"><h3 class=\"elementor-image-box-title\">Jos\u00e9 Martin\u00e9z<\/h3><\/div><\/div>\t\t\t\t<\/div>\n\t\t\t\t<\/div>\n\t\t\t\t\t<\/div>\n\t\t<\/div>\n\t\t\t\t<div class=\"elementor-column elementor-col-50 elementor-top-column elementor-element elementor-element-bcd53bf\" data-id=\"bcd53bf\" data-element_type=\"column\" data-e-type=\"column\">\n\t\t\t<div class=\"elementor-widget-wrap elementor-element-populated\">\n\t\t\t\t\t\t<div class=\"elementor-element elementor-element-43c22ae elementor-widget elementor-widget-text-editor\" data-id=\"43c22ae\" data-element_type=\"widget\" data-e-type=\"widget\" data-widget_type=\"text-editor.default\">\n\t\t\t\t<div class=\"elementor-widget-container\">\n\t\t\t\t\t\t\t\t\t<p class=\"p1\">Jos\u00e9 Mart\u00ednez is an Electrical Engineer with mention in Electronics and Telecommunications, graduated from Universidad de Costa Rica. He holds a master\u2019s degree in Management and Human Resources. Jos\u00e9 started working at Intel Costa Rica in 2014 where he held different roles such as Structural Designer, focusing on thermal analysis, Product Content Validation, centered in Array MBIST DFT, including the pre-silicon and post-silicon verification, repair methodology for redundant SRAMs, NPI (new product introduction), functional content writer for coverage increase, as well as OSNH (Operative System NoHarm) Engineer, in which he was directly involved in platform validation on different soft\/hard reset states, performance, OS and uCode scalability, as well as part of the chip security reactive team. Since 2022 he works at Synopsys Chile. Currently, Jos\u00e9 is part of the CCSG team working towards PPA (power, performance, area) push; improving customers QoR results in a scalable and reproducible methodology.<\/p>\t\t\t\t\t\t\t\t<\/div>\n\t\t\t\t<\/div>\n\t\t\t\t\t<\/div>\n\t\t<\/div>\n\t\t\t\t\t<\/div>\n\t\t<\/section>\n\t\t\t\t<section class=\"elementor-section elementor-top-section elementor-element elementor-element-87c83e1 elementor-section-boxed elementor-section-height-default elementor-section-height-default\" data-id=\"87c83e1\" data-element_type=\"section\" data-e-type=\"section\">\n\t\t\t\t\t\t<div class=\"elementor-container elementor-column-gap-default\">\n\t\t\t\t\t<div class=\"elementor-column elementor-col-100 elementor-top-column elementor-element elementor-element-be9af24\" data-id=\"be9af24\" data-element_type=\"column\" data-e-type=\"column\">\n\t\t\t<div class=\"elementor-widget-wrap elementor-element-populated\">\n\t\t\t\t\t\t<div class=\"elementor-element elementor-element-47a236f elementor-widget elementor-widget-spacer\" data-id=\"47a236f\" data-element_type=\"widget\" data-e-type=\"widget\" data-widget_type=\"spacer.default\">\n\t\t\t\t<div class=\"elementor-widget-container\">\n\t\t\t\t\t\t\t<div class=\"elementor-spacer\">\n\t\t\t<div class=\"elementor-spacer-inner\"><\/div>\n\t\t<\/div>\n\t\t\t\t\t\t<\/div>\n\t\t\t\t<\/div>\n\t\t\t\t\t<\/div>\n\t\t<\/div>\n\t\t\t\t\t<\/div>\n\t\t<\/section>\n\t\t\t\t<\/div>\n\t\t","protected":false},"excerpt":{"rendered":"<p>Lecturers January 12th \u2013 16th, 2026 | 9:00 AM \u2013 6:00 PM daily Tecnol\u00f3gico de Monterrey, Nuevo Le\u00f3n Av. Gral. Ram\u00f3n Corona No 2514, Colonia Nuevo M\u00e9xico, 45201 Zapopan, Jal. Victor Grimblatt Victor Grimblatt has an engineering diploma in microelectronics from Institut Nationale Polytechnique de Grenoble (INPG \u2013 France) and an electronic engineering diploma from [&hellip;]<\/p>\n","protected":false},"author":2,"featured_media":0,"parent":0,"menu_order":0,"comment_status":"closed","ping_status":"closed","template":"elementor_header_footer","meta":{"_acf_changed":false,"footnotes":""},"class_list":["post-493","page","type-page","status-publish","hentry"],"acf":[],"yoast_head":"<!-- This site is optimized with the Yoast SEO plugin v27.1.1 - https:\/\/yoast.com\/product\/yoast-seo-wordpress\/ -->\n<title>Lecturers - Digital Integrated Circuits Design Bootcamp Guadalajara<\/title>\n<meta name=\"robots\" content=\"index, follow, max-snippet:-1, max-image-preview:large, max-video-preview:-1\" \/>\n<link rel=\"canonical\" href=\"https:\/\/asic-chile.cl\/tecmx\/lecturers\/\" \/>\n<meta property=\"og:locale\" content=\"es_ES\" \/>\n<meta property=\"og:type\" content=\"article\" \/>\n<meta property=\"og:title\" content=\"Lecturers - Digital Integrated Circuits Design Bootcamp Guadalajara\" \/>\n<meta property=\"og:description\" content=\"Lecturers January 12th \u2013 16th, 2026 | 9:00 AM \u2013 6:00 PM daily Tecnol\u00f3gico de Monterrey, Nuevo Le\u00f3n Av. Gral. Ram\u00f3n Corona No 2514, Colonia Nuevo M\u00e9xico, 45201 Zapopan, Jal. Victor Grimblatt Victor Grimblatt has an engineering diploma in microelectronics from Institut Nationale Polytechnique de Grenoble (INPG \u2013 France) and an electronic engineering diploma from [&hellip;]\" \/>\n<meta property=\"og:url\" content=\"https:\/\/asic-chile.cl\/tecmx\/lecturers\/\" \/>\n<meta property=\"og:site_name\" content=\"Digital Integrated Circuits Design Bootcamp Guadalajara\" \/>\n<meta property=\"article:modified_time\" content=\"2025-12-17T21:15:17+00:00\" \/>\n<meta property=\"og:image\" content=\"https:\/\/asic-chile.cl\/tecmx\/wp-content\/uploads\/sites\/22\/2025\/12\/Victor-Grimblatt.png\" \/>\n\t<meta property=\"og:image:width\" content=\"205\" \/>\n\t<meta property=\"og:image:height\" content=\"245\" \/>\n\t<meta property=\"og:image:type\" content=\"image\/png\" \/>\n<meta name=\"twitter:card\" content=\"summary_large_image\" \/>\n<meta name=\"twitter:label1\" content=\"Tiempo de lectura\" \/>\n\t<meta name=\"twitter:data1\" content=\"3 minutos\" \/>\n<script type=\"application\/ld+json\" class=\"yoast-schema-graph\">{\"@context\":\"https:\/\/schema.org\",\"@graph\":[{\"@type\":\"WebPage\",\"@id\":\"https:\/\/asic-chile.cl\/tecmx\/lecturers\/\",\"url\":\"https:\/\/asic-chile.cl\/tecmx\/lecturers\/\",\"name\":\"Lecturers - Digital Integrated Circuits Design Bootcamp Guadalajara\",\"isPartOf\":{\"@id\":\"https:\/\/asic-chile.cl\/tecmx\/#website\"},\"primaryImageOfPage\":{\"@id\":\"https:\/\/asic-chile.cl\/tecmx\/lecturers\/#primaryimage\"},\"image\":{\"@id\":\"https:\/\/asic-chile.cl\/tecmx\/lecturers\/#primaryimage\"},\"thumbnailUrl\":\"https:\/\/asic-chile.cl\/tecmx\/wp-content\/uploads\/sites\/22\/2025\/12\/Victor-Grimblatt.png\",\"datePublished\":\"2022-11-04T19:29:58+00:00\",\"dateModified\":\"2025-12-17T21:15:17+00:00\",\"breadcrumb\":{\"@id\":\"https:\/\/asic-chile.cl\/tecmx\/lecturers\/#breadcrumb\"},\"inLanguage\":\"es\",\"potentialAction\":[{\"@type\":\"ReadAction\",\"target\":[\"https:\/\/asic-chile.cl\/tecmx\/lecturers\/\"]}]},{\"@type\":\"ImageObject\",\"inLanguage\":\"es\",\"@id\":\"https:\/\/asic-chile.cl\/tecmx\/lecturers\/#primaryimage\",\"url\":\"https:\/\/asic-chile.cl\/tecmx\/wp-content\/uploads\/sites\/22\/2025\/12\/Victor-Grimblatt.png\",\"contentUrl\":\"https:\/\/asic-chile.cl\/tecmx\/wp-content\/uploads\/sites\/22\/2025\/12\/Victor-Grimblatt.png\",\"width\":205,\"height\":245},{\"@type\":\"BreadcrumbList\",\"@id\":\"https:\/\/asic-chile.cl\/tecmx\/lecturers\/#breadcrumb\",\"itemListElement\":[{\"@type\":\"ListItem\",\"position\":1,\"name\":\"Portada\",\"item\":\"https:\/\/asic-chile.cl\/tecmx\/\"},{\"@type\":\"ListItem\",\"position\":2,\"name\":\"Lecturers\"}]},{\"@type\":\"WebSite\",\"@id\":\"https:\/\/asic-chile.cl\/tecmx\/#website\",\"url\":\"https:\/\/asic-chile.cl\/tecmx\/\",\"name\":\"Digital Integrated Circuits Design Bootcamp Guadalajara\",\"description\":\"\",\"potentialAction\":[{\"@type\":\"SearchAction\",\"target\":{\"@type\":\"EntryPoint\",\"urlTemplate\":\"https:\/\/asic-chile.cl\/tecmx\/?s={search_term_string}\"},\"query-input\":{\"@type\":\"PropertyValueSpecification\",\"valueRequired\":true,\"valueName\":\"search_term_string\"}}],\"inLanguage\":\"es\"}]}<\/script>\n<!-- \/ Yoast SEO plugin. -->","yoast_head_json":{"title":"Lecturers - Digital Integrated Circuits Design Bootcamp Guadalajara","robots":{"index":"index","follow":"follow","max-snippet":"max-snippet:-1","max-image-preview":"max-image-preview:large","max-video-preview":"max-video-preview:-1"},"canonical":"https:\/\/asic-chile.cl\/tecmx\/lecturers\/","og_locale":"es_ES","og_type":"article","og_title":"Lecturers - Digital Integrated Circuits Design Bootcamp Guadalajara","og_description":"Lecturers January 12th \u2013 16th, 2026 | 9:00 AM \u2013 6:00 PM daily Tecnol\u00f3gico de Monterrey, Nuevo Le\u00f3n Av. Gral. Ram\u00f3n Corona No 2514, Colonia Nuevo M\u00e9xico, 45201 Zapopan, Jal. Victor Grimblatt Victor Grimblatt has an engineering diploma in microelectronics from Institut Nationale Polytechnique de Grenoble (INPG \u2013 France) and an electronic engineering diploma from [&hellip;]","og_url":"https:\/\/asic-chile.cl\/tecmx\/lecturers\/","og_site_name":"Digital Integrated Circuits Design Bootcamp Guadalajara","article_modified_time":"2025-12-17T21:15:17+00:00","og_image":[{"width":205,"height":245,"url":"https:\/\/asic-chile.cl\/tecmx\/wp-content\/uploads\/sites\/22\/2025\/12\/Victor-Grimblatt.png","type":"image\/png"}],"twitter_card":"summary_large_image","twitter_misc":{"Tiempo de lectura":"3 minutos"},"schema":{"@context":"https:\/\/schema.org","@graph":[{"@type":"WebPage","@id":"https:\/\/asic-chile.cl\/tecmx\/lecturers\/","url":"https:\/\/asic-chile.cl\/tecmx\/lecturers\/","name":"Lecturers - Digital Integrated Circuits Design Bootcamp Guadalajara","isPartOf":{"@id":"https:\/\/asic-chile.cl\/tecmx\/#website"},"primaryImageOfPage":{"@id":"https:\/\/asic-chile.cl\/tecmx\/lecturers\/#primaryimage"},"image":{"@id":"https:\/\/asic-chile.cl\/tecmx\/lecturers\/#primaryimage"},"thumbnailUrl":"https:\/\/asic-chile.cl\/tecmx\/wp-content\/uploads\/sites\/22\/2025\/12\/Victor-Grimblatt.png","datePublished":"2022-11-04T19:29:58+00:00","dateModified":"2025-12-17T21:15:17+00:00","breadcrumb":{"@id":"https:\/\/asic-chile.cl\/tecmx\/lecturers\/#breadcrumb"},"inLanguage":"es","potentialAction":[{"@type":"ReadAction","target":["https:\/\/asic-chile.cl\/tecmx\/lecturers\/"]}]},{"@type":"ImageObject","inLanguage":"es","@id":"https:\/\/asic-chile.cl\/tecmx\/lecturers\/#primaryimage","url":"https:\/\/asic-chile.cl\/tecmx\/wp-content\/uploads\/sites\/22\/2025\/12\/Victor-Grimblatt.png","contentUrl":"https:\/\/asic-chile.cl\/tecmx\/wp-content\/uploads\/sites\/22\/2025\/12\/Victor-Grimblatt.png","width":205,"height":245},{"@type":"BreadcrumbList","@id":"https:\/\/asic-chile.cl\/tecmx\/lecturers\/#breadcrumb","itemListElement":[{"@type":"ListItem","position":1,"name":"Portada","item":"https:\/\/asic-chile.cl\/tecmx\/"},{"@type":"ListItem","position":2,"name":"Lecturers"}]},{"@type":"WebSite","@id":"https:\/\/asic-chile.cl\/tecmx\/#website","url":"https:\/\/asic-chile.cl\/tecmx\/","name":"Digital Integrated Circuits Design Bootcamp Guadalajara","description":"","potentialAction":[{"@type":"SearchAction","target":{"@type":"EntryPoint","urlTemplate":"https:\/\/asic-chile.cl\/tecmx\/?s={search_term_string}"},"query-input":{"@type":"PropertyValueSpecification","valueRequired":true,"valueName":"search_term_string"}}],"inLanguage":"es"}]}},"_links":{"self":[{"href":"https:\/\/asic-chile.cl\/tecmx\/wp-json\/wp\/v2\/pages\/493","targetHints":{"allow":["GET"]}}],"collection":[{"href":"https:\/\/asic-chile.cl\/tecmx\/wp-json\/wp\/v2\/pages"}],"about":[{"href":"https:\/\/asic-chile.cl\/tecmx\/wp-json\/wp\/v2\/types\/page"}],"author":[{"embeddable":true,"href":"https:\/\/asic-chile.cl\/tecmx\/wp-json\/wp\/v2\/users\/2"}],"replies":[{"embeddable":true,"href":"https:\/\/asic-chile.cl\/tecmx\/wp-json\/wp\/v2\/comments?post=493"}],"version-history":[{"count":6,"href":"https:\/\/asic-chile.cl\/tecmx\/wp-json\/wp\/v2\/pages\/493\/revisions"}],"predecessor-version":[{"id":2232,"href":"https:\/\/asic-chile.cl\/tecmx\/wp-json\/wp\/v2\/pages\/493\/revisions\/2232"}],"wp:attachment":[{"href":"https:\/\/asic-chile.cl\/tecmx\/wp-json\/wp\/v2\/media?parent=493"}],"curies":[{"name":"wp","href":"https:\/\/api.w.org\/{rel}","templated":true}]}}