{"id":721,"date":"2022-11-10T11:19:32","date_gmt":"2022-11-10T11:19:32","guid":{"rendered":"https:\/\/asic-chile.cl\/icbootcampbb\/?page_id=721"},"modified":"2026-01-16T20:54:13","modified_gmt":"2026-01-16T20:54:13","slug":"program","status":"publish","type":"page","link":"https:\/\/asic-chile.cl\/sm\/program\/","title":{"rendered":"Program"},"content":{"rendered":"\t\t<div data-elementor-type=\"wp-page\" data-elementor-id=\"721\" class=\"elementor elementor-721\">\n\t\t\t\t\t\t<section class=\"elementor-section elementor-top-section elementor-element elementor-element-08c2704 elementor-section-boxed elementor-section-height-default elementor-section-height-default\" data-id=\"08c2704\" data-element_type=\"section\" data-e-type=\"section\" data-settings=\"{&quot;background_background&quot;:&quot;classic&quot;}\">\n\t\t\t\t\t\t\t<div class=\"elementor-background-overlay\"><\/div>\n\t\t\t\t\t\t\t<div class=\"elementor-container elementor-column-gap-no\">\n\t\t\t\t\t<div class=\"elementor-column elementor-col-100 elementor-top-column elementor-element elementor-element-4515526\" data-id=\"4515526\" data-element_type=\"column\" data-e-type=\"column\">\n\t\t\t<div class=\"elementor-widget-wrap elementor-element-populated\">\n\t\t\t\t\t\t<div class=\"elementor-element elementor-element-2fcf8ec elementor-widget elementor-widget-spacer\" data-id=\"2fcf8ec\" data-element_type=\"widget\" data-e-type=\"widget\" data-widget_type=\"spacer.default\">\n\t\t\t\t<div class=\"elementor-widget-container\">\n\t\t\t\t\t\t\t<div class=\"elementor-spacer\">\n\t\t\t<div class=\"elementor-spacer-inner\"><\/div>\n\t\t<\/div>\n\t\t\t\t\t\t<\/div>\n\t\t\t\t<\/div>\n\t\t\t\t<div class=\"elementor-element elementor-element-b4e969b elementor-widget elementor-widget-heading\" data-id=\"b4e969b\" data-element_type=\"widget\" data-e-type=\"widget\" data-widget_type=\"heading.default\">\n\t\t\t\t<div class=\"elementor-widget-container\">\n\t\t\t\t\t<h1 class=\"elementor-heading-title elementor-size-default\">Program<\/h1>\t\t\t\t<\/div>\n\t\t\t\t<\/div>\n\t\t\t\t<div class=\"elementor-element elementor-element-919f7c1 elementor-widget elementor-widget-spacer\" data-id=\"919f7c1\" data-element_type=\"widget\" data-e-type=\"widget\" data-widget_type=\"spacer.default\">\n\t\t\t\t<div class=\"elementor-widget-container\">\n\t\t\t\t\t\t\t<div class=\"elementor-spacer\">\n\t\t\t<div class=\"elementor-spacer-inner\"><\/div>\n\t\t<\/div>\n\t\t\t\t\t\t<\/div>\n\t\t\t\t<\/div>\n\t\t\t\t\t<\/div>\n\t\t<\/div>\n\t\t\t\t\t<\/div>\n\t\t<\/section>\n\t\t\t\t<section class=\"elementor-section elementor-top-section elementor-element elementor-element-f66866f elementor-section-boxed elementor-section-height-default elementor-section-height-default\" data-id=\"f66866f\" data-element_type=\"section\" data-e-type=\"section\">\n\t\t\t\t\t\t<div class=\"elementor-container elementor-column-gap-default\">\n\t\t\t\t\t<div class=\"elementor-column elementor-col-100 elementor-top-column elementor-element elementor-element-d50d5a8\" data-id=\"d50d5a8\" data-element_type=\"column\" data-e-type=\"column\">\n\t\t\t<div class=\"elementor-widget-wrap elementor-element-populated\">\n\t\t\t\t\t\t<div class=\"elementor-element elementor-element-72c98f5 elementor-widget elementor-widget-spacer\" data-id=\"72c98f5\" data-element_type=\"widget\" data-e-type=\"widget\" data-widget_type=\"spacer.default\">\n\t\t\t\t<div class=\"elementor-widget-container\">\n\t\t\t\t\t\t\t<div class=\"elementor-spacer\">\n\t\t\t<div class=\"elementor-spacer-inner\"><\/div>\n\t\t<\/div>\n\t\t\t\t\t\t<\/div>\n\t\t\t\t<\/div>\n\t\t\t\t\t<\/div>\n\t\t<\/div>\n\t\t\t\t\t<\/div>\n\t\t<\/section>\n\t\t\t\t<section class=\"elementor-section elementor-top-section elementor-element elementor-element-928e688 elementor-section-boxed elementor-section-height-default elementor-section-height-default\" data-id=\"928e688\" data-element_type=\"section\" data-e-type=\"section\">\n\t\t\t\t\t\t<div class=\"elementor-container elementor-column-gap-default\">\n\t\t\t\t\t<div class=\"elementor-column elementor-col-100 elementor-top-column elementor-element elementor-element-d45b216\" data-id=\"d45b216\" data-element_type=\"column\" data-e-type=\"column\">\n\t\t\t<div class=\"elementor-widget-wrap\">\n\t\t\t\t\t\t\t<\/div>\n\t\t<\/div>\n\t\t\t\t\t<\/div>\n\t\t<\/section>\n\t\t\t\t<section class=\"elementor-section elementor-top-section elementor-element elementor-element-0a7eb1e elementor-section-boxed elementor-section-height-default elementor-section-height-default\" data-id=\"0a7eb1e\" data-element_type=\"section\" data-e-type=\"section\">\n\t\t\t\t\t\t<div class=\"elementor-container elementor-column-gap-default\">\n\t\t\t\t\t<div class=\"elementor-column elementor-col-100 elementor-top-column elementor-element elementor-element-bc310da\" data-id=\"bc310da\" data-element_type=\"column\" data-e-type=\"column\">\n\t\t\t<div class=\"elementor-widget-wrap elementor-element-populated\">\n\t\t\t\t\t\t\t<\/div>\n\t\t<\/div>\n\t\t\t\t\t<\/div>\n\t\t<\/section>\n\t\t\t\t<section class=\"elementor-section elementor-top-section elementor-element elementor-element-2ebd746f elementor-section-boxed elementor-section-height-default elementor-section-height-default\" data-id=\"2ebd746f\" data-element_type=\"section\" data-e-type=\"section\">\n\t\t\t\t\t\t<div class=\"elementor-container elementor-column-gap-default\">\n\t\t\t\t\t<div class=\"elementor-column elementor-col-100 elementor-top-column elementor-element elementor-element-2b5fafa0\" data-id=\"2b5fafa0\" data-element_type=\"column\" data-e-type=\"column\">\n\t\t\t<div class=\"elementor-widget-wrap elementor-element-populated\">\n\t\t\t\t\t\t<section class=\"elementor-section elementor-inner-section elementor-element elementor-element-7aa746fb elementor-section-boxed elementor-section-height-default elementor-section-height-default\" data-id=\"7aa746fb\" data-element_type=\"section\" data-e-type=\"section\">\n\t\t\t\t\t\t<div class=\"elementor-container elementor-column-gap-default\">\n\t\t\t\t\t<div class=\"elementor-column elementor-col-100 elementor-inner-column elementor-element elementor-element-74b947c0\" data-id=\"74b947c0\" data-element_type=\"column\" data-e-type=\"column\">\n\t\t\t<div class=\"elementor-widget-wrap elementor-element-populated\">\n\t\t\t\t\t\t<div class=\"elementor-element elementor-element-a3d8eea elementor-widget elementor-widget-html\" data-id=\"a3d8eea\" data-element_type=\"widget\" data-e-type=\"widget\" data-widget_type=\"html.default\">\n\t\t\t\t<div class=\"elementor-widget-container\">\n\t\t\t\t\t<style>\n    .ubb-program {\n        font-family: Arial, sans-serif;\n    }\n\n    .ubb-program .program-title {\n        font-size: 26px;\n        font-weight: bold;\n        color: #085c93;\n        margin-bottom: 20px;\n        text-align: center;\n    }\n\n    .ubb-program .day-title {\n        background-color: #085c93;\n        color: #ffffff;\n        font-weight: bold;\n        padding: 12px;\n        font-size: 18px;\n        margin-top: 30px;\n    }\n\n    .ubb-program .program-table {\n        width: 100%;\n        border-collapse: collapse;\n        margin-bottom: 40px;\n    }\n\n    .ubb-program .program-table th {\n        background-color: #085c93;\n        color: #ffffff;\n        padding: 10px;\n        border: 1px solid #ddd;\n        text-align: left;\n        font-size: 14px;\n    }\n\n    .ubb-program .program-table td {\n        padding: 10px;\n        border: 1px solid #ddd;\n        font-size: 14px;\n        transition: background-color 0.2s ease-in-out;\n    }\n\n    .ubb-program .program-table td:hover {\n        background-color: #f2f6f9;\n    }\n\n    .ubb-program .program-table th:hover {\n        background-color: #0a6ea8;\n    }\n<\/style>\n\n<div class=\"ubb-program\">\n\n    <div class=\"program-title\">\n        Preliminar Program<br>\n        Digital Integrated Circuit Design\n    <\/div>\n\n    <!-- ======================== MONDAY ======================== -->\n    <div class=\"day-title\">Monday - 1\/19\/2026<\/div>\n    <table class=\"program-table\">\n        <tr>\n            <th>Time<\/th>\n            <th>Topic<\/th>\n            <th>Lecturer<\/th>\n        <\/tr>\n        <tr>\n            <td>8:30 \u2013 9:00<\/td>\n            <td>Event Registration<\/td>\n            <td><\/td>\n        <\/tr>\n        <tr>\n            <td rowspan=\"5\">From 9:00 to 17:30<\/td>\n            <td>Introduction to Digital Design Flow<\/td>\n            <td>V\u00edctor Grimblatt<\/td>\n        <\/tr>\n        <tr>\n            <td>Verilog for Synthesis<\/td>\n            <td>V\u00edctor Grimblatt<\/td>\n        <\/tr>\n        <tr>\n            <td>Lunch Break<\/td>\n            <td><\/td>\n        <\/tr>\n        <tr>\n            <td>Fundamentals of CMOS I<\/td>\n            <td>V\u00edctor Grimblatt<\/td>\n        <\/tr>\n        <tr>\n            <td>Simulation of Digital Circuits with VCS<\/td>\n            <td>V\u00edctor Grimblatt<\/td>\n        <\/tr>\n        <tr>\n            <td>17:30 \u2013 18:30<\/td>\n            <td>Keynote<\/td>\n            <td>(TBD)<\/td>\n        <\/tr>\n    <\/table>\n\n    <!-- ======================== TUESDAY ======================== -->\n    <div class=\"day-title\">Tuesday - 1\/20\/2026<\/div>\n    <table class=\"program-table\">\n        <tr>\n            <th>Time<\/th>\n            <th>Topic<\/th>\n            <th>Lecturer<\/th>\n        <\/tr>\n        <tr>\n            <td rowspan=\"5\">From 9:00 to 17:30<\/td>\n            <td>Fundamentals of CMOS II<\/td>\n            <td>V\u00edctor Grimblatt<\/td>\n        <\/tr>\n        <tr>\n            <td>Lab 1: Verilog<\/td>\n            <td>V\u00edctor Grimblatt<\/td>\n        <\/tr>\n        <tr>\n            <td>Lunch Break<\/td>\n            <td><\/td>\n        <\/tr>\n        <tr>\n            <td>Introduction to Fabrication of ICs<\/td>\n            <td>V\u00edctor Grimblatt<\/td>\n        <\/tr>\n        <tr>\n            <td>Lab 2: Verilog<\/td>\n            <td>V\u00edctor Grimblatt<\/td>\n        <\/tr>\n        <tr>\n            <td>17:30 \u2013 18:30<\/td>\n            <td>Keynote<\/td>\n            <td>(TBD)<\/td>\n        <\/tr>\n    <\/table>\n\n    <!-- ======================== WEDNESDAY ======================== -->\n    <div class=\"day-title\">Wednesday - 1\/21\/2026<\/div>\n    <table class=\"program-table\">\n        <tr>\n            <th>Time<\/th>\n            <th>Topic<\/th>\n            <th>Lecturer<\/th>\n        <\/tr>\n        <tr>\n            <td rowspan=\"5\">From 9:00 to 17:30<\/td>\n            <td>Design Compiler I<\/td>\n            <td>Juan Orellana<\/td>\n        <\/tr>\n        <tr>\n            <td>Design Compiler II<\/td>\n            <td>Juan Orellana<\/td>\n        <\/tr>\n        <tr>\n            <td>Lunch Break<\/td>\n            <td><\/td>\n        <\/tr>\n        <tr>\n            <td>Lab 3: Synthesis with Design Compiler<\/td>\n            <td>Juan Orellana<\/td>\n        <\/tr>\n        <tr>\n            <td>Lab 4: Synthesis with Design Compiler<\/td>\n            <td>Juan Orellana<\/td>\n        <\/tr>\n        <tr>\n            <td>17:30 \u2013 18:30<\/td>\n            <td>Keynote<\/td>\n            <td>(TBD)<\/td>\n        <\/tr>\n    <\/table>\n\n    <!-- ======================== THURSDAY ======================== -->\n    <div class=\"day-title\">Thursday - 1\/22\/2026<\/div>\n    <table class=\"program-table\">\n        <tr>\n            <th>Time<\/th>\n            <th>Topic<\/th>\n            <th>Lecturer<\/th>\n        <\/tr>\n        <tr>\n            <td rowspan=\"5\">From 9:00 to 17:30<\/td>\n            <td>IC Compiler I<\/td>\n            <td>Ronaldo Serrano<\/td>\n        <\/tr>\n        <tr>\n            <td>IC Compiler II<\/td>\n            <td>Ronaldo Serrano<\/td>\n        <\/tr>\n        <tr>\n            <td>Lunch Break<\/td>\n            <td><\/td>\n        <\/tr>\n        <tr>\n            <td>Lab 5: Place & Route with IC Compiler<\/td>\n            <td>Ronaldo Serrano<\/td>\n        <\/tr>\n        <tr>\n            <td>Lab 6: Place & Route with IC Compiler<\/td>\n            <td>Ronaldo Serrano<\/td>\n        <\/tr>\n        <tr>\n            <td>17:30 \u2013 18:30<\/td>\n            <td>Keynote<\/td>\n            <td>(TBD)<\/td>\n        <\/tr>\n    <\/table>\n\n    <!-- ======================== FRIDAY ======================== -->\n    <div class=\"day-title\">Friday - 1\/23\/2026<\/div>\n    <table class=\"program-table\">\n        <tr>\n            <th>Time<\/th>\n            <th>Topic<\/th>\n            <th>Lecturer<\/th>\n        <\/tr>\n        <tr>\n            <td rowspan=\"5\">From 09:00 to 17:00<\/td>\n            <td>Lab 7: Final Review<\/td>\n            <td>(TBD)<\/td>\n        <\/tr>\n        <tr>\n            <td>Evaluation<\/td>\n            <td><\/td>\n        <\/tr>\n        <tr>\n            <td>Lunch Break<\/td>\n            <td><\/td>\n        <\/tr>\n        <tr>\n            <td>TBD<\/td>\n            <td><\/td>\n        <\/tr>\n        <tr>\n            <td>Event Closure<\/td>\n            <td><\/td>\n        <\/tr>\n    <\/table>\n\n<\/div>\n\t\t\t\t<\/div>\n\t\t\t\t<\/div>\n\t\t\t\t\t<\/div>\n\t\t<\/div>\n\t\t\t\t\t<\/div>\n\t\t<\/section>\n\t\t\t\t\t<\/div>\n\t\t<\/div>\n\t\t\t\t\t<\/div>\n\t\t<\/section>\n\t\t\t\t<\/div>\n\t\t","protected":false},"excerpt":{"rendered":"<p>Program Preliminar Program Digital Integrated Circuit Design Monday &#8211; 1\/19\/2026 Time Topic Lecturer 8:30 \u2013 9:00 Event Registration From 9:00 to 17:30 Introduction to Digital Design Flow V\u00edctor Grimblatt Verilog for Synthesis V\u00edctor Grimblatt Lunch Break Fundamentals of CMOS I V\u00edctor Grimblatt Simulation of Digital Circuits with VCS V\u00edctor Grimblatt 17:30 \u2013 18:30 Keynote (TBD) [&hellip;]<\/p>\n","protected":false},"author":3,"featured_media":0,"parent":0,"menu_order":0,"comment_status":"closed","ping_status":"closed","template":"elementor_header_footer","meta":{"_acf_changed":false,"footnotes":""},"class_list":["post-721","page","type-page","status-publish","hentry"],"acf":[],"yoast_head":"<!-- This site is optimized with the Yoast SEO plugin v27.1.1 - https:\/\/yoast.com\/product\/yoast-seo-wordpress\/ -->\n<title>Program - courses<\/title>\n<meta name=\"robots\" content=\"index, follow, max-snippet:-1, max-image-preview:large, max-video-preview:-1\" \/>\n<link rel=\"canonical\" href=\"https:\/\/asic-chile.cl\/sm\/program\/\" \/>\n<meta property=\"og:locale\" content=\"es_ES\" \/>\n<meta property=\"og:type\" content=\"article\" \/>\n<meta property=\"og:title\" content=\"Program - courses\" \/>\n<meta property=\"og:description\" content=\"Program Preliminar Program Digital Integrated Circuit Design Monday &#8211; 1\/19\/2026 Time Topic Lecturer 8:30 \u2013 9:00 Event Registration From 9:00 to 17:30 Introduction to Digital Design Flow V\u00edctor Grimblatt Verilog for Synthesis V\u00edctor Grimblatt Lunch Break Fundamentals of CMOS I V\u00edctor Grimblatt Simulation of Digital Circuits with VCS V\u00edctor Grimblatt 17:30 \u2013 18:30 Keynote (TBD) [&hellip;]\" \/>\n<meta property=\"og:url\" content=\"https:\/\/asic-chile.cl\/sm\/program\/\" \/>\n<meta property=\"og:site_name\" content=\"courses\" \/>\n<meta property=\"article:modified_time\" content=\"2026-01-16T20:54:13+00:00\" \/>\n<meta name=\"twitter:card\" content=\"summary_large_image\" \/>\n<meta name=\"twitter:label1\" content=\"Tiempo de lectura\" \/>\n\t<meta name=\"twitter:data1\" content=\"1 minuto\" \/>\n<script type=\"application\/ld+json\" class=\"yoast-schema-graph\">{\"@context\":\"https:\/\/schema.org\",\"@graph\":[{\"@type\":\"WebPage\",\"@id\":\"https:\/\/asic-chile.cl\/sm\/program\/\",\"url\":\"https:\/\/asic-chile.cl\/sm\/program\/\",\"name\":\"Program - courses\",\"isPartOf\":{\"@id\":\"https:\/\/asic-chile.cl\/sm\/#website\"},\"datePublished\":\"2022-11-10T11:19:32+00:00\",\"dateModified\":\"2026-01-16T20:54:13+00:00\",\"breadcrumb\":{\"@id\":\"https:\/\/asic-chile.cl\/sm\/program\/#breadcrumb\"},\"inLanguage\":\"es\",\"potentialAction\":[{\"@type\":\"ReadAction\",\"target\":[\"https:\/\/asic-chile.cl\/sm\/program\/\"]}]},{\"@type\":\"BreadcrumbList\",\"@id\":\"https:\/\/asic-chile.cl\/sm\/program\/#breadcrumb\",\"itemListElement\":[{\"@type\":\"ListItem\",\"position\":1,\"name\":\"Portada\",\"item\":\"https:\/\/asic-chile.cl\/sm\/\"},{\"@type\":\"ListItem\",\"position\":2,\"name\":\"Program\"}]},{\"@type\":\"WebSite\",\"@id\":\"https:\/\/asic-chile.cl\/sm\/#website\",\"url\":\"https:\/\/asic-chile.cl\/sm\/\",\"name\":\"courses\",\"description\":\"\",\"potentialAction\":[{\"@type\":\"SearchAction\",\"target\":{\"@type\":\"EntryPoint\",\"urlTemplate\":\"https:\/\/asic-chile.cl\/sm\/?s={search_term_string}\"},\"query-input\":{\"@type\":\"PropertyValueSpecification\",\"valueRequired\":true,\"valueName\":\"search_term_string\"}}],\"inLanguage\":\"es\"}]}<\/script>\n<!-- \/ Yoast SEO plugin. -->","yoast_head_json":{"title":"Program - courses","robots":{"index":"index","follow":"follow","max-snippet":"max-snippet:-1","max-image-preview":"max-image-preview:large","max-video-preview":"max-video-preview:-1"},"canonical":"https:\/\/asic-chile.cl\/sm\/program\/","og_locale":"es_ES","og_type":"article","og_title":"Program - courses","og_description":"Program Preliminar Program Digital Integrated Circuit Design Monday &#8211; 1\/19\/2026 Time Topic Lecturer 8:30 \u2013 9:00 Event Registration From 9:00 to 17:30 Introduction to Digital Design Flow V\u00edctor Grimblatt Verilog for Synthesis V\u00edctor Grimblatt Lunch Break Fundamentals of CMOS I V\u00edctor Grimblatt Simulation of Digital Circuits with VCS V\u00edctor Grimblatt 17:30 \u2013 18:30 Keynote (TBD) [&hellip;]","og_url":"https:\/\/asic-chile.cl\/sm\/program\/","og_site_name":"courses","article_modified_time":"2026-01-16T20:54:13+00:00","twitter_card":"summary_large_image","twitter_misc":{"Tiempo de lectura":"1 minuto"},"schema":{"@context":"https:\/\/schema.org","@graph":[{"@type":"WebPage","@id":"https:\/\/asic-chile.cl\/sm\/program\/","url":"https:\/\/asic-chile.cl\/sm\/program\/","name":"Program - courses","isPartOf":{"@id":"https:\/\/asic-chile.cl\/sm\/#website"},"datePublished":"2022-11-10T11:19:32+00:00","dateModified":"2026-01-16T20:54:13+00:00","breadcrumb":{"@id":"https:\/\/asic-chile.cl\/sm\/program\/#breadcrumb"},"inLanguage":"es","potentialAction":[{"@type":"ReadAction","target":["https:\/\/asic-chile.cl\/sm\/program\/"]}]},{"@type":"BreadcrumbList","@id":"https:\/\/asic-chile.cl\/sm\/program\/#breadcrumb","itemListElement":[{"@type":"ListItem","position":1,"name":"Portada","item":"https:\/\/asic-chile.cl\/sm\/"},{"@type":"ListItem","position":2,"name":"Program"}]},{"@type":"WebSite","@id":"https:\/\/asic-chile.cl\/sm\/#website","url":"https:\/\/asic-chile.cl\/sm\/","name":"courses","description":"","potentialAction":[{"@type":"SearchAction","target":{"@type":"EntryPoint","urlTemplate":"https:\/\/asic-chile.cl\/sm\/?s={search_term_string}"},"query-input":{"@type":"PropertyValueSpecification","valueRequired":true,"valueName":"search_term_string"}}],"inLanguage":"es"}]}},"_links":{"self":[{"href":"https:\/\/asic-chile.cl\/sm\/wp-json\/wp\/v2\/pages\/721","targetHints":{"allow":["GET"]}}],"collection":[{"href":"https:\/\/asic-chile.cl\/sm\/wp-json\/wp\/v2\/pages"}],"about":[{"href":"https:\/\/asic-chile.cl\/sm\/wp-json\/wp\/v2\/types\/page"}],"author":[{"embeddable":true,"href":"https:\/\/asic-chile.cl\/sm\/wp-json\/wp\/v2\/users\/3"}],"replies":[{"embeddable":true,"href":"https:\/\/asic-chile.cl\/sm\/wp-json\/wp\/v2\/comments?post=721"}],"version-history":[{"count":18,"href":"https:\/\/asic-chile.cl\/sm\/wp-json\/wp\/v2\/pages\/721\/revisions"}],"predecessor-version":[{"id":2285,"href":"https:\/\/asic-chile.cl\/sm\/wp-json\/wp\/v2\/pages\/721\/revisions\/2285"}],"wp:attachment":[{"href":"https:\/\/asic-chile.cl\/sm\/wp-json\/wp\/v2\/media?parent=721"}],"curies":[{"name":"wp","href":"https:\/\/api.w.org\/{rel}","templated":true}]}}