{"id":7,"date":"2019-10-22T05:39:29","date_gmt":"2019-10-22T05:39:29","guid":{"rendered":"https:\/\/jupiterx.artbees.net\/course\/?page_id=7"},"modified":"2025-12-16T16:21:45","modified_gmt":"2025-12-16T16:21:45","slug":"home","status":"publish","type":"page","link":"https:\/\/asic-chile.cl\/sm\/","title":{"rendered":"Home"},"content":{"rendered":"\t\t<div data-elementor-type=\"wp-page\" data-elementor-id=\"7\" class=\"elementor elementor-7\">\n\t\t\t\t\t\t<section class=\"elementor-section elementor-top-section elementor-element elementor-element-5c4ce52 elementor-section-boxed elementor-section-height-default elementor-section-height-default\" data-id=\"5c4ce52\" data-element_type=\"section\" data-e-type=\"section\" data-settings=\"{&quot;background_background&quot;:&quot;video&quot;,&quot;background_video_link&quot;:&quot;https:\\\/\\\/asic-chile.cl\\\/wp-content\\\/uploads\\\/sites\\\/24\\\/2025\\\/11\\\/6754818-uhd_3840_2160_25fps.mp4&quot;,&quot;background_video_start&quot;:10,&quot;background_video_end&quot;:30,&quot;background_play_on_mobile&quot;:&quot;yes&quot;}\">\n\t\t\t\t\t\t\t\t<div class=\"elementor-background-video-container\">\n\t\t\t\t\t\t\t\t\t\t\t\t\t<video class=\"elementor-background-video-hosted\" role=\"presentation\" autoplay muted playsinline loop><\/video>\n\t\t\t\t\t\t\t\t\t\t\t<\/div>\n\t\t\t\t\t\t\t\t\t<div class=\"elementor-background-overlay\"><\/div>\n\t\t\t\t\t\t\t<div class=\"elementor-container elementor-column-gap-no\">\n\t\t\t\t\t<div class=\"elementor-column elementor-col-50 elementor-top-column elementor-element elementor-element-d1146f9\" data-id=\"d1146f9\" data-element_type=\"column\" data-e-type=\"column\">\n\t\t\t<div class=\"elementor-widget-wrap elementor-element-populated\">\n\t\t\t\t\t\t<div class=\"elementor-element elementor-element-12bcdd3 elementor-hidden-desktop elementor-hidden-tablet elementor-hidden-mobile elementor-widget elementor-widget-heading\" data-id=\"12bcdd3\" data-element_type=\"widget\" data-e-type=\"widget\" data-widget_type=\"heading.default\">\n\t\t\t\t<div class=\"elementor-widget-container\">\n\t\t\t\t\t<h5 class=\"elementor-heading-title elementor-size-default\">COMING SOON<\/h5>\t\t\t\t<\/div>\n\t\t\t\t<\/div>\n\t\t\t\t<div class=\"elementor-element elementor-element-ba6bdef elementor-widget elementor-widget-heading\" data-id=\"ba6bdef\" data-element_type=\"widget\" data-e-type=\"widget\" data-widget_type=\"heading.default\">\n\t\t\t\t<div class=\"elementor-widget-container\">\n\t\t\t\t\t<h1 class=\"elementor-heading-title elementor-size-default\">Digital Integrated Circuits Design Bootcamp\nValpara\u00edso, Chile, 2026<\/h1>\t\t\t\t<\/div>\n\t\t\t\t<\/div>\n\t\t\t\t<div class=\"elementor-element elementor-element-e3eb929 elementor-widget elementor-widget-heading\" data-id=\"e3eb929\" data-element_type=\"widget\" data-e-type=\"widget\" data-widget_type=\"heading.default\">\n\t\t\t\t<div class=\"elementor-widget-container\">\n\t\t\t\t\t<h5 class=\"elementor-heading-title elementor-size-default\">January 19th \u2013 23rd, 2026 | 9:00 AM \u2013 6:00 PM daily<\/h5>\t\t\t\t<\/div>\n\t\t\t\t<\/div>\n\t\t\t\t<div class=\"elementor-element elementor-element-317f8e4 elementor-widget elementor-widget-heading\" data-id=\"317f8e4\" data-element_type=\"widget\" data-e-type=\"widget\" data-widget_type=\"heading.default\">\n\t\t\t\t<div class=\"elementor-widget-container\">\n\t\t\t\t\t<h5 class=\"elementor-heading-title elementor-size-default\"><strong>Salas PC01 y PC02, edificio P, Universidad T\u00e9cnica Federico Santa Mar\u00eda<\/strong> <br>\nLos Placeres 466, Valpara\u00edso<br>\n<\/h5>\t\t\t\t<\/div>\n\t\t\t\t<\/div>\n\t\t\t\t\t<\/div>\n\t\t<\/div>\n\t\t\t\t<div class=\"elementor-column elementor-col-50 elementor-top-column elementor-element elementor-element-d807b9a\" data-id=\"d807b9a\" data-element_type=\"column\" data-e-type=\"column\">\n\t\t\t<div class=\"elementor-widget-wrap\">\n\t\t\t\t\t\t\t<\/div>\n\t\t<\/div>\n\t\t\t\t\t<\/div>\n\t\t<\/section>\n\t\t\t\t<section class=\"elementor-section elementor-top-section elementor-element elementor-element-4bd893d elementor-section-boxed elementor-section-height-default elementor-section-height-default\" data-id=\"4bd893d\" data-element_type=\"section\" data-e-type=\"section\">\n\t\t\t\t\t\t<div class=\"elementor-container elementor-column-gap-default\">\n\t\t\t\t\t<div class=\"elementor-column elementor-col-100 elementor-top-column elementor-element elementor-element-715e949\" data-id=\"715e949\" data-element_type=\"column\" data-e-type=\"column\">\n\t\t\t<div class=\"elementor-widget-wrap elementor-element-populated\">\n\t\t\t\t\t\t<div class=\"elementor-element elementor-element-04488f7 elementor-widget elementor-widget-spacer\" data-id=\"04488f7\" data-element_type=\"widget\" data-e-type=\"widget\" data-widget_type=\"spacer.default\">\n\t\t\t\t<div class=\"elementor-widget-container\">\n\t\t\t\t\t\t\t<div class=\"elementor-spacer\">\n\t\t\t<div class=\"elementor-spacer-inner\"><\/div>\n\t\t<\/div>\n\t\t\t\t\t\t<\/div>\n\t\t\t\t<\/div>\n\t\t\t\t\t<\/div>\n\t\t<\/div>\n\t\t\t\t\t<\/div>\n\t\t<\/section>\n\t\t\t\t<section class=\"elementor-section elementor-top-section elementor-element elementor-element-b3e51ff elementor-section-boxed elementor-section-height-default elementor-section-height-default\" data-id=\"b3e51ff\" data-element_type=\"section\" data-e-type=\"section\">\n\t\t\t\t\t\t<div class=\"elementor-container elementor-column-gap-default\">\n\t\t\t\t\t<div class=\"elementor-column elementor-col-100 elementor-top-column elementor-element elementor-element-184097b\" data-id=\"184097b\" data-element_type=\"column\" data-e-type=\"column\">\n\t\t\t<div class=\"elementor-widget-wrap elementor-element-populated\">\n\t\t\t\t\t\t<div class=\"elementor-element elementor-element-0219515 elementor-invisible elementor-widget elementor-widget-text-editor\" data-id=\"0219515\" data-element_type=\"widget\" data-e-type=\"widget\" data-settings=\"{&quot;_animation&quot;:&quot;fadeIn&quot;}\" data-widget_type=\"text-editor.default\">\n\t\t\t\t<div class=\"elementor-widget-container\">\n\t\t\t\t\t\t\t\t\t<p>Organizers:<\/p>\t\t\t\t\t\t\t\t<\/div>\n\t\t\t\t<\/div>\n\t\t\t\t\t<\/div>\n\t\t<\/div>\n\t\t\t\t\t<\/div>\n\t\t<\/section>\n\t\t\t\t<section class=\"elementor-section elementor-top-section elementor-element elementor-element-be7c224 elementor-section-boxed elementor-section-height-default elementor-section-height-default\" data-id=\"be7c224\" data-element_type=\"section\" data-e-type=\"section\">\n\t\t\t\t\t\t<div class=\"elementor-container elementor-column-gap-default\">\n\t\t\t\t\t<div class=\"elementor-column elementor-col-20 elementor-top-column elementor-element elementor-element-1e6021b\" data-id=\"1e6021b\" data-element_type=\"column\" data-e-type=\"column\">\n\t\t\t<div class=\"elementor-widget-wrap elementor-element-populated\">\n\t\t\t\t\t\t<div class=\"elementor-element elementor-element-113026e elementor-invisible elementor-widget elementor-widget-image\" data-id=\"113026e\" data-element_type=\"widget\" data-e-type=\"widget\" data-settings=\"{&quot;_animation&quot;:&quot;fadeInUp&quot;,&quot;_animation_delay&quot;:100}\" data-widget_type=\"image.default\">\n\t\t\t\t<div class=\"elementor-widget-container\">\n\t\t\t\t\t\t\t\t\t\t\t\t\t\t\t<img fetchpriority=\"high\" decoding=\"async\" width=\"1024\" height=\"1020\" src=\"https:\/\/asic-chile.cl\/sm\/wp-content\/uploads\/sites\/24\/2025\/06\/logo1synopsys-1024x1020.png\" class=\"attachment-large size-large wp-image-1969\" alt=\"\" srcset=\"https:\/\/asic-chile.cl\/sm\/wp-content\/uploads\/sites\/24\/2025\/06\/logo1synopsys-1024x1020.png 1024w, https:\/\/asic-chile.cl\/sm\/wp-content\/uploads\/sites\/24\/2025\/06\/logo1synopsys-300x300.png 300w, https:\/\/asic-chile.cl\/sm\/wp-content\/uploads\/sites\/24\/2025\/06\/logo1synopsys-150x150.png 150w, https:\/\/asic-chile.cl\/sm\/wp-content\/uploads\/sites\/24\/2025\/06\/logo1synopsys-768x765.png 768w, https:\/\/asic-chile.cl\/sm\/wp-content\/uploads\/sites\/24\/2025\/06\/logo1synopsys.png 1080w\" sizes=\"(max-width: 1024px) 100vw, 1024px\" \/>\t\t\t\t\t\t\t\t\t\t\t\t\t\t\t<\/div>\n\t\t\t\t<\/div>\n\t\t\t\t\t<\/div>\n\t\t<\/div>\n\t\t\t\t<div class=\"elementor-column elementor-col-20 elementor-top-column elementor-element elementor-element-0fc6d6c\" data-id=\"0fc6d6c\" data-element_type=\"column\" data-e-type=\"column\">\n\t\t\t<div class=\"elementor-widget-wrap elementor-element-populated\">\n\t\t\t\t\t\t<div class=\"elementor-element elementor-element-d719920 elementor-invisible elementor-widget elementor-widget-image\" data-id=\"d719920\" data-element_type=\"widget\" data-e-type=\"widget\" data-settings=\"{&quot;_animation&quot;:&quot;fadeInUp&quot;,&quot;_animation_delay&quot;:100}\" data-widget_type=\"image.default\">\n\t\t\t\t<div class=\"elementor-widget-container\">\n\t\t\t\t\t\t\t\t\t\t\t\t\t\t\t<img decoding=\"async\" width=\"1024\" height=\"1020\" src=\"https:\/\/asic-chile.cl\/sm\/wp-content\/uploads\/sites\/24\/2025\/12\/logo-USM-1024x1020.png\" class=\"attachment-large size-large wp-image-2190\" alt=\"\" srcset=\"https:\/\/asic-chile.cl\/sm\/wp-content\/uploads\/sites\/24\/2025\/12\/logo-USM-1024x1020.png 1024w, https:\/\/asic-chile.cl\/sm\/wp-content\/uploads\/sites\/24\/2025\/12\/logo-USM-300x300.png 300w, https:\/\/asic-chile.cl\/sm\/wp-content\/uploads\/sites\/24\/2025\/12\/logo-USM-150x150.png 150w, https:\/\/asic-chile.cl\/sm\/wp-content\/uploads\/sites\/24\/2025\/12\/logo-USM-768x765.png 768w, https:\/\/asic-chile.cl\/sm\/wp-content\/uploads\/sites\/24\/2025\/12\/logo-USM.png 1080w\" sizes=\"(max-width: 1024px) 100vw, 1024px\" \/>\t\t\t\t\t\t\t\t\t\t\t\t\t\t\t<\/div>\n\t\t\t\t<\/div>\n\t\t\t\t\t<\/div>\n\t\t<\/div>\n\t\t\t\t<div class=\"elementor-column elementor-col-20 elementor-top-column elementor-element elementor-element-e9ddba9\" data-id=\"e9ddba9\" data-element_type=\"column\" data-e-type=\"column\">\n\t\t\t<div class=\"elementor-widget-wrap elementor-element-populated\">\n\t\t\t\t\t\t<div class=\"elementor-element elementor-element-bf32407 elementor-invisible elementor-widget elementor-widget-image\" data-id=\"bf32407\" data-element_type=\"widget\" data-e-type=\"widget\" data-settings=\"{&quot;_animation&quot;:&quot;fadeInUp&quot;,&quot;_animation_delay&quot;:200}\" data-widget_type=\"image.default\">\n\t\t\t\t<div class=\"elementor-widget-container\">\n\t\t\t\t\t\t\t\t\t\t\t\t\t\t\t<img decoding=\"async\" width=\"1024\" height=\"1020\" src=\"https:\/\/asic-chile.cl\/sm\/wp-content\/uploads\/sites\/24\/2025\/12\/logo-C3E-1024x1020.png\" class=\"attachment-large size-large wp-image-2191\" alt=\"\" srcset=\"https:\/\/asic-chile.cl\/sm\/wp-content\/uploads\/sites\/24\/2025\/12\/logo-C3E-1024x1020.png 1024w, https:\/\/asic-chile.cl\/sm\/wp-content\/uploads\/sites\/24\/2025\/12\/logo-C3E-300x300.png 300w, https:\/\/asic-chile.cl\/sm\/wp-content\/uploads\/sites\/24\/2025\/12\/logo-C3E-150x150.png 150w, https:\/\/asic-chile.cl\/sm\/wp-content\/uploads\/sites\/24\/2025\/12\/logo-C3E-768x765.png 768w, https:\/\/asic-chile.cl\/sm\/wp-content\/uploads\/sites\/24\/2025\/12\/logo-C3E.png 1080w\" sizes=\"(max-width: 1024px) 100vw, 1024px\" \/>\t\t\t\t\t\t\t\t\t\t\t\t\t\t\t<\/div>\n\t\t\t\t<\/div>\n\t\t\t\t\t<\/div>\n\t\t<\/div>\n\t\t\t\t<div class=\"elementor-column elementor-col-20 elementor-top-column elementor-element elementor-element-ef5914d\" data-id=\"ef5914d\" data-element_type=\"column\" data-e-type=\"column\">\n\t\t\t<div class=\"elementor-widget-wrap elementor-element-populated\">\n\t\t\t\t\t\t<div class=\"elementor-element elementor-element-ec632ca elementor-invisible elementor-widget elementor-widget-image\" data-id=\"ec632ca\" data-element_type=\"widget\" data-e-type=\"widget\" data-settings=\"{&quot;_animation&quot;:&quot;fadeInUp&quot;,&quot;_animation_delay&quot;:200}\" data-widget_type=\"image.default\">\n\t\t\t\t<div class=\"elementor-widget-container\">\n\t\t\t\t\t\t\t\t\t\t\t\t\t\t\t<img loading=\"lazy\" decoding=\"async\" width=\"1024\" height=\"1020\" src=\"https:\/\/asic-chile.cl\/sm\/wp-content\/uploads\/sites\/24\/2025\/12\/logo-DE-1024x1020.png\" class=\"attachment-large size-large wp-image-2192\" alt=\"\" srcset=\"https:\/\/asic-chile.cl\/sm\/wp-content\/uploads\/sites\/24\/2025\/12\/logo-DE-1024x1020.png 1024w, https:\/\/asic-chile.cl\/sm\/wp-content\/uploads\/sites\/24\/2025\/12\/logo-DE-300x300.png 300w, https:\/\/asic-chile.cl\/sm\/wp-content\/uploads\/sites\/24\/2025\/12\/logo-DE-150x150.png 150w, https:\/\/asic-chile.cl\/sm\/wp-content\/uploads\/sites\/24\/2025\/12\/logo-DE-768x765.png 768w, https:\/\/asic-chile.cl\/sm\/wp-content\/uploads\/sites\/24\/2025\/12\/logo-DE.png 1080w\" sizes=\"(max-width: 1024px) 100vw, 1024px\" \/>\t\t\t\t\t\t\t\t\t\t\t\t\t\t\t<\/div>\n\t\t\t\t<\/div>\n\t\t\t\t\t<\/div>\n\t\t<\/div>\n\t\t\t\t<div class=\"elementor-column elementor-col-20 elementor-top-column elementor-element elementor-element-d74afca\" data-id=\"d74afca\" data-element_type=\"column\" data-e-type=\"column\">\n\t\t\t<div class=\"elementor-widget-wrap elementor-element-populated\">\n\t\t\t\t\t\t<div class=\"elementor-element elementor-element-2862112 elementor-invisible elementor-widget elementor-widget-image\" data-id=\"2862112\" data-element_type=\"widget\" data-e-type=\"widget\" data-settings=\"{&quot;_animation&quot;:&quot;fadeInUp&quot;,&quot;_animation_delay&quot;:200}\" data-widget_type=\"image.default\">\n\t\t\t\t<div class=\"elementor-widget-container\">\n\t\t\t\t\t\t\t\t\t\t\t\t\t\t\t<img loading=\"lazy\" decoding=\"async\" width=\"1024\" height=\"1020\" src=\"https:\/\/asic-chile.cl\/sm\/wp-content\/uploads\/sites\/24\/2025\/12\/logo-CUSM-1024x1020.png\" class=\"attachment-large size-large wp-image-2193\" alt=\"\" srcset=\"https:\/\/asic-chile.cl\/sm\/wp-content\/uploads\/sites\/24\/2025\/12\/logo-CUSM-1024x1020.png 1024w, https:\/\/asic-chile.cl\/sm\/wp-content\/uploads\/sites\/24\/2025\/12\/logo-CUSM-300x300.png 300w, https:\/\/asic-chile.cl\/sm\/wp-content\/uploads\/sites\/24\/2025\/12\/logo-CUSM-150x150.png 150w, https:\/\/asic-chile.cl\/sm\/wp-content\/uploads\/sites\/24\/2025\/12\/logo-CUSM-768x765.png 768w, https:\/\/asic-chile.cl\/sm\/wp-content\/uploads\/sites\/24\/2025\/12\/logo-CUSM.png 1080w\" sizes=\"(max-width: 1024px) 100vw, 1024px\" \/>\t\t\t\t\t\t\t\t\t\t\t\t\t\t\t<\/div>\n\t\t\t\t<\/div>\n\t\t\t\t\t<\/div>\n\t\t<\/div>\n\t\t\t\t\t<\/div>\n\t\t<\/section>\n\t\t\t\t<section class=\"elementor-section elementor-top-section elementor-element elementor-element-2eb4a3f elementor-section-boxed elementor-section-height-default elementor-section-height-default\" data-id=\"2eb4a3f\" data-element_type=\"section\" data-e-type=\"section\">\n\t\t\t\t\t\t<div class=\"elementor-container elementor-column-gap-default\">\n\t\t\t\t\t<div class=\"elementor-column elementor-col-100 elementor-top-column elementor-element elementor-element-fccd2bb\" data-id=\"fccd2bb\" data-element_type=\"column\" data-e-type=\"column\">\n\t\t\t<div class=\"elementor-widget-wrap\">\n\t\t\t\t\t\t\t<\/div>\n\t\t<\/div>\n\t\t\t\t\t<\/div>\n\t\t<\/section>\n\t\t\t\t<section class=\"elementor-section elementor-top-section elementor-element elementor-element-28773ca elementor-section-boxed elementor-section-height-default elementor-section-height-default\" data-id=\"28773ca\" data-element_type=\"section\" data-e-type=\"section\">\n\t\t\t\t\t\t<div class=\"elementor-container elementor-column-gap-default\">\n\t\t\t\t\t<div class=\"elementor-column elementor-col-100 elementor-top-column elementor-element elementor-element-8bf1004\" data-id=\"8bf1004\" data-element_type=\"column\" data-e-type=\"column\">\n\t\t\t<div class=\"elementor-widget-wrap elementor-element-populated\">\n\t\t\t\t\t\t<div class=\"elementor-element elementor-element-6796df8 elementor-widget elementor-widget-spacer\" data-id=\"6796df8\" data-element_type=\"widget\" data-e-type=\"widget\" data-widget_type=\"spacer.default\">\n\t\t\t\t<div class=\"elementor-widget-container\">\n\t\t\t\t\t\t\t<div class=\"elementor-spacer\">\n\t\t\t<div class=\"elementor-spacer-inner\"><\/div>\n\t\t<\/div>\n\t\t\t\t\t\t<\/div>\n\t\t\t\t<\/div>\n\t\t\t\t\t<\/div>\n\t\t<\/div>\n\t\t\t\t\t<\/div>\n\t\t<\/section>\n\t\t\t\t<\/div>\n\t\t","protected":false},"excerpt":{"rendered":"<p>COMING SOON Digital Integrated Circuits Design Bootcamp Valpara\u00edso, Chile, 2026 January 19th \u2013 23rd, 2026 | 9:00 AM \u2013 6:00 PM daily Salas PC01 y PC02, edificio P, Universidad T\u00e9cnica Federico Santa Mar\u00eda Los Placeres 466, Valpara\u00edso Organizers:<\/p>\n","protected":false},"author":1,"featured_media":0,"parent":0,"menu_order":0,"comment_status":"closed","ping_status":"closed","template":"full-width.php","meta":{"_acf_changed":false,"footnotes":""},"class_list":["post-7","page","type-page","status-publish","hentry"],"acf":[],"yoast_head":"<!-- This site is optimized with the Yoast SEO plugin v27.1.1 - https:\/\/yoast.com\/product\/yoast-seo-wordpress\/ -->\n<title>Home<\/title>\n<meta name=\"robots\" content=\"index, follow, max-snippet:-1, max-image-preview:large, max-video-preview:-1\" \/>\n<link rel=\"canonical\" href=\"https:\/\/asic-chile.cl\/sm\/\" \/>\n<meta property=\"og:locale\" content=\"es_ES\" \/>\n<meta property=\"og:type\" content=\"article\" \/>\n<meta property=\"og:title\" content=\"Home\" \/>\n<meta property=\"og:description\" content=\"COMING SOON Digital Integrated Circuits Design Bootcamp Valpara\u00edso, Chile, 2026 January 19th \u2013 23rd, 2026 | 9:00 AM \u2013 6:00 PM daily Salas PC01 y PC02, edificio P, Universidad T\u00e9cnica Federico Santa Mar\u00eda Los Placeres 466, Valpara\u00edso Organizers:\" \/>\n<meta property=\"og:url\" content=\"https:\/\/asic-chile.cl\/sm\/\" \/>\n<meta property=\"og:site_name\" content=\"courses\" \/>\n<meta property=\"article:modified_time\" content=\"2025-12-16T16:21:45+00:00\" \/>\n<meta property=\"og:image\" content=\"https:\/\/asic-chile.cl\/sm\/wp-content\/uploads\/sites\/24\/2025\/06\/logo1synopsys.png\" \/>\n\t<meta property=\"og:image:width\" content=\"1080\" \/>\n\t<meta property=\"og:image:height\" content=\"1076\" \/>\n\t<meta property=\"og:image:type\" content=\"image\/png\" \/>\n<meta name=\"twitter:card\" content=\"summary_large_image\" \/>\n<meta name=\"twitter:label1\" content=\"Tiempo de lectura\" \/>\n\t<meta name=\"twitter:data1\" content=\"2 minutos\" \/>\n<script type=\"application\/ld+json\" class=\"yoast-schema-graph\">{\"@context\":\"https:\/\/schema.org\",\"@graph\":[{\"@type\":\"WebPage\",\"@id\":\"https:\/\/asic-chile.cl\/sm\/\",\"url\":\"https:\/\/asic-chile.cl\/sm\/\",\"name\":\"Home\",\"isPartOf\":{\"@id\":\"https:\/\/asic-chile.cl\/sm\/#website\"},\"primaryImageOfPage\":{\"@id\":\"https:\/\/asic-chile.cl\/sm\/#primaryimage\"},\"image\":{\"@id\":\"https:\/\/asic-chile.cl\/sm\/#primaryimage\"},\"thumbnailUrl\":\"https:\/\/asic-chile.cl\/sm\/wp-content\/uploads\/sites\/24\/2025\/06\/logo1synopsys-1024x1020.png\",\"datePublished\":\"2019-10-22T05:39:29+00:00\",\"dateModified\":\"2025-12-16T16:21:45+00:00\",\"breadcrumb\":{\"@id\":\"https:\/\/asic-chile.cl\/sm\/#breadcrumb\"},\"inLanguage\":\"es\",\"potentialAction\":[{\"@type\":\"ReadAction\",\"target\":[\"https:\/\/asic-chile.cl\/sm\/\"]}]},{\"@type\":\"ImageObject\",\"inLanguage\":\"es\",\"@id\":\"https:\/\/asic-chile.cl\/sm\/#primaryimage\",\"url\":\"https:\/\/asic-chile.cl\/sm\/wp-content\/uploads\/sites\/24\/2025\/06\/logo1synopsys.png\",\"contentUrl\":\"https:\/\/asic-chile.cl\/sm\/wp-content\/uploads\/sites\/24\/2025\/06\/logo1synopsys.png\",\"width\":1080,\"height\":1076},{\"@type\":\"BreadcrumbList\",\"@id\":\"https:\/\/asic-chile.cl\/sm\/#breadcrumb\",\"itemListElement\":[{\"@type\":\"ListItem\",\"position\":1,\"name\":\"Portada\",\"item\":\"https:\/\/asic-chile.cl\/sm\/\"},{\"@type\":\"ListItem\",\"position\":2,\"name\":\"Home\"}]},{\"@type\":\"WebSite\",\"@id\":\"https:\/\/asic-chile.cl\/sm\/#website\",\"url\":\"https:\/\/asic-chile.cl\/sm\/\",\"name\":\"courses\",\"description\":\"\",\"potentialAction\":[{\"@type\":\"SearchAction\",\"target\":{\"@type\":\"EntryPoint\",\"urlTemplate\":\"https:\/\/asic-chile.cl\/sm\/?s={search_term_string}\"},\"query-input\":{\"@type\":\"PropertyValueSpecification\",\"valueRequired\":true,\"valueName\":\"search_term_string\"}}],\"inLanguage\":\"es\"}]}<\/script>\n<!-- \/ Yoast SEO plugin. -->","yoast_head_json":{"title":"Home","robots":{"index":"index","follow":"follow","max-snippet":"max-snippet:-1","max-image-preview":"max-image-preview:large","max-video-preview":"max-video-preview:-1"},"canonical":"https:\/\/asic-chile.cl\/sm\/","og_locale":"es_ES","og_type":"article","og_title":"Home","og_description":"COMING SOON Digital Integrated Circuits Design Bootcamp Valpara\u00edso, Chile, 2026 January 19th \u2013 23rd, 2026 | 9:00 AM \u2013 6:00 PM daily Salas PC01 y PC02, edificio P, Universidad T\u00e9cnica Federico Santa Mar\u00eda Los Placeres 466, Valpara\u00edso Organizers:","og_url":"https:\/\/asic-chile.cl\/sm\/","og_site_name":"courses","article_modified_time":"2025-12-16T16:21:45+00:00","og_image":[{"width":1080,"height":1076,"url":"https:\/\/asic-chile.cl\/sm\/wp-content\/uploads\/sites\/24\/2025\/06\/logo1synopsys.png","type":"image\/png"}],"twitter_card":"summary_large_image","twitter_misc":{"Tiempo de lectura":"2 minutos"},"schema":{"@context":"https:\/\/schema.org","@graph":[{"@type":"WebPage","@id":"https:\/\/asic-chile.cl\/sm\/","url":"https:\/\/asic-chile.cl\/sm\/","name":"Home","isPartOf":{"@id":"https:\/\/asic-chile.cl\/sm\/#website"},"primaryImageOfPage":{"@id":"https:\/\/asic-chile.cl\/sm\/#primaryimage"},"image":{"@id":"https:\/\/asic-chile.cl\/sm\/#primaryimage"},"thumbnailUrl":"https:\/\/asic-chile.cl\/sm\/wp-content\/uploads\/sites\/24\/2025\/06\/logo1synopsys-1024x1020.png","datePublished":"2019-10-22T05:39:29+00:00","dateModified":"2025-12-16T16:21:45+00:00","breadcrumb":{"@id":"https:\/\/asic-chile.cl\/sm\/#breadcrumb"},"inLanguage":"es","potentialAction":[{"@type":"ReadAction","target":["https:\/\/asic-chile.cl\/sm\/"]}]},{"@type":"ImageObject","inLanguage":"es","@id":"https:\/\/asic-chile.cl\/sm\/#primaryimage","url":"https:\/\/asic-chile.cl\/sm\/wp-content\/uploads\/sites\/24\/2025\/06\/logo1synopsys.png","contentUrl":"https:\/\/asic-chile.cl\/sm\/wp-content\/uploads\/sites\/24\/2025\/06\/logo1synopsys.png","width":1080,"height":1076},{"@type":"BreadcrumbList","@id":"https:\/\/asic-chile.cl\/sm\/#breadcrumb","itemListElement":[{"@type":"ListItem","position":1,"name":"Portada","item":"https:\/\/asic-chile.cl\/sm\/"},{"@type":"ListItem","position":2,"name":"Home"}]},{"@type":"WebSite","@id":"https:\/\/asic-chile.cl\/sm\/#website","url":"https:\/\/asic-chile.cl\/sm\/","name":"courses","description":"","potentialAction":[{"@type":"SearchAction","target":{"@type":"EntryPoint","urlTemplate":"https:\/\/asic-chile.cl\/sm\/?s={search_term_string}"},"query-input":{"@type":"PropertyValueSpecification","valueRequired":true,"valueName":"search_term_string"}}],"inLanguage":"es"}]}},"_links":{"self":[{"href":"https:\/\/asic-chile.cl\/sm\/wp-json\/wp\/v2\/pages\/7","targetHints":{"allow":["GET"]}}],"collection":[{"href":"https:\/\/asic-chile.cl\/sm\/wp-json\/wp\/v2\/pages"}],"about":[{"href":"https:\/\/asic-chile.cl\/sm\/wp-json\/wp\/v2\/types\/page"}],"author":[{"embeddable":true,"href":"https:\/\/asic-chile.cl\/sm\/wp-json\/wp\/v2\/users\/1"}],"replies":[{"embeddable":true,"href":"https:\/\/asic-chile.cl\/sm\/wp-json\/wp\/v2\/comments?post=7"}],"version-history":[{"count":6,"href":"https:\/\/asic-chile.cl\/sm\/wp-json\/wp\/v2\/pages\/7\/revisions"}],"predecessor-version":[{"id":2225,"href":"https:\/\/asic-chile.cl\/sm\/wp-json\/wp\/v2\/pages\/7\/revisions\/2225"}],"wp:attachment":[{"href":"https:\/\/asic-chile.cl\/sm\/wp-json\/wp\/v2\/media?parent=7"}],"curies":[{"name":"wp","href":"https:\/\/api.w.org\/{rel}","templated":true}]}}