{"id":493,"date":"2022-11-04T19:29:58","date_gmt":"2022-11-04T19:29:58","guid":{"rendered":"https:\/\/asic-chile.cl\/icbootcampbb\/?page_id=493"},"modified":"2026-01-16T20:26:33","modified_gmt":"2026-01-16T20:26:33","slug":"lecturers","status":"publish","type":"page","link":"https:\/\/asic-chile.cl\/sm\/lecturers\/","title":{"rendered":"Lecturers"},"content":{"rendered":"\t\t<div data-elementor-type=\"wp-page\" data-elementor-id=\"493\" class=\"elementor elementor-493\">\n\t\t\t\t\t\t<section class=\"elementor-section elementor-top-section elementor-element elementor-element-c2ea8b2 elementor-section-boxed elementor-section-height-default elementor-section-height-default\" data-id=\"c2ea8b2\" data-element_type=\"section\" data-e-type=\"section\" data-settings=\"{&quot;background_background&quot;:&quot;classic&quot;}\">\n\t\t\t\t\t\t\t<div class=\"elementor-background-overlay\"><\/div>\n\t\t\t\t\t\t\t<div class=\"elementor-container elementor-column-gap-no\">\n\t\t\t\t\t<div class=\"elementor-column elementor-col-100 elementor-top-column elementor-element elementor-element-6ef623a\" data-id=\"6ef623a\" data-element_type=\"column\" data-e-type=\"column\">\n\t\t\t<div class=\"elementor-widget-wrap elementor-element-populated\">\n\t\t\t\t\t\t<div class=\"elementor-element elementor-element-7a58b7a elementor-widget elementor-widget-spacer\" data-id=\"7a58b7a\" data-element_type=\"widget\" data-e-type=\"widget\" data-widget_type=\"spacer.default\">\n\t\t\t\t<div class=\"elementor-widget-container\">\n\t\t\t\t\t\t\t<div class=\"elementor-spacer\">\n\t\t\t<div class=\"elementor-spacer-inner\"><\/div>\n\t\t<\/div>\n\t\t\t\t\t\t<\/div>\n\t\t\t\t<\/div>\n\t\t\t\t<div class=\"elementor-element elementor-element-06fde02 elementor-widget elementor-widget-heading\" data-id=\"06fde02\" data-element_type=\"widget\" data-e-type=\"widget\" data-widget_type=\"heading.default\">\n\t\t\t\t<div class=\"elementor-widget-container\">\n\t\t\t\t\t<h1 class=\"elementor-heading-title elementor-size-default\">Lecturers<\/h1>\t\t\t\t<\/div>\n\t\t\t\t<\/div>\n\t\t\t\t<div class=\"elementor-element elementor-element-8ce8e65 elementor-widget elementor-widget-heading\" data-id=\"8ce8e65\" data-element_type=\"widget\" data-e-type=\"widget\" data-widget_type=\"heading.default\">\n\t\t\t\t<div class=\"elementor-widget-container\">\n\t\t\t\t\t<h5 class=\"elementor-heading-title elementor-size-default\">January 19th \u2013 23rd, 2026 | 9:00 AM \u2013 6:00 PM daily<\/h5>\t\t\t\t<\/div>\n\t\t\t\t<\/div>\n\t\t\t\t<div class=\"elementor-element elementor-element-221690b elementor-widget elementor-widget-heading\" data-id=\"221690b\" data-element_type=\"widget\" data-e-type=\"widget\" data-widget_type=\"heading.default\">\n\t\t\t\t<div class=\"elementor-widget-container\">\n\t\t\t\t\t<h5 class=\"elementor-heading-title elementor-size-default\"><strong>Salas PC01 y PC02, edificio P, Universidad T\u00e9cnica Federico Santa Mar\u00eda<\/strong> <br>\nLos Placeres 466, Valpara\u00edso\n<\/h5>\t\t\t\t<\/div>\n\t\t\t\t<\/div>\n\t\t\t\t<div class=\"elementor-element elementor-element-0e1dd8a elementor-widget elementor-widget-spacer\" data-id=\"0e1dd8a\" data-element_type=\"widget\" data-e-type=\"widget\" data-widget_type=\"spacer.default\">\n\t\t\t\t<div class=\"elementor-widget-container\">\n\t\t\t\t\t\t\t<div class=\"elementor-spacer\">\n\t\t\t<div class=\"elementor-spacer-inner\"><\/div>\n\t\t<\/div>\n\t\t\t\t\t\t<\/div>\n\t\t\t\t<\/div>\n\t\t\t\t\t<\/div>\n\t\t<\/div>\n\t\t\t\t\t<\/div>\n\t\t<\/section>\n\t\t\t\t<section class=\"elementor-section elementor-top-section elementor-element elementor-element-7fd67958 elementor-section-boxed elementor-section-height-default elementor-section-height-default\" data-id=\"7fd67958\" data-element_type=\"section\" data-e-type=\"section\" id=\"grimblatt\">\n\t\t\t\t\t\t<div class=\"elementor-container elementor-column-gap-default\">\n\t\t\t\t\t<div class=\"elementor-column elementor-col-100 elementor-top-column elementor-element elementor-element-4db6ff8b\" data-id=\"4db6ff8b\" data-element_type=\"column\" data-e-type=\"column\">\n\t\t\t<div class=\"elementor-widget-wrap elementor-element-populated\">\n\t\t\t\t\t\t<div class=\"elementor-element elementor-element-118c0598 elementor-widget elementor-widget-spacer\" data-id=\"118c0598\" data-element_type=\"widget\" data-e-type=\"widget\" data-widget_type=\"spacer.default\">\n\t\t\t\t<div class=\"elementor-widget-container\">\n\t\t\t\t\t\t\t<div class=\"elementor-spacer\">\n\t\t\t<div class=\"elementor-spacer-inner\"><\/div>\n\t\t<\/div>\n\t\t\t\t\t\t<\/div>\n\t\t\t\t<\/div>\n\t\t\t\t\t<\/div>\n\t\t<\/div>\n\t\t\t\t\t<\/div>\n\t\t<\/section>\n\t\t\t\t<section class=\"elementor-section elementor-top-section elementor-element elementor-element-8901853 elementor-section-boxed elementor-section-height-default elementor-section-height-default\" data-id=\"8901853\" data-element_type=\"section\" data-e-type=\"section\">\n\t\t\t\t\t\t<div class=\"elementor-container elementor-column-gap-default\">\n\t\t\t\t\t<div class=\"elementor-column elementor-col-50 elementor-top-column elementor-element elementor-element-4e255e7\" data-id=\"4e255e7\" data-element_type=\"column\" data-e-type=\"column\">\n\t\t\t<div class=\"elementor-widget-wrap elementor-element-populated\">\n\t\t\t\t\t\t<div class=\"elementor-element elementor-element-1cff494 elementor-position-top elementor-widget elementor-widget-image-box\" data-id=\"1cff494\" data-element_type=\"widget\" data-e-type=\"widget\" data-widget_type=\"image-box.default\">\n\t\t\t\t<div class=\"elementor-widget-container\">\n\t\t\t\t\t<div class=\"elementor-image-box-wrapper\"><figure class=\"elementor-image-box-img\"><img fetchpriority=\"high\" decoding=\"async\" width=\"205\" height=\"245\" src=\"https:\/\/asic-chile.cl\/sm\/wp-content\/uploads\/sites\/24\/2025\/12\/Victor_grimblatt-1.jpg\" class=\"attachment-full size-full wp-image-2211\" alt=\"\" \/><\/figure><div class=\"elementor-image-box-content\"><h3 class=\"elementor-image-box-title\">Victor Grimblatt<\/h3><\/div><\/div>\t\t\t\t<\/div>\n\t\t\t\t<\/div>\n\t\t\t\t\t<\/div>\n\t\t<\/div>\n\t\t\t\t<div class=\"elementor-column elementor-col-50 elementor-top-column elementor-element elementor-element-91c27f3\" data-id=\"91c27f3\" data-element_type=\"column\" data-e-type=\"column\">\n\t\t\t<div class=\"elementor-widget-wrap elementor-element-populated\">\n\t\t\t\t\t\t<div class=\"elementor-element elementor-element-2bc93bf elementor-widget elementor-widget-text-editor\" data-id=\"2bc93bf\" data-element_type=\"widget\" data-e-type=\"widget\" data-widget_type=\"text-editor.default\">\n\t\t\t\t<div class=\"elementor-widget-container\">\n\t\t\t\t\t\t\t\t\t<p>Victor Grimblatt has an engineering diploma in microelectronics from Institut Nationale Polytechnique de Grenoble (INPG \u2013 France) and an electronic engineering diploma from Universidad Tecnica Federico Santa Maria (Chile). He is doing his PhD on IoT for Smart Agriculture at IMS lab, University of Bordeaux. He is currently R&amp;D Group Director and General Manager of Synopsys Chile. He has expertise and knowledge in business and technology and understands very well the trends of the electronic industry; therefore, he is often consulted for new technological business development. He has published several papers in IoT, EDA and embedded systems development, and since 2007 he has been invited to several Latin American Conferences (Argentina, Brazil, Chile, Mexico, Peru and Uruguay) to talk about Circuit Design, EDA, IoT, and Embedded Systems. Since 2012 he is chair of the IEEE Chilean chapter of the CASS. He is also the President of the Chilean Electronic and Electrical Industry Association (AIE). He has been part of several conferences TCP (ISCAS, ICECS, LASCAS) and is chairing the EDA and Circuit design Sub-Committee for ICECS. He is also Program Co-Chair of FoodCAS. Since 2018 he is Chair of LASCAS Steering Committee.<\/p>\t\t\t\t\t\t\t\t<\/div>\n\t\t\t\t<\/div>\n\t\t\t\t\t<\/div>\n\t\t<\/div>\n\t\t\t\t\t<\/div>\n\t\t<\/section>\n\t\t\t\t<section class=\"elementor-section elementor-top-section elementor-element elementor-element-f1df0e6 elementor-section-boxed elementor-section-height-default elementor-section-height-default\" data-id=\"f1df0e6\" data-element_type=\"section\" data-e-type=\"section\">\n\t\t\t\t\t\t<div class=\"elementor-container elementor-column-gap-default\">\n\t\t\t\t\t<div class=\"elementor-column elementor-col-100 elementor-top-column elementor-element elementor-element-68005cc\" data-id=\"68005cc\" data-element_type=\"column\" data-e-type=\"column\">\n\t\t\t<div class=\"elementor-widget-wrap elementor-element-populated\">\n\t\t\t\t\t\t<div class=\"elementor-element elementor-element-32683d5 elementor-widget elementor-widget-spacer\" data-id=\"32683d5\" data-element_type=\"widget\" data-e-type=\"widget\" data-widget_type=\"spacer.default\">\n\t\t\t\t<div class=\"elementor-widget-container\">\n\t\t\t\t\t\t\t<div class=\"elementor-spacer\">\n\t\t\t<div class=\"elementor-spacer-inner\"><\/div>\n\t\t<\/div>\n\t\t\t\t\t\t<\/div>\n\t\t\t\t<\/div>\n\t\t\t\t\t<\/div>\n\t\t<\/div>\n\t\t\t\t\t<\/div>\n\t\t<\/section>\n\t\t\t\t<section class=\"elementor-section elementor-top-section elementor-element elementor-element-ce2c713 elementor-section-boxed elementor-section-height-default elementor-section-height-default\" data-id=\"ce2c713\" data-element_type=\"section\" data-e-type=\"section\" id=\"martinez\">\n\t\t\t\t\t\t<div class=\"elementor-container elementor-column-gap-default\">\n\t\t\t\t\t<div class=\"elementor-column elementor-col-50 elementor-top-column elementor-element elementor-element-ccd9594\" data-id=\"ccd9594\" data-element_type=\"column\" data-e-type=\"column\">\n\t\t\t<div class=\"elementor-widget-wrap elementor-element-populated\">\n\t\t\t\t\t\t<div class=\"elementor-element elementor-element-131f927 elementor-position-top elementor-widget elementor-widget-image-box\" data-id=\"131f927\" data-element_type=\"widget\" data-e-type=\"widget\" data-widget_type=\"image-box.default\">\n\t\t\t\t<div class=\"elementor-widget-container\">\n\t\t\t\t\t<div class=\"elementor-image-box-wrapper\"><figure class=\"elementor-image-box-img\"><img decoding=\"async\" width=\"1673\" height=\"2000\" src=\"https:\/\/asic-chile.cl\/sm\/wp-content\/uploads\/sites\/24\/2026\/01\/Juan-orellana.png\" class=\"attachment-full size-full wp-image-2265\" alt=\"\" srcset=\"https:\/\/asic-chile.cl\/sm\/wp-content\/uploads\/sites\/24\/2026\/01\/Juan-orellana.png 1673w, https:\/\/asic-chile.cl\/sm\/wp-content\/uploads\/sites\/24\/2026\/01\/Juan-orellana-251x300.png 251w, https:\/\/asic-chile.cl\/sm\/wp-content\/uploads\/sites\/24\/2026\/01\/Juan-orellana-857x1024.png 857w, https:\/\/asic-chile.cl\/sm\/wp-content\/uploads\/sites\/24\/2026\/01\/Juan-orellana-768x918.png 768w, https:\/\/asic-chile.cl\/sm\/wp-content\/uploads\/sites\/24\/2026\/01\/Juan-orellana-1285x1536.png 1285w\" sizes=\"(max-width: 1673px) 100vw, 1673px\" \/><\/figure><div class=\"elementor-image-box-content\"><h3 class=\"elementor-image-box-title\">Juan Orellana<\/h3><\/div><\/div>\t\t\t\t<\/div>\n\t\t\t\t<\/div>\n\t\t\t\t\t<\/div>\n\t\t<\/div>\n\t\t\t\t<div class=\"elementor-column elementor-col-50 elementor-top-column elementor-element elementor-element-36430bb\" data-id=\"36430bb\" data-element_type=\"column\" data-e-type=\"column\">\n\t\t\t<div class=\"elementor-widget-wrap elementor-element-populated\">\n\t\t\t\t\t\t<div class=\"elementor-element elementor-element-82a6170 elementor-widget elementor-widget-text-editor\" data-id=\"82a6170\" data-element_type=\"widget\" data-e-type=\"widget\" data-widget_type=\"text-editor.default\">\n\t\t\t\t<div class=\"elementor-widget-container\">\n\t\t\t\t\t\t\t\t\t<p><span class=\"TextRun SCXW184105737 BCX4\" lang=\"EN-US\" xml:lang=\"EN-US\" data-contrast=\"auto\"><span class=\"NormalTextRun SCXW184105737 BCX4\">Juan Orellana is an Automation Engineer graduated from Universidad del Bio-Bio in Concepcion Chile,\u00a0 with experience in synthesis, place-and-route testing.\u00a0 He joined Synopsys in 2018 as Product Validation member, currently is a technical leader of the team, providing costumer support running weekly regressions in Fusion Compiler tool.<\/span><\/span><\/p>\t\t\t\t\t\t\t\t<\/div>\n\t\t\t\t<\/div>\n\t\t\t\t\t<\/div>\n\t\t<\/div>\n\t\t\t\t\t<\/div>\n\t\t<\/section>\n\t\t\t\t<section class=\"elementor-section elementor-top-section elementor-element elementor-element-9d3116f elementor-section-boxed elementor-section-height-default elementor-section-height-default\" data-id=\"9d3116f\" data-element_type=\"section\" data-e-type=\"section\">\n\t\t\t\t\t\t<div class=\"elementor-container elementor-column-gap-default\">\n\t\t\t\t\t<div class=\"elementor-column elementor-col-100 elementor-top-column elementor-element elementor-element-093645a\" data-id=\"093645a\" data-element_type=\"column\" data-e-type=\"column\">\n\t\t\t<div class=\"elementor-widget-wrap elementor-element-populated\">\n\t\t\t\t\t\t<div class=\"elementor-element elementor-element-8634402 elementor-widget elementor-widget-spacer\" data-id=\"8634402\" data-element_type=\"widget\" data-e-type=\"widget\" data-widget_type=\"spacer.default\">\n\t\t\t\t<div class=\"elementor-widget-container\">\n\t\t\t\t\t\t\t<div class=\"elementor-spacer\">\n\t\t\t<div class=\"elementor-spacer-inner\"><\/div>\n\t\t<\/div>\n\t\t\t\t\t\t<\/div>\n\t\t\t\t<\/div>\n\t\t\t\t\t<\/div>\n\t\t<\/div>\n\t\t\t\t\t<\/div>\n\t\t<\/section>\n\t\t\t\t<section class=\"elementor-section elementor-top-section elementor-element elementor-element-e065c3c elementor-section-boxed elementor-section-height-default elementor-section-height-default\" data-id=\"e065c3c\" data-element_type=\"section\" data-e-type=\"section\">\n\t\t\t\t\t\t<div class=\"elementor-container elementor-column-gap-default\">\n\t\t\t\t\t<div class=\"elementor-column elementor-col-50 elementor-top-column elementor-element elementor-element-c6252bb\" data-id=\"c6252bb\" data-element_type=\"column\" data-e-type=\"column\">\n\t\t\t<div class=\"elementor-widget-wrap elementor-element-populated\">\n\t\t\t\t\t\t<div class=\"elementor-element elementor-element-ad4fc71 elementor-position-top elementor-widget elementor-widget-image-box\" data-id=\"ad4fc71\" data-element_type=\"widget\" data-e-type=\"widget\" data-widget_type=\"image-box.default\">\n\t\t\t\t<div class=\"elementor-widget-container\">\n\t\t\t\t\t<div class=\"elementor-image-box-wrapper\"><figure class=\"elementor-image-box-img\"><img decoding=\"async\" width=\"205\" height=\"245\" src=\"https:\/\/asic-chile.cl\/sm\/wp-content\/uploads\/sites\/24\/2024\/04\/Ronaldo-Serrano.jpg\" class=\"attachment-full size-full wp-image-1504\" alt=\"\" \/><\/figure><div class=\"elementor-image-box-content\"><h3 class=\"elementor-image-box-title\">Ronaldo Serrano<\/h3><\/div><\/div>\t\t\t\t<\/div>\n\t\t\t\t<\/div>\n\t\t\t\t\t<\/div>\n\t\t<\/div>\n\t\t\t\t<div class=\"elementor-column elementor-col-50 elementor-top-column elementor-element elementor-element-6e1e6c0\" data-id=\"6e1e6c0\" data-element_type=\"column\" data-e-type=\"column\">\n\t\t\t<div class=\"elementor-widget-wrap elementor-element-populated\">\n\t\t\t\t\t\t<div class=\"elementor-element elementor-element-0578e58 elementor-widget elementor-widget-text-editor\" data-id=\"0578e58\" data-element_type=\"widget\" data-e-type=\"widget\" data-widget_type=\"text-editor.default\">\n\t\t\t\t<div class=\"elementor-widget-container\">\n\t\t\t\t\t\t\t\t\t<div>Ronaldo Serrano received the B.Sc. degree in electronics from the Universidad Industrial de Santander (UIS) (Bucaramanga, Colombia) in 2020. Besides, a Ph.D. degree in electronics from the University of Electro-Communications (UEC) (Tokyo, Japan) in 2023. He was a Research Assistant in a collaboration between UEC, and the National Institute of Advanced Industrial Science and Technology (AIST) focused on hardware for security in Trusted Execution Environments (TEE) based on RISC-V processors from 2020 to 2022. Since 2022, he has been working at Synopsys, providing support and validation in the RTL to GDS process using the fusion compiler tool. He has published several papers related to hardware for security and low-power System on a Chip (SoC). In addition, he serves as an active reviewer in multiple journals like IEEE Access, IEEE Transactions on Circuits and Systems I\/II and IEEE Transactions on Very Large-Scale Integration (VLSI) systems.<\/div><div>\u00a0<\/div>\t\t\t\t\t\t\t\t<\/div>\n\t\t\t\t<\/div>\n\t\t\t\t\t<\/div>\n\t\t<\/div>\n\t\t\t\t\t<\/div>\n\t\t<\/section>\n\t\t\t\t<section class=\"elementor-section elementor-top-section elementor-element elementor-element-2668b39 elementor-section-boxed elementor-section-height-default elementor-section-height-default\" data-id=\"2668b39\" data-element_type=\"section\" data-e-type=\"section\">\n\t\t\t\t\t\t<div class=\"elementor-container elementor-column-gap-default\">\n\t\t\t\t\t<div class=\"elementor-column elementor-col-100 elementor-top-column elementor-element elementor-element-c50d612\" data-id=\"c50d612\" data-element_type=\"column\" data-e-type=\"column\">\n\t\t\t<div class=\"elementor-widget-wrap elementor-element-populated\">\n\t\t\t\t\t\t<div class=\"elementor-element elementor-element-1617ade elementor-widget elementor-widget-spacer\" data-id=\"1617ade\" data-element_type=\"widget\" data-e-type=\"widget\" data-widget_type=\"spacer.default\">\n\t\t\t\t<div class=\"elementor-widget-container\">\n\t\t\t\t\t\t\t<div class=\"elementor-spacer\">\n\t\t\t<div class=\"elementor-spacer-inner\"><\/div>\n\t\t<\/div>\n\t\t\t\t\t\t<\/div>\n\t\t\t\t<\/div>\n\t\t\t\t\t<\/div>\n\t\t<\/div>\n\t\t\t\t\t<\/div>\n\t\t<\/section>\n\t\t\t\t<\/div>\n\t\t","protected":false},"excerpt":{"rendered":"<p>Lecturers January 19th \u2013 23rd, 2026 | 9:00 AM \u2013 6:00 PM daily Salas PC01 y PC02, edificio P, Universidad T\u00e9cnica Federico Santa Mar\u00eda Los Placeres 466, Valpara\u00edso Victor Grimblatt Victor Grimblatt has an engineering diploma in microelectronics from Institut Nationale Polytechnique de Grenoble (INPG \u2013 France) and an electronic engineering diploma from Universidad Tecnica [&hellip;]<\/p>\n","protected":false},"author":2,"featured_media":0,"parent":0,"menu_order":0,"comment_status":"closed","ping_status":"closed","template":"elementor_header_footer","meta":{"_acf_changed":false,"footnotes":""},"class_list":["post-493","page","type-page","status-publish","hentry"],"acf":[],"yoast_head":"<!-- This site is optimized with the Yoast SEO plugin v27.1.1 - https:\/\/yoast.com\/product\/yoast-seo-wordpress\/ -->\n<title>Lecturers - courses<\/title>\n<meta name=\"robots\" content=\"index, follow, max-snippet:-1, max-image-preview:large, max-video-preview:-1\" \/>\n<link rel=\"canonical\" href=\"https:\/\/asic-chile.cl\/sm\/lecturers\/\" \/>\n<meta property=\"og:locale\" content=\"es_ES\" \/>\n<meta property=\"og:type\" content=\"article\" \/>\n<meta property=\"og:title\" content=\"Lecturers - courses\" \/>\n<meta property=\"og:description\" content=\"Lecturers January 19th \u2013 23rd, 2026 | 9:00 AM \u2013 6:00 PM daily Salas PC01 y PC02, edificio P, Universidad T\u00e9cnica Federico Santa Mar\u00eda Los Placeres 466, Valpara\u00edso Victor Grimblatt Victor Grimblatt has an engineering diploma in microelectronics from Institut Nationale Polytechnique de Grenoble (INPG \u2013 France) and an electronic engineering diploma from Universidad Tecnica [&hellip;]\" \/>\n<meta property=\"og:url\" content=\"https:\/\/asic-chile.cl\/sm\/lecturers\/\" \/>\n<meta property=\"og:site_name\" content=\"courses\" \/>\n<meta property=\"article:modified_time\" content=\"2026-01-16T20:26:33+00:00\" \/>\n<meta property=\"og:image\" content=\"https:\/\/asic-chile.cl\/sm\/wp-content\/uploads\/sites\/24\/2025\/12\/Victor_grimblatt-1.jpg\" \/>\n\t<meta property=\"og:image:width\" content=\"205\" \/>\n\t<meta property=\"og:image:height\" content=\"245\" \/>\n\t<meta property=\"og:image:type\" content=\"image\/jpeg\" \/>\n<meta name=\"twitter:card\" content=\"summary_large_image\" \/>\n<meta name=\"twitter:label1\" content=\"Tiempo de lectura\" \/>\n\t<meta name=\"twitter:data1\" content=\"3 minutos\" \/>\n<script type=\"application\/ld+json\" class=\"yoast-schema-graph\">{\"@context\":\"https:\/\/schema.org\",\"@graph\":[{\"@type\":\"WebPage\",\"@id\":\"https:\/\/asic-chile.cl\/sm\/lecturers\/\",\"url\":\"https:\/\/asic-chile.cl\/sm\/lecturers\/\",\"name\":\"Lecturers - courses\",\"isPartOf\":{\"@id\":\"https:\/\/asic-chile.cl\/sm\/#website\"},\"primaryImageOfPage\":{\"@id\":\"https:\/\/asic-chile.cl\/sm\/lecturers\/#primaryimage\"},\"image\":{\"@id\":\"https:\/\/asic-chile.cl\/sm\/lecturers\/#primaryimage\"},\"thumbnailUrl\":\"https:\/\/asic-chile.cl\/sm\/wp-content\/uploads\/sites\/24\/2025\/12\/Victor_grimblatt-1.jpg\",\"datePublished\":\"2022-11-04T19:29:58+00:00\",\"dateModified\":\"2026-01-16T20:26:33+00:00\",\"breadcrumb\":{\"@id\":\"https:\/\/asic-chile.cl\/sm\/lecturers\/#breadcrumb\"},\"inLanguage\":\"es\",\"potentialAction\":[{\"@type\":\"ReadAction\",\"target\":[\"https:\/\/asic-chile.cl\/sm\/lecturers\/\"]}]},{\"@type\":\"ImageObject\",\"inLanguage\":\"es\",\"@id\":\"https:\/\/asic-chile.cl\/sm\/lecturers\/#primaryimage\",\"url\":\"https:\/\/asic-chile.cl\/sm\/wp-content\/uploads\/sites\/24\/2025\/12\/Victor_grimblatt-1.jpg\",\"contentUrl\":\"https:\/\/asic-chile.cl\/sm\/wp-content\/uploads\/sites\/24\/2025\/12\/Victor_grimblatt-1.jpg\",\"width\":205,\"height\":245},{\"@type\":\"BreadcrumbList\",\"@id\":\"https:\/\/asic-chile.cl\/sm\/lecturers\/#breadcrumb\",\"itemListElement\":[{\"@type\":\"ListItem\",\"position\":1,\"name\":\"Portada\",\"item\":\"https:\/\/asic-chile.cl\/sm\/\"},{\"@type\":\"ListItem\",\"position\":2,\"name\":\"Lecturers\"}]},{\"@type\":\"WebSite\",\"@id\":\"https:\/\/asic-chile.cl\/sm\/#website\",\"url\":\"https:\/\/asic-chile.cl\/sm\/\",\"name\":\"courses\",\"description\":\"\",\"potentialAction\":[{\"@type\":\"SearchAction\",\"target\":{\"@type\":\"EntryPoint\",\"urlTemplate\":\"https:\/\/asic-chile.cl\/sm\/?s={search_term_string}\"},\"query-input\":{\"@type\":\"PropertyValueSpecification\",\"valueRequired\":true,\"valueName\":\"search_term_string\"}}],\"inLanguage\":\"es\"}]}<\/script>\n<!-- \/ Yoast SEO plugin. -->","yoast_head_json":{"title":"Lecturers - courses","robots":{"index":"index","follow":"follow","max-snippet":"max-snippet:-1","max-image-preview":"max-image-preview:large","max-video-preview":"max-video-preview:-1"},"canonical":"https:\/\/asic-chile.cl\/sm\/lecturers\/","og_locale":"es_ES","og_type":"article","og_title":"Lecturers - courses","og_description":"Lecturers January 19th \u2013 23rd, 2026 | 9:00 AM \u2013 6:00 PM daily Salas PC01 y PC02, edificio P, Universidad T\u00e9cnica Federico Santa Mar\u00eda Los Placeres 466, Valpara\u00edso Victor Grimblatt Victor Grimblatt has an engineering diploma in microelectronics from Institut Nationale Polytechnique de Grenoble (INPG \u2013 France) and an electronic engineering diploma from Universidad Tecnica [&hellip;]","og_url":"https:\/\/asic-chile.cl\/sm\/lecturers\/","og_site_name":"courses","article_modified_time":"2026-01-16T20:26:33+00:00","og_image":[{"width":205,"height":245,"url":"https:\/\/asic-chile.cl\/sm\/wp-content\/uploads\/sites\/24\/2025\/12\/Victor_grimblatt-1.jpg","type":"image\/jpeg"}],"twitter_card":"summary_large_image","twitter_misc":{"Tiempo de lectura":"3 minutos"},"schema":{"@context":"https:\/\/schema.org","@graph":[{"@type":"WebPage","@id":"https:\/\/asic-chile.cl\/sm\/lecturers\/","url":"https:\/\/asic-chile.cl\/sm\/lecturers\/","name":"Lecturers - courses","isPartOf":{"@id":"https:\/\/asic-chile.cl\/sm\/#website"},"primaryImageOfPage":{"@id":"https:\/\/asic-chile.cl\/sm\/lecturers\/#primaryimage"},"image":{"@id":"https:\/\/asic-chile.cl\/sm\/lecturers\/#primaryimage"},"thumbnailUrl":"https:\/\/asic-chile.cl\/sm\/wp-content\/uploads\/sites\/24\/2025\/12\/Victor_grimblatt-1.jpg","datePublished":"2022-11-04T19:29:58+00:00","dateModified":"2026-01-16T20:26:33+00:00","breadcrumb":{"@id":"https:\/\/asic-chile.cl\/sm\/lecturers\/#breadcrumb"},"inLanguage":"es","potentialAction":[{"@type":"ReadAction","target":["https:\/\/asic-chile.cl\/sm\/lecturers\/"]}]},{"@type":"ImageObject","inLanguage":"es","@id":"https:\/\/asic-chile.cl\/sm\/lecturers\/#primaryimage","url":"https:\/\/asic-chile.cl\/sm\/wp-content\/uploads\/sites\/24\/2025\/12\/Victor_grimblatt-1.jpg","contentUrl":"https:\/\/asic-chile.cl\/sm\/wp-content\/uploads\/sites\/24\/2025\/12\/Victor_grimblatt-1.jpg","width":205,"height":245},{"@type":"BreadcrumbList","@id":"https:\/\/asic-chile.cl\/sm\/lecturers\/#breadcrumb","itemListElement":[{"@type":"ListItem","position":1,"name":"Portada","item":"https:\/\/asic-chile.cl\/sm\/"},{"@type":"ListItem","position":2,"name":"Lecturers"}]},{"@type":"WebSite","@id":"https:\/\/asic-chile.cl\/sm\/#website","url":"https:\/\/asic-chile.cl\/sm\/","name":"courses","description":"","potentialAction":[{"@type":"SearchAction","target":{"@type":"EntryPoint","urlTemplate":"https:\/\/asic-chile.cl\/sm\/?s={search_term_string}"},"query-input":{"@type":"PropertyValueSpecification","valueRequired":true,"valueName":"search_term_string"}}],"inLanguage":"es"}]}},"_links":{"self":[{"href":"https:\/\/asic-chile.cl\/sm\/wp-json\/wp\/v2\/pages\/493","targetHints":{"allow":["GET"]}}],"collection":[{"href":"https:\/\/asic-chile.cl\/sm\/wp-json\/wp\/v2\/pages"}],"about":[{"href":"https:\/\/asic-chile.cl\/sm\/wp-json\/wp\/v2\/types\/page"}],"author":[{"embeddable":true,"href":"https:\/\/asic-chile.cl\/sm\/wp-json\/wp\/v2\/users\/2"}],"replies":[{"embeddable":true,"href":"https:\/\/asic-chile.cl\/sm\/wp-json\/wp\/v2\/comments?post=493"}],"version-history":[{"count":15,"href":"https:\/\/asic-chile.cl\/sm\/wp-json\/wp\/v2\/pages\/493\/revisions"}],"predecessor-version":[{"id":2271,"href":"https:\/\/asic-chile.cl\/sm\/wp-json\/wp\/v2\/pages\/493\/revisions\/2271"}],"wp:attachment":[{"href":"https:\/\/asic-chile.cl\/sm\/wp-json\/wp\/v2\/media?parent=493"}],"curies":[{"name":"wp","href":"https:\/\/api.w.org\/{rel}","templated":true}]}}