{"id":493,"date":"2022-11-04T19:29:58","date_gmt":"2022-11-04T19:29:58","guid":{"rendered":"https:\/\/asic-chile.cl\/icbootcampubb25\/?page_id=493"},"modified":"2025-12-16T15:16:56","modified_gmt":"2025-12-16T15:16:56","slug":"lecturers","status":"publish","type":"page","link":"https:\/\/asic-chile.cl\/icbootcampubb25\/lecturers\/","title":{"rendered":"Lecturers"},"content":{"rendered":"\t\t<div data-elementor-type=\"wp-page\" data-elementor-id=\"493\" class=\"elementor elementor-493\">\n\t\t\t\t\t\t<section class=\"elementor-section elementor-top-section elementor-element elementor-element-6f269c3 elementor-section-boxed elementor-section-height-default elementor-section-height-default\" data-id=\"6f269c3\" data-element_type=\"section\" data-e-type=\"section\" data-settings=\"{&quot;background_background&quot;:&quot;classic&quot;}\">\n\t\t\t\t\t\t\t<div class=\"elementor-background-overlay\"><\/div>\n\t\t\t\t\t\t\t<div class=\"elementor-container elementor-column-gap-no\">\n\t\t\t\t\t<div class=\"elementor-column elementor-col-100 elementor-top-column elementor-element elementor-element-644e7d02\" data-id=\"644e7d02\" data-element_type=\"column\" data-e-type=\"column\">\n\t\t\t<div class=\"elementor-widget-wrap elementor-element-populated\">\n\t\t\t\t\t\t<div class=\"elementor-element elementor-element-d4feecc elementor-widget elementor-widget-spacer\" data-id=\"d4feecc\" data-element_type=\"widget\" data-e-type=\"widget\" data-widget_type=\"spacer.default\">\n\t\t\t\t<div class=\"elementor-widget-container\">\n\t\t\t\t\t\t\t<div class=\"elementor-spacer\">\n\t\t\t<div class=\"elementor-spacer-inner\"><\/div>\n\t\t<\/div>\n\t\t\t\t\t\t<\/div>\n\t\t\t\t<\/div>\n\t\t\t\t<div class=\"elementor-element elementor-element-3a5157b9 elementor-widget elementor-widget-heading\" data-id=\"3a5157b9\" data-element_type=\"widget\" data-e-type=\"widget\" data-widget_type=\"heading.default\">\n\t\t\t\t<div class=\"elementor-widget-container\">\n\t\t\t\t\t<h1 class=\"elementor-heading-title elementor-size-default\">Lecturers<\/h1>\t\t\t\t<\/div>\n\t\t\t\t<\/div>\n\t\t\t\t<div class=\"elementor-element elementor-element-1e957eb3 elementor-invisible elementor-widget elementor-widget-text-editor\" data-id=\"1e957eb3\" data-element_type=\"widget\" data-e-type=\"widget\" data-settings=\"{&quot;_animation&quot;:&quot;fadeIn&quot;}\" data-widget_type=\"text-editor.default\">\n\t\t\t\t<div class=\"elementor-widget-container\">\n\t\t\t\t\t\t\t\t\t<p class=\"p2\"><span class=\"s1\">March 24th \u2013 <\/span><span class=\"s1\">March 28th, 2025<br \/><\/span><span class=\"s1\">Every day from 9 am to 7 pm<br \/><\/span><span class=\"s1\">Universidad del B\u00edo-B\u00edo, Concepci\u00f3n<\/span><\/p>\t\t\t\t\t\t\t\t<\/div>\n\t\t\t\t<\/div>\n\t\t\t\t<div class=\"elementor-element elementor-element-705f5be elementor-widget elementor-widget-spacer\" data-id=\"705f5be\" data-element_type=\"widget\" data-e-type=\"widget\" data-widget_type=\"spacer.default\">\n\t\t\t\t<div class=\"elementor-widget-container\">\n\t\t\t\t\t\t\t<div class=\"elementor-spacer\">\n\t\t\t<div class=\"elementor-spacer-inner\"><\/div>\n\t\t<\/div>\n\t\t\t\t\t\t<\/div>\n\t\t\t\t<\/div>\n\t\t\t\t\t<\/div>\n\t\t<\/div>\n\t\t\t\t\t<\/div>\n\t\t<\/section>\n\t\t\t\t<section class=\"elementor-section elementor-top-section elementor-element elementor-element-7fd67958 elementor-section-boxed elementor-section-height-default elementor-section-height-default\" data-id=\"7fd67958\" data-element_type=\"section\" data-e-type=\"section\">\n\t\t\t\t\t\t<div class=\"elementor-container elementor-column-gap-default\">\n\t\t\t\t\t<div class=\"elementor-column elementor-col-100 elementor-top-column elementor-element elementor-element-4db6ff8b\" data-id=\"4db6ff8b\" data-element_type=\"column\" data-e-type=\"column\">\n\t\t\t<div class=\"elementor-widget-wrap elementor-element-populated\">\n\t\t\t\t\t\t<div class=\"elementor-element elementor-element-118c0598 elementor-widget elementor-widget-spacer\" data-id=\"118c0598\" data-element_type=\"widget\" data-e-type=\"widget\" data-widget_type=\"spacer.default\">\n\t\t\t\t<div class=\"elementor-widget-container\">\n\t\t\t\t\t\t\t<div class=\"elementor-spacer\">\n\t\t\t<div class=\"elementor-spacer-inner\"><\/div>\n\t\t<\/div>\n\t\t\t\t\t\t<\/div>\n\t\t\t\t<\/div>\n\t\t\t\t\t<\/div>\n\t\t<\/div>\n\t\t\t\t\t<\/div>\n\t\t<\/section>\n\t\t\t\t<section class=\"elementor-section elementor-top-section elementor-element elementor-element-f6bbd9b elementor-section-boxed elementor-section-height-default elementor-section-height-default\" data-id=\"f6bbd9b\" data-element_type=\"section\" data-e-type=\"section\">\n\t\t\t\t\t\t<div class=\"elementor-container elementor-column-gap-default\">\n\t\t\t\t\t<div class=\"elementor-column elementor-col-50 elementor-top-column elementor-element elementor-element-78d8a5a1\" data-id=\"78d8a5a1\" data-element_type=\"column\" data-e-type=\"column\">\n\t\t\t<div class=\"elementor-widget-wrap elementor-element-populated\">\n\t\t\t\t\t\t<div class=\"elementor-element elementor-element-169f04f elementor-position-top elementor-widget elementor-widget-image-box\" data-id=\"169f04f\" data-element_type=\"widget\" data-e-type=\"widget\" data-widget_type=\"image-box.default\">\n\t\t\t\t<div class=\"elementor-widget-container\">\n\t\t\t\t\t<div class=\"elementor-image-box-wrapper\"><figure class=\"elementor-image-box-img\"><img fetchpriority=\"high\" decoding=\"async\" width=\"486\" height=\"692\" src=\"https:\/\/asic-chile.cl\/icbootcampubb25\/wp-content\/uploads\/sites\/11\/2025\/03\/Juan-Romero.png\" class=\"attachment-full size-full wp-image-1267\" alt=\"\" srcset=\"https:\/\/asic-chile.cl\/icbootcampubb25\/wp-content\/uploads\/sites\/11\/2025\/03\/Juan-Romero.png 486w, https:\/\/asic-chile.cl\/icbootcampubb25\/wp-content\/uploads\/sites\/11\/2025\/03\/Juan-Romero-211x300.png 211w\" sizes=\"(max-width: 486px) 100vw, 486px\" \/><\/figure><div class=\"elementor-image-box-content\"><h3 class=\"elementor-image-box-title\">Juan Romero<\/h3><\/div><\/div>\t\t\t\t<\/div>\n\t\t\t\t<\/div>\n\t\t\t\t\t<\/div>\n\t\t<\/div>\n\t\t\t\t<div class=\"elementor-column elementor-col-50 elementor-top-column elementor-element elementor-element-3c49f801\" data-id=\"3c49f801\" data-element_type=\"column\" data-e-type=\"column\">\n\t\t\t<div class=\"elementor-widget-wrap elementor-element-populated\">\n\t\t\t\t\t\t<div class=\"elementor-element elementor-element-36a73a93 elementor-widget elementor-widget-text-editor\" data-id=\"36a73a93\" data-element_type=\"widget\" data-e-type=\"widget\" data-widget_type=\"text-editor.default\">\n\t\t\t\t<div class=\"elementor-widget-container\">\n\t\t\t\t\t\t\t\t\t<p><span data-contrast=\"auto\">Juan Romero is an Electronic Engineer from the Industrial University of Santander-UIS (Bucaramanga, Colombia) with a master&#8217;s degree in electronic engineering from the same educational institution. Juan started working as a professor, and then jumped to work with Synopsys to be part of the Customer Success Group (CSG) around +2 years ago. He is the Verification Team Lead at CCSG, with background RTL, SoC network communication and functional verification.<\/span><span data-ccp-props=\"{}\">\u00a0<\/span><\/p><p><span data-ccp-props=\"{}\">\u00a0<\/span><span data-contrast=\"auto\">At Synopsys, Juan has been involved in helping the client when they have a problem related to the VCS and Verdi tools, both tools used during the functional verification process. The tasks he commonly faces are, providing information about the tools when required, ensuring that the problems that the client detects related to VCS and Verdi are resolved, helping during the process of migrating the design to a new version of the tool, and improving the performance at runtime and build time in the verification flow stage.<\/span><span data-ccp-props=\"{}\">\u00a0<\/span><\/p>\t\t\t\t\t\t\t\t<\/div>\n\t\t\t\t<\/div>\n\t\t\t\t\t<\/div>\n\t\t<\/div>\n\t\t\t\t\t<\/div>\n\t\t<\/section>\n\t\t\t\t<section class=\"elementor-section elementor-top-section elementor-element elementor-element-699c4c44 elementor-section-boxed elementor-section-height-default elementor-section-height-default\" data-id=\"699c4c44\" data-element_type=\"section\" data-e-type=\"section\">\n\t\t\t\t\t\t<div class=\"elementor-container elementor-column-gap-default\">\n\t\t\t\t\t<div class=\"elementor-column elementor-col-100 elementor-top-column elementor-element elementor-element-6221cb75\" data-id=\"6221cb75\" data-element_type=\"column\" data-e-type=\"column\">\n\t\t\t<div class=\"elementor-widget-wrap elementor-element-populated\">\n\t\t\t\t\t\t<div class=\"elementor-element elementor-element-6420c4e0 elementor-widget elementor-widget-spacer\" data-id=\"6420c4e0\" data-element_type=\"widget\" data-e-type=\"widget\" data-widget_type=\"spacer.default\">\n\t\t\t\t<div class=\"elementor-widget-container\">\n\t\t\t\t\t\t\t<div class=\"elementor-spacer\">\n\t\t\t<div class=\"elementor-spacer-inner\"><\/div>\n\t\t<\/div>\n\t\t\t\t\t\t<\/div>\n\t\t\t\t<\/div>\n\t\t\t\t\t<\/div>\n\t\t<\/div>\n\t\t\t\t\t<\/div>\n\t\t<\/section>\n\t\t\t\t<section class=\"elementor-section elementor-top-section elementor-element elementor-element-380e5414 elementor-section-boxed elementor-section-height-default elementor-section-height-default\" data-id=\"380e5414\" data-element_type=\"section\" data-e-type=\"section\">\n\t\t\t\t\t\t<div class=\"elementor-container elementor-column-gap-default\">\n\t\t\t\t\t<div class=\"elementor-column elementor-col-50 elementor-top-column elementor-element elementor-element-6d8bad46\" data-id=\"6d8bad46\" data-element_type=\"column\" data-e-type=\"column\">\n\t\t\t<div class=\"elementor-widget-wrap elementor-element-populated\">\n\t\t\t\t\t\t<div class=\"elementor-element elementor-element-d0177cd elementor-position-top elementor-widget elementor-widget-image-box\" data-id=\"d0177cd\" data-element_type=\"widget\" data-e-type=\"widget\" data-widget_type=\"image-box.default\">\n\t\t\t\t<div class=\"elementor-widget-container\">\n\t\t\t\t\t<div class=\"elementor-image-box-wrapper\"><figure class=\"elementor-image-box-img\"><img decoding=\"async\" width=\"205\" height=\"245\" src=\"https:\/\/asic-chile.cl\/icbootcampubb25\/wp-content\/uploads\/sites\/11\/2022\/12\/Ronald-Valenzuela.jpg\" class=\"attachment-full size-full wp-image-923\" alt=\"\" \/><\/figure><div class=\"elementor-image-box-content\"><h3 class=\"elementor-image-box-title\">Ronald Valenzuela<\/h3><\/div><\/div>\t\t\t\t<\/div>\n\t\t\t\t<\/div>\n\t\t\t\t\t<\/div>\n\t\t<\/div>\n\t\t\t\t<div class=\"elementor-column elementor-col-50 elementor-top-column elementor-element elementor-element-1d47ad33\" data-id=\"1d47ad33\" data-element_type=\"column\" data-e-type=\"column\">\n\t\t\t<div class=\"elementor-widget-wrap elementor-element-populated\">\n\t\t\t\t\t\t<div class=\"elementor-element elementor-element-7c1d9407 elementor-widget elementor-widget-text-editor\" data-id=\"7c1d9407\" data-element_type=\"widget\" data-e-type=\"widget\" data-widget_type=\"text-editor.default\">\n\t\t\t\t<div class=\"elementor-widget-container\">\n\t\t\t\t\t\t\t\t\t<p>Ronald Valenzuela currently manages a team of Product Engineers (PE) at Synopsys. With his team, they provide support on Power Optimization and Power Analysis\u202fcapabilities of Synthesis and Place &amp; Route tools. As PEs, they engage with customers to enable methodologies and, also contribute to planning and testing of the tools. Ronald has 10 years of experience in EDA Industry, he is Electronics Engineer of Universidad de Concepci\u00f3n and has a certification on Integrated Circuit design from Stanford University, CA<\/p>\t\t\t\t\t\t\t\t<\/div>\n\t\t\t\t<\/div>\n\t\t\t\t\t<\/div>\n\t\t<\/div>\n\t\t\t\t\t<\/div>\n\t\t<\/section>\n\t\t\t\t<section class=\"elementor-section elementor-top-section elementor-element elementor-element-3b0b5777 elementor-section-boxed elementor-section-height-default elementor-section-height-default\" data-id=\"3b0b5777\" data-element_type=\"section\" data-e-type=\"section\">\n\t\t\t\t\t\t<div class=\"elementor-container elementor-column-gap-default\">\n\t\t\t\t\t<div class=\"elementor-column elementor-col-100 elementor-top-column elementor-element elementor-element-b3b3444\" data-id=\"b3b3444\" data-element_type=\"column\" data-e-type=\"column\">\n\t\t\t<div class=\"elementor-widget-wrap elementor-element-populated\">\n\t\t\t\t\t\t<div class=\"elementor-element elementor-element-76e028d9 elementor-widget elementor-widget-spacer\" data-id=\"76e028d9\" data-element_type=\"widget\" data-e-type=\"widget\" data-widget_type=\"spacer.default\">\n\t\t\t\t<div class=\"elementor-widget-container\">\n\t\t\t\t\t\t\t<div class=\"elementor-spacer\">\n\t\t\t<div class=\"elementor-spacer-inner\"><\/div>\n\t\t<\/div>\n\t\t\t\t\t\t<\/div>\n\t\t\t\t<\/div>\n\t\t\t\t\t<\/div>\n\t\t<\/div>\n\t\t\t\t\t<\/div>\n\t\t<\/section>\n\t\t\t\t<section class=\"elementor-section elementor-top-section elementor-element elementor-element-6c61b19c elementor-section-boxed elementor-section-height-default elementor-section-height-default\" data-id=\"6c61b19c\" data-element_type=\"section\" data-e-type=\"section\">\n\t\t\t\t\t\t<div class=\"elementor-container elementor-column-gap-default\">\n\t\t\t\t\t<div class=\"elementor-column elementor-col-50 elementor-top-column elementor-element elementor-element-2d8c3e48\" data-id=\"2d8c3e48\" data-element_type=\"column\" data-e-type=\"column\">\n\t\t\t<div class=\"elementor-widget-wrap elementor-element-populated\">\n\t\t\t\t\t\t<div class=\"elementor-element elementor-element-dc315a3 elementor-position-top elementor-widget elementor-widget-image-box\" data-id=\"dc315a3\" data-element_type=\"widget\" data-e-type=\"widget\" data-widget_type=\"image-box.default\">\n\t\t\t\t<div class=\"elementor-widget-container\">\n\t\t\t\t\t<div class=\"elementor-image-box-wrapper\"><figure class=\"elementor-image-box-img\"><img decoding=\"async\" width=\"205\" height=\"245\" src=\"https:\/\/asic-chile.cl\/icbootcampubb25\/wp-content\/uploads\/sites\/11\/2022\/12\/Esteban-Viveros-1.jpg\" class=\"attachment-full size-full wp-image-924\" alt=\"\" \/><\/figure><div class=\"elementor-image-box-content\"><h3 class=\"elementor-image-box-title\">Esteban Viveros<\/h3><\/div><\/div>\t\t\t\t<\/div>\n\t\t\t\t<\/div>\n\t\t\t\t\t<\/div>\n\t\t<\/div>\n\t\t\t\t<div class=\"elementor-column elementor-col-50 elementor-top-column elementor-element elementor-element-6627c9ef\" data-id=\"6627c9ef\" data-element_type=\"column\" data-e-type=\"column\">\n\t\t\t<div class=\"elementor-widget-wrap elementor-element-populated\">\n\t\t\t\t\t\t<div class=\"elementor-element elementor-element-5b81e581 elementor-widget elementor-widget-text-editor\" data-id=\"5b81e581\" data-element_type=\"widget\" data-e-type=\"widget\" data-widget_type=\"text-editor.default\">\n\t\t\t\t<div class=\"elementor-widget-container\">\n\t\t\t\t\t\t\t\t\t<p>Esteban Viveros is an Electronic Engineer from Universidad de Concepci\u00f3n (Concepcion, Chile).<br \/>He started to work at Synopsys on December 2013 as Quality Engineer and now he is R&amp;D Manager of a team in Chile Site.<br \/>The PV team is part of the Digital Design Group (DDG) and works on the \u00abProduct Validation\u00bb of the Synopsys tools used for RTL Synthesis, Test, Physical Implementation (Place and Route), Formal Verification and Sign-off.<br \/>His team is responsible of the quality of the tools focusing on the stability, performance, usability and QoR (Quality of Results).<br \/>The team interacts daily with colleagues and internal\/external customers in different parts of the world (mainly US, China and Taiwan).<br \/>Besides that, Esteban actively collaborates on the university training activities dictated by Synopsys Chile.<\/p>\t\t\t\t\t\t\t\t<\/div>\n\t\t\t\t<\/div>\n\t\t\t\t\t<\/div>\n\t\t<\/div>\n\t\t\t\t\t<\/div>\n\t\t<\/section>\n\t\t\t\t<section class=\"elementor-section elementor-top-section elementor-element elementor-element-568f47d4 elementor-section-boxed elementor-section-height-default elementor-section-height-default\" data-id=\"568f47d4\" data-element_type=\"section\" data-e-type=\"section\">\n\t\t\t\t\t\t<div class=\"elementor-container elementor-column-gap-default\">\n\t\t\t\t\t<div class=\"elementor-column elementor-col-100 elementor-top-column elementor-element elementor-element-39e73680\" data-id=\"39e73680\" data-element_type=\"column\" data-e-type=\"column\">\n\t\t\t<div class=\"elementor-widget-wrap elementor-element-populated\">\n\t\t\t\t\t\t<div class=\"elementor-element elementor-element-28ddc48 elementor-widget elementor-widget-spacer\" data-id=\"28ddc48\" data-element_type=\"widget\" data-e-type=\"widget\" data-widget_type=\"spacer.default\">\n\t\t\t\t<div class=\"elementor-widget-container\">\n\t\t\t\t\t\t\t<div class=\"elementor-spacer\">\n\t\t\t<div class=\"elementor-spacer-inner\"><\/div>\n\t\t<\/div>\n\t\t\t\t\t\t<\/div>\n\t\t\t\t<\/div>\n\t\t\t\t\t<\/div>\n\t\t<\/div>\n\t\t\t\t\t<\/div>\n\t\t<\/section>\n\t\t\t\t<\/div>\n\t\t","protected":false},"excerpt":{"rendered":"<p>Lecturers March 24th \u2013 March 28th, 2025Every day from 9 am to 7 pmUniversidad del B\u00edo-B\u00edo, Concepci\u00f3n Juan Romero Juan Romero is an Electronic Engineer from the Industrial University of Santander-UIS (Bucaramanga, Colombia) with a master&#8217;s degree in electronic engineering from the same educational institution. Juan started working as a professor, and then jumped to [&hellip;]<\/p>\n","protected":false},"author":2,"featured_media":0,"parent":0,"menu_order":0,"comment_status":"closed","ping_status":"closed","template":"elementor_header_footer","meta":{"_acf_changed":false,"footnotes":""},"class_list":["post-493","page","type-page","status-publish","hentry"],"acf":[],"yoast_head":"<!-- This site is optimized with the Yoast SEO plugin v27.1.1 - https:\/\/yoast.com\/product\/yoast-seo-wordpress\/ -->\n<title>Lecturers - courses<\/title>\n<meta name=\"robots\" content=\"index, follow, max-snippet:-1, max-image-preview:large, max-video-preview:-1\" \/>\n<link rel=\"canonical\" href=\"https:\/\/asic-chile.cl\/icbootcampubb25\/lecturers\/\" \/>\n<meta property=\"og:locale\" content=\"es_ES\" \/>\n<meta property=\"og:type\" content=\"article\" \/>\n<meta property=\"og:title\" content=\"Lecturers - courses\" \/>\n<meta property=\"og:description\" content=\"Lecturers March 24th \u2013 March 28th, 2025Every day from 9 am to 7 pmUniversidad del B\u00edo-B\u00edo, Concepci\u00f3n Juan Romero Juan Romero is an Electronic Engineer from the Industrial University of Santander-UIS (Bucaramanga, Colombia) with a master&#8217;s degree in electronic engineering from the same educational institution. Juan started working as a professor, and then jumped to [&hellip;]\" \/>\n<meta property=\"og:url\" content=\"https:\/\/asic-chile.cl\/icbootcampubb25\/lecturers\/\" \/>\n<meta property=\"og:site_name\" content=\"courses\" \/>\n<meta property=\"article:modified_time\" content=\"2025-12-16T15:16:56+00:00\" \/>\n<meta property=\"og:image\" content=\"https:\/\/asic-chile.cl\/icbootcampubb25\/wp-content\/uploads\/sites\/11\/2025\/03\/Juan-Romero.png\" \/>\n<meta name=\"twitter:card\" content=\"summary_large_image\" \/>\n<meta name=\"twitter:label1\" content=\"Tiempo de lectura\" \/>\n\t<meta name=\"twitter:data1\" content=\"3 minutos\" \/>\n<script type=\"application\/ld+json\" class=\"yoast-schema-graph\">{\"@context\":\"https:\/\/schema.org\",\"@graph\":[{\"@type\":\"WebPage\",\"@id\":\"https:\/\/asic-chile.cl\/icbootcampubb25\/lecturers\/\",\"url\":\"https:\/\/asic-chile.cl\/icbootcampubb25\/lecturers\/\",\"name\":\"Lecturers - courses\",\"isPartOf\":{\"@id\":\"https:\/\/asic-chile.cl\/icbootcampubb25\/#website\"},\"primaryImageOfPage\":{\"@id\":\"https:\/\/asic-chile.cl\/icbootcampubb25\/lecturers\/#primaryimage\"},\"image\":{\"@id\":\"https:\/\/asic-chile.cl\/icbootcampubb25\/lecturers\/#primaryimage\"},\"thumbnailUrl\":\"https:\/\/asic-chile.cl\/icbootcampubb25\/wp-content\/uploads\/sites\/11\/2025\/03\/Juan-Romero.png\",\"datePublished\":\"2022-11-04T19:29:58+00:00\",\"dateModified\":\"2025-12-16T15:16:56+00:00\",\"breadcrumb\":{\"@id\":\"https:\/\/asic-chile.cl\/icbootcampubb25\/lecturers\/#breadcrumb\"},\"inLanguage\":\"es\",\"potentialAction\":[{\"@type\":\"ReadAction\",\"target\":[\"https:\/\/asic-chile.cl\/icbootcampubb25\/lecturers\/\"]}]},{\"@type\":\"ImageObject\",\"inLanguage\":\"es\",\"@id\":\"https:\/\/asic-chile.cl\/icbootcampubb25\/lecturers\/#primaryimage\",\"url\":\"https:\/\/asic-chile.cl\/icbootcampubb25\/wp-content\/uploads\/sites\/11\/2025\/03\/Juan-Romero.png\",\"contentUrl\":\"https:\/\/asic-chile.cl\/icbootcampubb25\/wp-content\/uploads\/sites\/11\/2025\/03\/Juan-Romero.png\",\"width\":486,\"height\":692},{\"@type\":\"BreadcrumbList\",\"@id\":\"https:\/\/asic-chile.cl\/icbootcampubb25\/lecturers\/#breadcrumb\",\"itemListElement\":[{\"@type\":\"ListItem\",\"position\":1,\"name\":\"Portada\",\"item\":\"https:\/\/asic-chile.cl\/icbootcampubb25\/\"},{\"@type\":\"ListItem\",\"position\":2,\"name\":\"Lecturers\"}]},{\"@type\":\"WebSite\",\"@id\":\"https:\/\/asic-chile.cl\/icbootcampubb25\/#website\",\"url\":\"https:\/\/asic-chile.cl\/icbootcampubb25\/\",\"name\":\"courses\",\"description\":\"\",\"potentialAction\":[{\"@type\":\"SearchAction\",\"target\":{\"@type\":\"EntryPoint\",\"urlTemplate\":\"https:\/\/asic-chile.cl\/icbootcampubb25\/?s={search_term_string}\"},\"query-input\":{\"@type\":\"PropertyValueSpecification\",\"valueRequired\":true,\"valueName\":\"search_term_string\"}}],\"inLanguage\":\"es\"}]}<\/script>\n<!-- \/ Yoast SEO plugin. -->","yoast_head_json":{"title":"Lecturers - courses","robots":{"index":"index","follow":"follow","max-snippet":"max-snippet:-1","max-image-preview":"max-image-preview:large","max-video-preview":"max-video-preview:-1"},"canonical":"https:\/\/asic-chile.cl\/icbootcampubb25\/lecturers\/","og_locale":"es_ES","og_type":"article","og_title":"Lecturers - courses","og_description":"Lecturers March 24th \u2013 March 28th, 2025Every day from 9 am to 7 pmUniversidad del B\u00edo-B\u00edo, Concepci\u00f3n Juan Romero Juan Romero is an Electronic Engineer from the Industrial University of Santander-UIS (Bucaramanga, Colombia) with a master&#8217;s degree in electronic engineering from the same educational institution. Juan started working as a professor, and then jumped to [&hellip;]","og_url":"https:\/\/asic-chile.cl\/icbootcampubb25\/lecturers\/","og_site_name":"courses","article_modified_time":"2025-12-16T15:16:56+00:00","og_image":[{"url":"https:\/\/asic-chile.cl\/icbootcampubb25\/wp-content\/uploads\/sites\/11\/2025\/03\/Juan-Romero.png","type":"","width":"","height":""}],"twitter_card":"summary_large_image","twitter_misc":{"Tiempo de lectura":"3 minutos"},"schema":{"@context":"https:\/\/schema.org","@graph":[{"@type":"WebPage","@id":"https:\/\/asic-chile.cl\/icbootcampubb25\/lecturers\/","url":"https:\/\/asic-chile.cl\/icbootcampubb25\/lecturers\/","name":"Lecturers - courses","isPartOf":{"@id":"https:\/\/asic-chile.cl\/icbootcampubb25\/#website"},"primaryImageOfPage":{"@id":"https:\/\/asic-chile.cl\/icbootcampubb25\/lecturers\/#primaryimage"},"image":{"@id":"https:\/\/asic-chile.cl\/icbootcampubb25\/lecturers\/#primaryimage"},"thumbnailUrl":"https:\/\/asic-chile.cl\/icbootcampubb25\/wp-content\/uploads\/sites\/11\/2025\/03\/Juan-Romero.png","datePublished":"2022-11-04T19:29:58+00:00","dateModified":"2025-12-16T15:16:56+00:00","breadcrumb":{"@id":"https:\/\/asic-chile.cl\/icbootcampubb25\/lecturers\/#breadcrumb"},"inLanguage":"es","potentialAction":[{"@type":"ReadAction","target":["https:\/\/asic-chile.cl\/icbootcampubb25\/lecturers\/"]}]},{"@type":"ImageObject","inLanguage":"es","@id":"https:\/\/asic-chile.cl\/icbootcampubb25\/lecturers\/#primaryimage","url":"https:\/\/asic-chile.cl\/icbootcampubb25\/wp-content\/uploads\/sites\/11\/2025\/03\/Juan-Romero.png","contentUrl":"https:\/\/asic-chile.cl\/icbootcampubb25\/wp-content\/uploads\/sites\/11\/2025\/03\/Juan-Romero.png","width":486,"height":692},{"@type":"BreadcrumbList","@id":"https:\/\/asic-chile.cl\/icbootcampubb25\/lecturers\/#breadcrumb","itemListElement":[{"@type":"ListItem","position":1,"name":"Portada","item":"https:\/\/asic-chile.cl\/icbootcampubb25\/"},{"@type":"ListItem","position":2,"name":"Lecturers"}]},{"@type":"WebSite","@id":"https:\/\/asic-chile.cl\/icbootcampubb25\/#website","url":"https:\/\/asic-chile.cl\/icbootcampubb25\/","name":"courses","description":"","potentialAction":[{"@type":"SearchAction","target":{"@type":"EntryPoint","urlTemplate":"https:\/\/asic-chile.cl\/icbootcampubb25\/?s={search_term_string}"},"query-input":{"@type":"PropertyValueSpecification","valueRequired":true,"valueName":"search_term_string"}}],"inLanguage":"es"}]}},"_links":{"self":[{"href":"https:\/\/asic-chile.cl\/icbootcampubb25\/wp-json\/wp\/v2\/pages\/493","targetHints":{"allow":["GET"]}}],"collection":[{"href":"https:\/\/asic-chile.cl\/icbootcampubb25\/wp-json\/wp\/v2\/pages"}],"about":[{"href":"https:\/\/asic-chile.cl\/icbootcampubb25\/wp-json\/wp\/v2\/types\/page"}],"author":[{"embeddable":true,"href":"https:\/\/asic-chile.cl\/icbootcampubb25\/wp-json\/wp\/v2\/users\/2"}],"replies":[{"embeddable":true,"href":"https:\/\/asic-chile.cl\/icbootcampubb25\/wp-json\/wp\/v2\/comments?post=493"}],"version-history":[{"count":3,"href":"https:\/\/asic-chile.cl\/icbootcampubb25\/wp-json\/wp\/v2\/pages\/493\/revisions"}],"predecessor-version":[{"id":1289,"href":"https:\/\/asic-chile.cl\/icbootcampubb25\/wp-json\/wp\/v2\/pages\/493\/revisions\/1289"}],"wp:attachment":[{"href":"https:\/\/asic-chile.cl\/icbootcampubb25\/wp-json\/wp\/v2\/media?parent=493"}],"curies":[{"name":"wp","href":"https:\/\/api.w.org\/{rel}","templated":true}]}}